{"id":165661,"date":"2022-05-23T11:09:46","date_gmt":"2022-05-23T11:09:46","guid":{"rendered":"https:\/\/erfuhome.com\/a-propos-de-nous\/"},"modified":"2026-02-18T02:54:08","modified_gmt":"2026-02-18T02:54:08","slug":"a-propos-de-nous","status":"publish","type":"page","link":"https:\/\/erfuhome.com\/fr\/a-propos-de-nous\/","title":{"rendered":"A propos de nous"},"content":{"rendered":"\t\t<div data-elementor-type=\"wp-page\" data-elementor-id=\"165661\" class=\"elementor elementor-165661 elementor-275\">\n\t\t\t\t<div class=\"wd-negative-gap elementor-element elementor-element-b9b6a90 e-flex e-con-boxed e-con e-parent\" data-id=\"b9b6a90\" data-element_type=\"container\" data-e-type=\"container\">\n\t\t\t\t\t<div class=\"e-con-inner\">\n\t\t<div class=\"elementor-element elementor-element-9cbcb1a e-con-full e-flex e-con e-child\" data-id=\"9cbcb1a\" data-element_type=\"container\" data-e-type=\"container\">\n\t\t\t\t<div class=\"elementor-element elementor-element-27806e0 wd-width-100 elementor-widget elementor-widget-wd_title\" data-id=\"27806e0\" data-element_type=\"widget\" data-e-type=\"widget\" data-widget_type=\"wd_title.default\">\n\t\t\t\t<div class=\"elementor-widget-container\">\n\t\t\t\t\t\t\t<div class=\"title-wrapper wd-set-mb reset-last-child wd-title-color-default wd-title-style-default wd-title-size-large text-left\">\n\n\t\t\t\n\t\t\t<div class=\"liner-continer\">\n\t\t\t\t<h4 class=\"woodmart-title-container title wd-fontsize-xxl\">Faites connaissance avec Erfuhome<\/h4> \n\t\t\t\t\t\t\t<\/div>\n\n\t\t\t\t\t<\/div>\n\t\t\t\t\t\t<\/div>\n\t\t\t\t<\/div>\n\t\t\t\t<div class=\"elementor-element elementor-element-bd2c400 elementor-widget elementor-widget-wd_text_block\" data-id=\"bd2c400\" data-element_type=\"widget\" data-e-type=\"widget\" data-widget_type=\"wd_text_block.default\">\n\t\t\t\t<div class=\"elementor-widget-container\">\n\t\t\t\t\t\t\t<div class=\"wd-text-block reset-last-child text-left\">\n\t\t\t\n\t\t\t<p>Erfuhome allie qualit\u00e9, confort et design moderne pour les espaces que vous utilisez tous les jours. Des meubles de salle de bains \u00e9l\u00e9gants aux syst\u00e8mes de WC durables et aux accessoires bien con\u00e7us, nous nous concentrons sur des solutions qui rendent votre maison plus agr\u00e9able d\u00e8s leur installation.<br>Et oui : la livraison gratuite \u00e0 partir de 500 euros d'achat et la garantie du prix le plus bas font partie de l'offre.<\/p><p>Nous ne travaillons qu'avec des fabricants de confiance et des mat\u00e9riaux fiables, de sorte que vous n'avez pas \u00e0 vous demander si ce que vous achetez va durer. Votre maison m\u00e9rite mieux qu'un \"assez bon\".<\/p><blockquote><p>Nous ne travaillons qu'avec des fabricants de confiance et des mat\u00e9riaux fiables, de sorte que vous n'avez pas \u00e0 vous demander si ce que vous achetez va durer. Votre maison m\u00e9rite mieux qu'un \"assez bon\".<\/p><\/blockquote>\n\t\t\t\t\t<\/div>\n\t\t\t\t\t\t<\/div>\n\t\t\t\t<\/div>\n\t\t\t\t<\/div>\n\t\t<div class=\"elementor-element elementor-element-3659915 e-con-full e-flex e-con e-child\" data-id=\"3659915\" data-element_type=\"container\" data-e-type=\"container\">\n\t\t\t\t<div class=\"elementor-element elementor-element-1031d4f elementor-widget elementor-widget-wd_image_or_svg\" data-id=\"1031d4f\" data-element_type=\"widget\" data-e-type=\"widget\" data-widget_type=\"wd_image_or_svg.default\">\n\t\t\t\t<div class=\"elementor-widget-container\">\n\t\t\t\t\t\n\t\t<div class=\"wd-image text-left\">\n\t\t\t\t\t\t\t\t<img decoding=\"async\" width=\"835\" height=\"431\" src=\"https:\/\/erfuhome.com\/wp-content\/uploads\/2025\/11\/banner-1_1.webp\" class=\"attachment-full size-full\" alt=\"\" srcset=\"https:\/\/erfuhome.com\/wp-content\/uploads\/2025\/11\/banner-1_1.webp 835w, https:\/\/erfuhome.com\/wp-content\/uploads\/2025\/11\/banner-1_1-300x155.webp 300w, https:\/\/erfuhome.com\/wp-content\/uploads\/2025\/11\/banner-1_1-768x396.webp 768w, https:\/\/erfuhome.com\/wp-content\/uploads\/2025\/11\/banner-1_1-150x77.webp 150w\" sizes=\"(max-width: 835px) 100vw, 835px\" \/>\t\t\t\t\t<\/div>\n\n\t\t\t\t\t\t<\/div>\n\t\t\t\t<\/div>\n\t\t\t\t<\/div>\n\t\t\t\t\t<\/div>\n\t\t\t\t<\/div>\n\t\t<div class=\"wd-negative-gap elementor-element elementor-element-7e2bb63 e-flex e-con-boxed e-con e-parent\" data-id=\"7e2bb63\" data-element_type=\"container\" data-e-type=\"container\">\n\t\t\t\t\t<div class=\"e-con-inner\">\n\t\t<div class=\"elementor-element elementor-element-52dbbb5 e-con-full e-flex e-con e-child\" data-id=\"52dbbb5\" data-element_type=\"container\" data-e-type=\"container\">\n\t\t\t\t<div class=\"elementor-element elementor-element-2b3bdf9 wd-width-100 elementor-widget elementor-widget-wd_title\" data-id=\"2b3bdf9\" data-element_type=\"widget\" data-e-type=\"widget\" data-widget_type=\"wd_title.default\">\n\t\t\t\t<div class=\"elementor-widget-container\">\n\t\t\t\t\t\t\t<div class=\"title-wrapper wd-set-mb reset-last-child wd-title-color-default wd-title-style-default wd-title-size-medium text-left\">\n\n\t\t\t\n\t\t\t<div class=\"liner-continer\">\n\t\t\t\t<h4 class=\"woodmart-title-container title wd-fontsize-xl\">Qui nous servons<\/h4> \n\t\t\t\t\t\t\t<\/div>\n\n\t\t\t\t\t<\/div>\n\t\t\t\t\t\t<\/div>\n\t\t\t\t<\/div>\n\t\t\t\t<div class=\"elementor-element elementor-element-b504e17 elementor-widget elementor-widget-wd_text_block\" data-id=\"b504e17\" data-element_type=\"widget\" data-e-type=\"widget\" data-widget_type=\"wd_text_block.default\">\n\t\t\t\t<div class=\"elementor-widget-container\">\n\t\t\t\t\t\t\t<div class=\"wd-text-block reset-last-child text-left\">\n\t\t\t\n\t\t\t<p class=\"p1\">Tous ceux qui veulent une salle de bains belle et fonctionnelle sans payer trop cher :<\/p><p class=\"p1\">Propri\u00e9taires rafra\u00eechissant une seule pi\u00e8ce, nouveaux acheteurs meublant une propri\u00e9t\u00e9 enti\u00e8re, propri\u00e9taires pr\u00e9parant des logements locatifs - si vous appr\u00e9ciez la fiabilit\u00e9 et le bon design, vous \u00eates au bon endroit.<\/p><p> <\/p>\n\t\t\t\t\t<\/div>\n\t\t\t\t\t\t<\/div>\n\t\t\t\t<\/div>\n\t\t\t\t<div class=\"elementor-element elementor-element-6f7ac0a wd-width-100 elementor-widget elementor-widget-wd_title\" data-id=\"6f7ac0a\" data-element_type=\"widget\" data-e-type=\"widget\" data-widget_type=\"wd_title.default\">\n\t\t\t\t<div class=\"elementor-widget-container\">\n\t\t\t\t\t\t\t<div class=\"title-wrapper wd-set-mb reset-last-child wd-title-color-default wd-title-style-default wd-title-size-medium text-left\">\n\n\t\t\t\n\t\t\t<div class=\"liner-continer\">\n\t\t\t\t<h4 class=\"woodmart-title-container title wd-fontsize-xl\">Notre vision<\/h4> \n\t\t\t\t\t\t\t<\/div>\n\n\t\t\t\t\t<\/div>\n\t\t\t\t\t\t<\/div>\n\t\t\t\t<\/div>\n\t\t\t\t<div class=\"elementor-element elementor-element-82c3625 elementor-widget elementor-widget-wd_text_block\" data-id=\"82c3625\" data-element_type=\"widget\" data-e-type=\"widget\" data-widget_type=\"wd_text_block.default\">\n\t\t\t\t<div class=\"elementor-widget-container\">\n\t\t\t\t\t\t\t<div class=\"wd-text-block reset-last-child text-left\">\n\t\t\t\n\t\t\t<p class=\"p1\">Erfuhome vise \u00e0 simplifier votre parcours de r\u00e9novation. Pas de stress, pas de confusion - juste des produits solides, des prix justes et une \u00e9quipe qui vous aide vraiment.<\/p><p class=\"p1\">La r\u00e9novation d'une salle de bains ou de toilettes ne doit pas vous sembler insurmontable, mais au contraire passionnante. Nous sommes l\u00e0 pour nous en assurer.<\/p>\n\t\t\t\t\t<\/div>\n\t\t\t\t\t\t<\/div>\n\t\t\t\t<\/div>\n\t\t\t\t<\/div>\n\t\t<div class=\"elementor-element elementor-element-e6479af e-con-full e-flex e-con e-child\" data-id=\"e6479af\" data-element_type=\"container\" data-e-type=\"container\">\n\t\t\t\t<div class=\"elementor-element elementor-element-f9cfa35 wd-width-100 elementor-widget elementor-widget-wd_title\" data-id=\"f9cfa35\" data-element_type=\"widget\" data-e-type=\"widget\" data-widget_type=\"wd_title.default\">\n\t\t\t\t<div class=\"elementor-widget-container\">\n\t\t\t\t\t\t\t<div class=\"title-wrapper wd-set-mb reset-last-child wd-title-color-default wd-title-style-default wd-title-size-medium text-left\">\n\n\t\t\t\n\t\t\t<div class=\"liner-continer\">\n\t\t\t\t<h4 class=\"woodmart-title-container title wd-fontsize-xl\">Ce que nous faisons<\/h4> \n\t\t\t\t\t\t\t<\/div>\n\n\t\t\t\t\t<\/div>\n\t\t\t\t\t\t<\/div>\n\t\t\t\t<\/div>\n\t\t\t\t<div class=\"elementor-element elementor-element-c0358fb elementor-widget elementor-widget-wd_text_block\" data-id=\"c0358fb\" data-element_type=\"widget\" data-e-type=\"widget\" data-widget_type=\"wd_text_block.default\">\n\t\t\t\t<div class=\"elementor-widget-container\">\n\t\t\t\t\t\t\t<div class=\"wd-text-block reset-last-child text-left\">\n\t\t\t\n\t\t\t<p>Nous proposons des solutions compl\u00e8tes pour la salle de bains et les WC, con\u00e7ues pour \u00eatre pratiques, \u00e9l\u00e9gantes et durables :<br>- Meubles de salle de bains, miroirs et ensembles complets<br>- Meubles de WC, plaques de chasse et cadres d'installation<br>- M\u00e9langeurs, douches et accessoires<br>- Chauffage et radiateurs s\u00e8che-serviettes<\/p><p>Chaque produit est s\u00e9lectionn\u00e9 dans un seul but : faciliter votre quotidien et donner \u00e0 votre espace un aspect propre et moderne.<\/p>\n\t\t\t\t\t<\/div>\n\t\t\t\t\t\t<\/div>\n\t\t\t\t<\/div>\n\t\t\t\t<\/div>\n\t\t\t\t\t<\/div>\n\t\t\t\t<\/div>\n\t\t\t\t<\/div>\n\t\t","protected":false},"excerpt":{"rendered":"<p>Faites connaissance avec Erfuhome Erfuhome allie qualit\u00e9, confort et design moderne pour les espaces que vous utilisez tous les jours.<\/p>\n","protected":false},"author":1,"featured_media":0,"parent":0,"menu_order":0,"comment_status":"closed","ping_status":"closed","template":"","meta":{"footnotes":""},"class_list":["post-165661","page","type-page","status-publish","hentry"],"_links":{"self":[{"href":"https:\/\/erfuhome.com\/fr\/wp-json\/wp\/v2\/pages\/165661","targetHints":{"allow":["GET"]}}],"collection":[{"href":"https:\/\/erfuhome.com\/fr\/wp-json\/wp\/v2\/pages"}],"about":[{"href":"https:\/\/erfuhome.com\/fr\/wp-json\/wp\/v2\/types\/page"}],"author":[{"embeddable":true,"href":"https:\/\/erfuhome.com\/fr\/wp-json\/wp\/v2\/users\/1"}],"replies":[{"embeddable":true,"href":"https:\/\/erfuhome.com\/fr\/wp-json\/wp\/v2\/comments?post=165661"}],"version-history":[{"count":1,"href":"https:\/\/erfuhome.com\/fr\/wp-json\/wp\/v2\/pages\/165661\/revisions"}],"predecessor-version":[{"id":165662,"href":"https:\/\/erfuhome.com\/fr\/wp-json\/wp\/v2\/pages\/165661\/revisions\/165662"}],"wp:attachment":[{"href":"https:\/\/erfuhome.com\/fr\/wp-json\/wp\/v2\/media?parent=165661"}],"curies":[{"name":"wp","href":"https:\/\/api.w.org\/{rel}","templated":true}]}}