{"id":30382,"date":"2022-05-23T11:10:53","date_gmt":"2022-05-23T11:10:53","guid":{"rendered":"https:\/\/erfuhome.com\/payment-and-delivery\/"},"modified":"2026-03-28T15:48:49","modified_gmt":"2026-03-28T15:48:49","slug":"payment-and-delivery","status":"publish","type":"page","link":"https:\/\/erfuhome.com\/fr\/payment-and-delivery\/","title":{"rendered":"Paiement et livraison"},"content":{"rendered":"\t\t<div data-elementor-type=\"wp-page\" data-elementor-id=\"30382\" class=\"elementor elementor-30382\">\n\t\t\t\t<div class=\"wd-negative-gap elementor-element elementor-element-0896253 e-flex e-con-boxed e-con e-parent\" data-id=\"0896253\" data-element_type=\"container\" data-e-type=\"container\">\n\t\t\t\t\t<div class=\"e-con-inner\">\n\t\t\t\t<div class=\"elementor-element elementor-element-9c58ddf wd-width-100 elementor-widget elementor-widget-wd_title\" data-id=\"9c58ddf\" data-element_type=\"widget\" data-e-type=\"widget\" data-widget_type=\"wd_title.default\">\n\t\t\t\t<div class=\"elementor-widget-container\">\n\t\t\t\t\t\t\t<div class=\"title-wrapper wd-set-mb reset-last-child wd-title-color-default wd-title-style-default wd-title-size-large text-left\">\n\n\t\t\t\n\t\t\t<div class=\"liner-continer\">\n\t\t\t\t<h4 class=\"woodmart-title-container title wd-fontsize-xxl\">Informations sur la livraison<\/h4> \n\t\t\t\t\t\t\t<\/div>\n\n\t\t\t\t\t<\/div>\n\t\t\t\t\t\t<\/div>\n\t\t\t\t<\/div>\n\t\t<div class=\"elementor-element elementor-element-016b99e e-con-full e-flex e-con e-child\" data-id=\"016b99e\" data-element_type=\"container\" data-e-type=\"container\">\n\t\t<div class=\"elementor-element elementor-element-46876db e-con-full e-flex e-con e-child\" data-id=\"46876db\" data-element_type=\"container\" data-e-type=\"container\">\n\t\t\t\t<div class=\"elementor-element elementor-element-b2220fe wd-width-100 elementor-widget elementor-widget-wd_title\" data-id=\"b2220fe\" data-element_type=\"widget\" data-e-type=\"widget\" data-widget_type=\"wd_title.default\">\n\t\t\t\t<div class=\"elementor-widget-container\">\n\t\t\t\t\t\t\t<div class=\"title-wrapper wd-set-mb reset-last-child wd-title-color-default wd-title-style-default wd-title-size-medium text-left\">\n\n\t\t\t\n\t\t\t<div class=\"liner-continer\">\n\t\t\t\t<h4 class=\"woodmart-title-container title wd-fontsize-xl\">Quand ma commande sera-t-elle exp\u00e9di\u00e9e ?<\/h4> \n\t\t\t\t\t\t\t<\/div>\n\n\t\t\t\t\t<\/div>\n\t\t\t\t\t\t<\/div>\n\t\t\t\t<\/div>\n\t\t\t\t<div class=\"elementor-element elementor-element-f7edee0 elementor-widget elementor-widget-wd_text_block\" data-id=\"f7edee0\" data-element_type=\"widget\" data-e-type=\"widget\" data-widget_type=\"wd_text_block.default\">\n\t\t\t\t<div class=\"elementor-widget-container\">\n\t\t\t\t\t\t\t<div class=\"wd-text-block reset-last-child text-left\">\n\t\t\t\n\t\t\t<p class=\"p1\">Nous exp\u00e9dions toutes les commandes sous 1 jour ouvr\u00e9.<\/p><p class=\"p1\">Dans de rares cas (volume \u00e9lev\u00e9 ou manipulation sp\u00e9ciale), l'exp\u00e9dition peut prendre jusqu'\u00e0 2 jours ouvr\u00e9s.<\/p><p class=\"p1\">D\u00e8s que votre commande quitte notre entrep\u00f4t, vous recevrez un lien de suivi par e-mail.<\/p>\n\t\t\t\t\t<\/div>\n\t\t\t\t\t\t<\/div>\n\t\t\t\t<\/div>\n\t\t\t\t<\/div>\n\t\t<div class=\"elementor-element elementor-element-e2d81d4 e-con-full e-flex e-con e-child\" data-id=\"e2d81d4\" data-element_type=\"container\" data-e-type=\"container\">\n\t\t\t\t<div class=\"elementor-element elementor-element-0516860 wd-width-100 elementor-widget elementor-widget-wd_title\" data-id=\"0516860\" data-element_type=\"widget\" data-e-type=\"widget\" data-widget_type=\"wd_title.default\">\n\t\t\t\t<div class=\"elementor-widget-container\">\n\t\t\t\t\t\t\t<div class=\"title-wrapper wd-set-mb reset-last-child wd-title-color-default wd-title-style-default wd-title-size-medium text-left\">\n\n\t\t\t\n\t\t\t<div class=\"liner-continer\">\n\t\t\t\t<h4 class=\"woodmart-title-container title wd-fontsize-xl\">Suivi (Tracking)<\/h4> \n\t\t\t\t\t\t\t<\/div>\n\n\t\t\t\t\t<\/div>\n\t\t\t\t\t\t<\/div>\n\t\t\t\t<\/div>\n\t\t\t\t<div class=\"elementor-element elementor-element-6a99195 elementor-widget elementor-widget-wd_text_block\" data-id=\"6a99195\" data-element_type=\"widget\" data-e-type=\"widget\" data-widget_type=\"wd_text_block.default\">\n\t\t\t\t<div class=\"elementor-widget-container\">\n\t\t\t\t\t\t\t<div class=\"wd-text-block reset-last-child text-left\">\n\t\t\t\n\t\t\t<p class=\"p1\">Chaque envoi b\u00e9n\u00e9ficie d'un suivi complet.<\/p><p class=\"p1\">D\u00e8s que votre commande est exp\u00e9di\u00e9e, vous recevez un lien de suivi afin de pouvoir suivre votre livraison en temps r\u00e9el.<\/p><p class=\"p1\">Vous saurez quand elle part, o\u00f9 elle se trouve et quand elle arrive.<\/p>\n\t\t\t\t\t<\/div>\n\t\t\t\t\t\t<\/div>\n\t\t\t\t<\/div>\n\t\t\t\t<\/div>\n\t\t\t\t<\/div>\n\t\t\t\t\t<\/div>\n\t\t\t\t<\/div>\n\t\t<div class=\"wd-negative-gap elementor-element elementor-element-217836e e-flex e-con-boxed e-con e-parent\" data-id=\"217836e\" data-element_type=\"container\" data-e-type=\"container\">\n\t\t\t\t\t<div class=\"e-con-inner\">\n\t\t\t\t<div class=\"elementor-element elementor-element-1bd359d elementor-widget elementor-widget-wd_image_or_svg\" data-id=\"1bd359d\" data-element_type=\"widget\" data-e-type=\"widget\" data-widget_type=\"wd_image_or_svg.default\">\n\t\t\t\t<div class=\"elementor-widget-container\">\n\t\t\t\t\t\n\t\t<div class=\"wd-image text-left\">\n\t\t\t\t\t\t\t\t<img decoding=\"async\" width=\"1440\" height=\"450\" src=\"https:\/\/erfuhome.com\/wp-content\/uploads\/2022\/05\/payment-and-delivery.jpg\" class=\"attachment-full size-full\" alt=\"\" srcset=\"https:\/\/erfuhome.com\/wp-content\/uploads\/2022\/05\/payment-and-delivery.jpg 1440w, https:\/\/erfuhome.com\/wp-content\/uploads\/2022\/05\/payment-and-delivery-150x47.jpg 150w, https:\/\/erfuhome.com\/wp-content\/uploads\/2022\/05\/payment-and-delivery-1200x375.jpg 1200w\" sizes=\"(max-width: 1440px) 100vw, 1440px\" \/>\t\t\t\t\t<\/div>\n\n\t\t\t\t\t\t<\/div>\n\t\t\t\t<\/div>\n\t\t\t\t\t<\/div>\n\t\t\t\t<\/div>\n\t\t<div class=\"wd-negative-gap elementor-element elementor-element-dd683ed e-flex e-con-boxed e-con e-parent\" data-id=\"dd683ed\" data-element_type=\"container\" data-e-type=\"container\">\n\t\t\t\t\t<div class=\"e-con-inner\">\n\t\t<div class=\"elementor-element elementor-element-181d896 e-con-full e-flex e-con e-child\" data-id=\"181d896\" data-element_type=\"container\" data-e-type=\"container\">\n\t\t\t\t<div class=\"elementor-element elementor-element-00cdb98 wd-width-100 elementor-widget elementor-widget-wd_title\" data-id=\"00cdb98\" data-element_type=\"widget\" data-e-type=\"widget\" data-widget_type=\"wd_title.default\">\n\t\t\t\t<div class=\"elementor-widget-container\">\n\t\t\t\t\t\t\t<div class=\"title-wrapper wd-set-mb reset-last-child wd-title-color-default wd-title-style-default wd-title-size-medium text-left\">\n\n\t\t\t\n\t\t\t<div class=\"liner-continer\">\n\t\t\t\t<h4 class=\"woodmart-title-container title wd-fontsize-xl\">D\u00e9lai de livraison<\/h4> \n\t\t\t\t\t\t\t<\/div>\n\n\t\t\t\t\t<\/div>\n\t\t\t\t\t\t<\/div>\n\t\t\t\t<\/div>\n\t\t\t\t<div class=\"elementor-element elementor-element-f172fbd elementor-widget elementor-widget-wd_text_block\" data-id=\"f172fbd\" data-element_type=\"widget\" data-e-type=\"widget\" data-widget_type=\"wd_text_block.default\">\n\t\t\t\t<div class=\"elementor-widget-container\">\n\t\t\t\t\t\t\t<div class=\"wd-text-block reset-last-child text-left\">\n\t\t\t\n\t\t\t<p data-path-to-node=\"4\">Nous sommes fiers de notre exp\u00e9dition rapide et fiable. Une fois votre commande trait\u00e9e et sortie de notre entrep\u00f4t, les d\u00e9lais de livraison estim\u00e9s sont les suivants : <\/p><ul data-path-to-node=\"5\"><li><p data-path-to-node=\"5,0,0\">Belgique &amp; Pays-Bas : Environ 2 jours ouvr\u00e9s.<\/p><\/li><li><p data-path-to-node=\"5,1,0\">Autres pays europ\u00e9ens : 3 \u00e0 5 jours ouvr\u00e9s, selon votre localisation exacte.<\/p><\/li><li><p data-path-to-node=\"5,2,0\">Articles lourds ou volumineux : Les meubles imposants ou les pi\u00e8ces fragiles n\u00e9cessitent un transport sp\u00e9cialis\u00e9. Ces livraisons personnalis\u00e9es arrivent g\u00e9n\u00e9ralement sous 5 \u00e0 7 jours ouvr\u00e9s. <\/p><\/li><\/ul><p data-path-to-node=\"6\"><i data-path-to-node=\"6\" data-index-in-node=\"0\">Veuillez noter : Toutes les commandes standard sont trait\u00e9es sous 1 \u00e0 2 jours ouvr\u00e9s. D\u00e8s que votre colis est exp\u00e9di\u00e9, vous recevrez un lien de suivi par e-mail afin de toujours savoir exactement o\u00f9 se trouve votre livraison. <\/i><\/p>\n\t\t\t\t\t<\/div>\n\t\t\t\t\t\t<\/div>\n\t\t\t\t<\/div>\n\t\t\t\t<\/div>\n\t\t<div class=\"elementor-element elementor-element-869be0e e-con-full e-flex e-con e-child\" data-id=\"869be0e\" data-element_type=\"container\" data-e-type=\"container\">\n\t\t\t\t<div class=\"elementor-element elementor-element-8a557bf wd-width-100 elementor-widget elementor-widget-wd_title\" data-id=\"8a557bf\" data-element_type=\"widget\" data-e-type=\"widget\" data-widget_type=\"wd_title.default\">\n\t\t\t\t<div class=\"elementor-widget-container\">\n\t\t\t\t\t\t\t<div class=\"title-wrapper wd-set-mb reset-last-child wd-title-color-default wd-title-style-default wd-title-size-medium text-left\">\n\n\t\t\t\n\t\t\t<div class=\"liner-continer\">\n\t\t\t\t<h4 class=\"woodmart-title-container title wd-fontsize-xl\">Articles lourds ou surdimensionn\u00e9s<\/h4> \n\t\t\t\t\t\t\t<\/div>\n\n\t\t\t\t\t<\/div>\n\t\t\t\t\t\t<\/div>\n\t\t\t\t<\/div>\n\t\t\t\t<div class=\"elementor-element elementor-element-a52d675 elementor-widget elementor-widget-wd_text_block\" data-id=\"a52d675\" data-element_type=\"widget\" data-e-type=\"widget\" data-widget_type=\"wd_text_block.default\">\n\t\t\t\t<div class=\"elementor-widget-container\">\n\t\t\t\t\t\t\t<div class=\"wd-text-block reset-last-child text-left\">\n\t\t\t\n\t\t\t<p class=\"p1\">Certains produits n\u00e9cessitent un transport sp\u00e9cial en raison de leur taille ou de leur poids (meubles, gros \u00e9quipements, articles fragiles).<\/p><p class=\"p1\">Ceux-ci sont exp\u00e9di\u00e9s via un service de livraison personnalis\u00e9 et les tarifs sont calcul\u00e9s s\u00e9par\u00e9ment lors du paiement ou confirm\u00e9s par notre \u00e9quipe.<\/p><p class=\"p1\">Nous ne cachons jamais cela dans les petits caract\u00e8res. Si un article n\u00e9cessite une manipulation sp\u00e9ciale, vous le saurez avant de payer. <\/p>\n\t\t\t\t\t<\/div>\n\t\t\t\t\t\t<\/div>\n\t\t\t\t<\/div>\n\t\t\t\t<\/div>\n\t\t\t\t\t<\/div>\n\t\t\t\t<\/div>\n\t\t\t\t<\/div>\n\t\t","protected":false},"excerpt":{"rendered":"<p>Informations sur la livraison Quand ma commande sera-t-elle exp\u00e9di\u00e9e ? Nous exp\u00e9dions toutes les commandes sous 1 jour ouvr\u00e9. Dans<\/p>\n","protected":false},"author":1,"featured_media":0,"parent":0,"menu_order":0,"comment_status":"closed","ping_status":"closed","template":"","meta":{"footnotes":""},"class_list":["post-30382","page","type-page","status-publish","hentry"],"_links":{"self":[{"href":"https:\/\/erfuhome.com\/fr\/wp-json\/wp\/v2\/pages\/30382","targetHints":{"allow":["GET"]}}],"collection":[{"href":"https:\/\/erfuhome.com\/fr\/wp-json\/wp\/v2\/pages"}],"about":[{"href":"https:\/\/erfuhome.com\/fr\/wp-json\/wp\/v2\/types\/page"}],"author":[{"embeddable":true,"href":"https:\/\/erfuhome.com\/fr\/wp-json\/wp\/v2\/users\/1"}],"replies":[{"embeddable":true,"href":"https:\/\/erfuhome.com\/fr\/wp-json\/wp\/v2\/comments?post=30382"}],"version-history":[{"count":8,"href":"https:\/\/erfuhome.com\/fr\/wp-json\/wp\/v2\/pages\/30382\/revisions"}],"predecessor-version":[{"id":206206,"href":"https:\/\/erfuhome.com\/fr\/wp-json\/wp\/v2\/pages\/30382\/revisions\/206206"}],"wp:attachment":[{"href":"https:\/\/erfuhome.com\/fr\/wp-json\/wp\/v2\/media?parent=30382"}],"curies":[{"name":"wp","href":"https:\/\/api.w.org\/{rel}","templated":true}]}}