{"id":117322,"date":"2025-12-21T20:15:07","date_gmt":"2025-12-21T20:15:07","guid":{"rendered":"https:\/\/erfuhome.com\/product\/teceloop-frontplaat-voor-wc-bedieningsplaat-glas-lichtbeige\/"},"modified":"2026-02-22T00:57:34","modified_gmt":"2026-02-22T00:57:34","slug":"teceloop-frontplaat-voor-wc-bedieningsplaat-glas-lichtbeige","status":"publish","type":"product","link":"https:\/\/erfuhome.com\/fr\/produit\/teceloop-frontplaat-voor-wc-bedieningsplaat-glas-lichtbeige\/","title":{"rendered":"Fa\u00e7ade Teceloop Pour Plaque De D\u00e9clenchement Wc, Verre Beige Clair"},"content":{"rendered":"<p style=\"margin-right: 0cm;margin-left: 0cm;font-size: medium;, serif;font-style: normal;font-weight: 400;letter-spacing: normal;text-align: start;text-indent: 0px;text-transform: none;white-space: normal;text-decoration: none\">Fa\u00e7ade pour plaques de d\u00e9clenchement TECEloop, d\u00e9clenchement frontal ou par le dessus, en association avec les boutons de d\u00e9clenchement de la gamme TECEloop.<\/p>\n<p style=\"margin-right: 0cm;margin-left: 0cm;font-size: medium;, serif;font-style: normal;font-weight: 400;letter-spacing: normal;text-align: start;text-indent: 0px;text-transform: none;white-space: normal;text-decoration: none\">Boutons de d\u00e9clenchement non compris dans le contenu de livraison.<\/p>\n<div class=\"product-downloads\" style=\"margin-top: 20px;border-top: 1px solid #eee;padding-top: 15px\">\n<h3>Downloads &amp; Documents<\/h3>\n<table class=\"wp-block-table is-style-stripes\">\n<tbody>\n<tr>\n<td><strong>teceloop<\/strong><\/td>\n<td><a href=\"https:\/\/www.versagroup.be\/fr\/mwdownloads\/e82d04ad010640d1a77e804632eae88d\" target=\"_blank\" rel=\"noopener\">Download PDF<\/a><\/td>\n<\/tr>\n<\/tbody>\n<\/table>\n<\/div>\n","protected":false},"excerpt":{"rendered":"<p>Fa\u00e7ade pour plaques de d\u00e9clenchement TECEloop, d\u00e9clenchement frontal ou par le dessus, en association avec les boutons de d\u00e9clenchement de<\/p>\n","protected":false},"featured_media":117321,"comment_status":"open","ping_status":"closed","template":"","meta":[],"product_brand":[11011],"product_cat":[9802,10604,10772],"product_tag":[],"class_list":{"0":"post-117322","1":"product","2":"type-product","3":"status-publish","4":"has-post-thumbnail","6":"product_brand-tece","7":"product_cat-panneaux-de-contrle","8":"product_cat-sanitaire","9":"product_cat-toilettes-fr","11":"first","12":"instock","13":"sale","14":"taxable","15":"shipping-taxable","16":"purchasable","17":"product-type-simple"},"_links":{"self":[{"href":"https:\/\/erfuhome.com\/fr\/wp-json\/wp\/v2\/product\/117322","targetHints":{"allow":["GET"]}}],"collection":[{"href":"https:\/\/erfuhome.com\/fr\/wp-json\/wp\/v2\/product"}],"about":[{"href":"https:\/\/erfuhome.com\/fr\/wp-json\/wp\/v2\/types\/product"}],"replies":[{"embeddable":true,"href":"https:\/\/erfuhome.com\/fr\/wp-json\/wp\/v2\/comments?post=117322"}],"version-history":[{"count":1,"href":"https:\/\/erfuhome.com\/fr\/wp-json\/wp\/v2\/product\/117322\/revisions"}],"predecessor-version":[{"id":204777,"href":"https:\/\/erfuhome.com\/fr\/wp-json\/wp\/v2\/product\/117322\/revisions\/204777"}],"wp:featuredmedia":[{"embeddable":true,"href":"https:\/\/erfuhome.com\/fr\/wp-json\/wp\/v2\/media\/117321"}],"wp:attachment":[{"href":"https:\/\/erfuhome.com\/fr\/wp-json\/wp\/v2\/media?parent=117322"}],"wp:term":[{"taxonomy":"product_brand","embeddable":true,"href":"https:\/\/erfuhome.com\/fr\/wp-json\/wp\/v2\/product_brand?post=117322"},{"taxonomy":"product_cat","embeddable":true,"href":"https:\/\/erfuhome.com\/fr\/wp-json\/wp\/v2\/product_cat?post=117322"},{"taxonomy":"product_tag","embeddable":true,"href":"https:\/\/erfuhome.com\/fr\/wp-json\/wp\/v2\/product_tag?post=117322"}],"curies":[{"name":"wp","href":"https:\/\/api.w.org\/{rel}","templated":true}]}}