{"id":117325,"date":"2025-12-21T20:27:06","date_gmt":"2025-12-21T20:27:06","guid":{"rendered":"https:\/\/erfuhome.com\/product\/teceloop-bedieningselement-voor-wc-bedieningsplaat-toetsen-mat-wit\/"},"modified":"2026-02-22T00:57:34","modified_gmt":"2026-02-22T00:57:34","slug":"teceloop-bedieningselement-voor-wc-bedieningsplaat-toetsen-mat-wit","status":"publish","type":"product","link":"https:\/\/erfuhome.com\/fr\/produit\/teceloop-bedieningselement-voor-wc-bedieningsplaat-toetsen-mat-wit\/","title":{"rendered":"Boutons Pour Plaque De D\u00e9clenchement Teceloop, Touches Blanc Mat"},"content":{"rendered":"<p style=\"margin-right: 0cm;margin-left: 0cm;font-size: medium;, serif;font-style: normal;font-weight: 400;letter-spacing: normal;text-align: start;text-indent: 0px;text-transform: none;white-space: normal;text-decoration: none\">Fa\u00e7ade pour plaques de d\u00e9clenchement TECEloop, d\u00e9clenchement frontal ou par le dessus, en association avec les boutons de d\u00e9clenchement de la gamme TECEloop.<\/p>\n<p style=\"margin-right: 0cm;margin-left: 0cm;font-size: medium;, serif;font-style: normal;font-weight: 400;letter-spacing: normal;text-align: start;text-indent: 0px;text-transform: none;white-space: normal;text-decoration: none\">Boutons de d\u00e9clenchement non compris dans le contenu de livraison.<\/p>\n<div class=\"product-downloads\" style=\"margin-top: 20px;border-top: 1px solid #eee;padding-top: 15px\">\n<h3>Downloads &amp; Documents<\/h3>\n<table class=\"wp-block-table is-style-stripes\">\n<tbody>\n<tr>\n<td><strong>TECEloop Glass-Modular Installation<\/strong><\/td>\n<td><a href=\"https:\/\/www.versagroup.be\/fr\/mwdownloads\/8aa289960f3a48698e8e1d6a5ee34875\" target=\"_blank\" rel=\"noopener\">Download PDF<\/a><\/td>\n<\/tr>\n<\/tbody>\n<\/table>\n<\/div>\n","protected":false},"excerpt":{"rendered":"<p>Fa\u00e7ade pour plaques de d\u00e9clenchement TECEloop, d\u00e9clenchement frontal ou par le dessus, en association avec les boutons de d\u00e9clenchement de<\/p>\n","protected":false},"featured_media":117323,"comment_status":"open","ping_status":"closed","template":"","meta":[],"product_brand":[11011],"product_cat":[9802,10604,10772],"product_tag":[],"class_list":{"0":"post-117325","1":"product","2":"type-product","3":"status-publish","4":"has-post-thumbnail","6":"product_brand-tece","7":"product_cat-panneaux-de-contrle","8":"product_cat-sanitaire","9":"product_cat-toilettes-fr","11":"first","12":"instock","13":"sale","14":"taxable","15":"shipping-taxable","16":"purchasable","17":"product-type-simple"},"_links":{"self":[{"href":"https:\/\/erfuhome.com\/fr\/wp-json\/wp\/v2\/product\/117325","targetHints":{"allow":["GET"]}}],"collection":[{"href":"https:\/\/erfuhome.com\/fr\/wp-json\/wp\/v2\/product"}],"about":[{"href":"https:\/\/erfuhome.com\/fr\/wp-json\/wp\/v2\/types\/product"}],"replies":[{"embeddable":true,"href":"https:\/\/erfuhome.com\/fr\/wp-json\/wp\/v2\/comments?post=117325"}],"version-history":[{"count":1,"href":"https:\/\/erfuhome.com\/fr\/wp-json\/wp\/v2\/product\/117325\/revisions"}],"predecessor-version":[{"id":204778,"href":"https:\/\/erfuhome.com\/fr\/wp-json\/wp\/v2\/product\/117325\/revisions\/204778"}],"wp:featuredmedia":[{"embeddable":true,"href":"https:\/\/erfuhome.com\/fr\/wp-json\/wp\/v2\/media\/117323"}],"wp:attachment":[{"href":"https:\/\/erfuhome.com\/fr\/wp-json\/wp\/v2\/media?parent=117325"}],"wp:term":[{"taxonomy":"product_brand","embeddable":true,"href":"https:\/\/erfuhome.com\/fr\/wp-json\/wp\/v2\/product_brand?post=117325"},{"taxonomy":"product_cat","embeddable":true,"href":"https:\/\/erfuhome.com\/fr\/wp-json\/wp\/v2\/product_cat?post=117325"},{"taxonomy":"product_tag","embeddable":true,"href":"https:\/\/erfuhome.com\/fr\/wp-json\/wp\/v2\/product_tag?post=117325"}],"curies":[{"name":"wp","href":"https:\/\/api.w.org\/{rel}","templated":true}]}}