{"id":117706,"date":"2025-12-21T20:39:31","date_gmt":"2025-12-21T20:39:31","guid":{"rendered":"https:\/\/erfuhome.com\/product\/tecesquare-urinoirbedieningsplaat-van-glas-incl-cartouche-glas-glanzend-wit-toets-glanzend-wit\/"},"modified":"2026-02-22T00:58:36","modified_gmt":"2026-02-22T00:58:36","slug":"tecesquare-urinoirbedieningsplaat-van-glas-incl-cartouche-glas-glanzend-wit-toets-glanzend-wit","status":"publish","type":"product","link":"https:\/\/erfuhome.com\/fr\/produit\/tecesquare-urinoirbedieningsplaat-van-glas-incl-cartouche-glas-glanzend-wit-toets-glanzend-wit\/","title":{"rendered":"Tecesquare Urinoirbedieningsplaat Van Glas Incl. Cartouche &#8211; Glas Glanzend Wit &#8211; Toets Glanzend Wit"},"content":{"rendered":"<p>\n  Kit de finition pour bo\u00eetier de vanne TECE U 1. Suitable for flush valve categories<br \/>\n  1.5 and 4 according to EN 12541, with an adjustable flush volume of 1, 2 or 4 litres.<br \/>\n  Usable from a minimum flow pressure of 0.5 bar.\n<\/p>\n<p><strong>Consisting of:<\/strong><\/p>\n<ul style=\"margin:8px 0 16px 22px;padding:0\">\n<li>Flush valve cartridge with automatic jet cleaning needle<\/li>\n<li>Flat glass plaque de commande<\/li>\n<li>Actuation rod and mounting material<\/li>\n<\/ul>\n<p>\n  Suitable for flush-mounted installation in combination with the urinal installation frame.\n<\/p>\n<p>\n  Dimensions (W \u00d7 H \u00d7 D): 104 \u00d7 124 \u00d7 11 mm\n<\/p>\n<p style=\"color:#6c757d;font-style:italic\">\n  * Urinal installation frame for flush-mounted installation (Item No. 9242647) not included in the scope of delivery.<\/p>\n","protected":false},"excerpt":{"rendered":"<p>Kit de finition pour bo\u00eetier de vanne TECE U 1. Suitable for flush valve categories 1.5 and 4 according to<\/p>\n","protected":false},"featured_media":117705,"comment_status":"open","ping_status":"closed","template":"","meta":[],"product_brand":[],"product_cat":[10604,10772,10790],"product_tag":[],"class_list":{"0":"post-117706","1":"product","2":"type-product","3":"status-publish","4":"has-post-thumbnail","6":"product_cat-sanitaire","7":"product_cat-toilettes-fr","8":"product_cat-urinoirs-fr","10":"first","11":"instock","12":"taxable","13":"shipping-taxable","14":"product-type-simple"},"_links":{"self":[{"href":"https:\/\/erfuhome.com\/fr\/wp-json\/wp\/v2\/product\/117706","targetHints":{"allow":["GET"]}}],"collection":[{"href":"https:\/\/erfuhome.com\/fr\/wp-json\/wp\/v2\/product"}],"about":[{"href":"https:\/\/erfuhome.com\/fr\/wp-json\/wp\/v2\/types\/product"}],"replies":[{"embeddable":true,"href":"https:\/\/erfuhome.com\/fr\/wp-json\/wp\/v2\/comments?post=117706"}],"version-history":[{"count":0,"href":"https:\/\/erfuhome.com\/fr\/wp-json\/wp\/v2\/product\/117706\/revisions"}],"wp:featuredmedia":[{"embeddable":true,"href":"https:\/\/erfuhome.com\/fr\/wp-json\/wp\/v2\/media\/117705"}],"wp:attachment":[{"href":"https:\/\/erfuhome.com\/fr\/wp-json\/wp\/v2\/media?parent=117706"}],"wp:term":[{"taxonomy":"product_brand","embeddable":true,"href":"https:\/\/erfuhome.com\/fr\/wp-json\/wp\/v2\/product_brand?post=117706"},{"taxonomy":"product_cat","embeddable":true,"href":"https:\/\/erfuhome.com\/fr\/wp-json\/wp\/v2\/product_cat?post=117706"},{"taxonomy":"product_tag","embeddable":true,"href":"https:\/\/erfuhome.com\/fr\/wp-json\/wp\/v2\/product_tag?post=117706"}],"curies":[{"name":"wp","href":"https:\/\/api.w.org\/{rel}","templated":true}]}}