{"id":117740,"date":"2025-12-21T20:41:41","date_gmt":"2025-12-21T20:41:41","guid":{"rendered":"https:\/\/erfuhome.com\/product\/teceprofil-wc-inbouwframe-met-uni-750-spoelkast-bouwhoogte-750-mm\/"},"modified":"2026-02-22T00:58:39","modified_gmt":"2026-02-22T00:58:39","slug":"teceprofil-wc-inbouwframe-met-uni-750-spoelkast-bouwhoogte-750-mm","status":"publish","type":"product","link":"https:\/\/erfuhome.com\/fr\/produit\/teceprofil-wc-inbouwframe-met-uni-750-spoelkast-bouwhoogte-750-mm\/","title":{"rendered":"Teceprofil Wc-Inbouwframe Met Uni 750-Spoelkast &#8211; Bouwhoogte 750 Mm"},"content":{"rendered":"<p>\n  Toilet module including <strong>\u201ceasy fit\u201d<\/strong> plaque de commande assembly. Suitable for<br \/>\n  fitting to TECEprofil section tubes or for installation in metal or wooden stud-and-beam<br \/>\n  walls, as well as for pre-wall or corner installation. Also suitable for single block<br \/>\n  assembly.\n<\/p>\n<p><strong>Uni 750 cistern for actuation from above:<\/strong><\/p>\n<ul style=\"margin:8px 0 16px 22px;padding:0\">\n<li>Safety tank made of impact-resistant plastic, tested according to EN 14055<\/li>\n<li>R\u00e9servoir enti\u00e8rement pr\u00e9-assembl\u00e9 and sealed<\/li>\n<li>Raccordement du r\u00e9servoir avec filetage ext\u00e9rieur R 1\/2&Prime; on the side, compatible with quick adapters<\/li>\n<li>\n    8-litre tank volume; 6-litre pre-set standard flush volume; 4.5-litre flush volume<br \/>\n    adjustable at any time; 3-litre partial flush volume for dual flush; residual volume<br \/>\n    available for immediate cleaning flush\n  <\/li>\n<li>Insulated against condensation water<\/li>\n<li>Compatible with TECE plaque de commandes and toilet flush handle<\/li>\n<li>Can be used as a single-flush or dual-flush cistern<\/li>\n<li>\u201cEasy fit\u201d plaque de commande mounting<\/li>\n<li>Installation tunnel for service opening, can be shortened without tools<\/li>\n<li>Low-noise hydraulic filling valve, acoustic group 1 according to DIN 4109<\/li>\n<\/ul>\n<p><strong>Module frame:<\/strong><\/p>\n<ul style=\"margin:8px 0 16px 22px;padding:0\">\n<li>Self-supporting, powder-coated frame<\/li>\n<li>Two M 12 retaining bolts and nuts<\/li>\n<li>Toilet drain bend DN 90, including joint adapter DN 90\/100 made of PP<\/li>\n<li>Joint adapter also suitable for horizontal installation<\/li>\n<li>Toilet connection set DN 90<\/li>\n<li>WC connection box including bare-wall protection with junction box<\/li>\n<\/ul>\n<div class=\"product-downloads\" style=\"margin-top: 20px;border-top: 1px solid #eee;padding-top: 15px\">\n<h3>Downloads &amp; Documents<\/h3>\n<table class=\"wp-block-table is-style-stripes\">\n<tbody>\n<tr>\n<td><strong>TECE reservoirs &#8211; Belgaqua-certificate tem 051230<\/strong><\/td>\n<td><a href=\"https:\/\/www.versagroup.be\/fr\/mwdownloads\/019b35b82aaa705e86faee4633b23f8b\" target=\"_blank\" rel=\"noopener\">Download PDF<\/a><\/td>\n<\/tr>\n<\/tbody>\n<\/table>\n<\/div>\n","protected":false},"excerpt":{"rendered":"<p>Toilet module including \u201ceasy fit\u201d plaque de commande assembly. Suitable for fitting to TECEprofil section tubes or for installation in<\/p>\n","protected":false},"featured_media":105813,"comment_status":"open","ping_status":"closed","template":"","meta":[],"product_brand":[],"product_cat":[10768,10604,10772],"product_tag":[],"class_list":{"0":"post-117740","1":"product","2":"type-product","3":"status-publish","4":"has-post-thumbnail","6":"product_cat-cadres-de-montage-pour-toilettes","7":"product_cat-sanitaire","8":"product_cat-toilettes-fr","10":"first","11":"instock","12":"taxable","13":"shipping-taxable","14":"product-type-simple"},"_links":{"self":[{"href":"https:\/\/erfuhome.com\/fr\/wp-json\/wp\/v2\/product\/117740","targetHints":{"allow":["GET"]}}],"collection":[{"href":"https:\/\/erfuhome.com\/fr\/wp-json\/wp\/v2\/product"}],"about":[{"href":"https:\/\/erfuhome.com\/fr\/wp-json\/wp\/v2\/types\/product"}],"replies":[{"embeddable":true,"href":"https:\/\/erfuhome.com\/fr\/wp-json\/wp\/v2\/comments?post=117740"}],"version-history":[{"count":0,"href":"https:\/\/erfuhome.com\/fr\/wp-json\/wp\/v2\/product\/117740\/revisions"}],"wp:featuredmedia":[{"embeddable":true,"href":"https:\/\/erfuhome.com\/fr\/wp-json\/wp\/v2\/media\/105813"}],"wp:attachment":[{"href":"https:\/\/erfuhome.com\/fr\/wp-json\/wp\/v2\/media?parent=117740"}],"wp:term":[{"taxonomy":"product_brand","embeddable":true,"href":"https:\/\/erfuhome.com\/fr\/wp-json\/wp\/v2\/product_brand?post=117740"},{"taxonomy":"product_cat","embeddable":true,"href":"https:\/\/erfuhome.com\/fr\/wp-json\/wp\/v2\/product_cat?post=117740"},{"taxonomy":"product_tag","embeddable":true,"href":"https:\/\/erfuhome.com\/fr\/wp-json\/wp\/v2\/product_tag?post=117740"}],"curies":[{"name":"wp","href":"https:\/\/api.w.org\/{rel}","templated":true}]}}