{"id":117754,"date":"2025-12-21T20:42:45","date_gmt":"2025-12-21T20:42:45","guid":{"rendered":"https:\/\/erfuhome.com\/product\/teceprofil-wc-inbouwframe-met-uni-spoelkast-voor-staand-toilet-bouwhoogte-1120-mm\/"},"modified":"2026-02-22T00:58:39","modified_gmt":"2026-02-22T00:58:39","slug":"teceprofil-wc-inbouwframe-met-uni-spoelkast-voor-staand-toilet-bouwhoogte-1120-mm","status":"publish","type":"product","link":"https:\/\/erfuhome.com\/fr\/produit\/teceprofil-wc-inbouwframe-met-uni-spoelkast-voor-staand-toilet-bouwhoogte-1120-mm\/","title":{"rendered":"Teceprofil Wc-Inbouwframe Met Uni-Spoelkast Voor Staand Toilet &#8211; Bouwhoogte 1120 Mm"},"content":{"rendered":"<p>\n  Toilet module including <strong>\u201ceasy fit\u201d<\/strong> plaque de commande installation. Suitable for<br \/>\n  fitting to TECEprofil section tubes ou pour installation dans des cloisons \u00e0 ossature m\u00e9tallique ou bois,<br \/>\n  and usable as a pre-wall or corner module. Also suitable for single block assembly.\n<\/p>\n<p><strong>Uni cistern for front actuation:<\/strong><\/p>\n<ul style=\"margin:8px 0 16px 22px;padding:0\">\n<li>Safety tank made of impact-resistant plastic, tested to EN&nbsp;14055<\/li>\n<li>R\u00e9servoir enti\u00e8rement pr\u00e9-assembl\u00e9 and sealed<\/li>\n<li>Raccordement du r\u00e9servoir avec filetage ext\u00e9rieur R&nbsp;1\/2&Prime; at the side, compatible with quick adapters<\/li>\n<li>\n    10&nbsp;litre tank volume; 6&nbsp;litre pre-set standard flush volume;<br \/>\n    4.5 \/ 7.5 \/ 9&nbsp;litre volume de chasse r\u00e9glable at any time; 3&nbsp;litre partial<br \/>\n    flush for dual-flush systems; remaining volume available for immediate cleaning flush\n  <\/li>\n<li>Insulated against condensation water<\/li>\n<li>For TECE plaque de commandes and toilet flush handle<\/li>\n<li>Can be used as a single- or dual-flush cistern<\/li>\n<li>\u201cEasy fit\u201d plaque de commande installation<\/li>\n<li>Installation tunnel for service opening, can be shortened without tools<\/li>\n<li>Low-noise hydraulic filling valve, fitting group&nbsp;1 according to DIN&nbsp;4109<\/li>\n<li>Flush flow control adjustable without removing the drain valve<\/li>\n<\/ul>\n<p><strong>Module frame:<\/strong><\/p>\n<ul style=\"margin:8px 0 16px 22px;padding:0\">\n<li>Self-supporting, powder-coated frame<\/li>\n<\/ul>\n","protected":false},"excerpt":{"rendered":"<p>Toilet module including \u201ceasy fit\u201d plaque de commande installation. Suitable for fitting to TECEprofil section tubes ou pour installation dans<\/p>\n","protected":false},"featured_media":140346,"comment_status":"open","ping_status":"closed","template":"","meta":[],"product_brand":[],"product_cat":[10768,10604,10772],"product_tag":[],"class_list":{"0":"post-117754","1":"product","2":"type-product","3":"status-publish","4":"has-post-thumbnail","6":"product_cat-cadres-de-montage-pour-toilettes","7":"product_cat-sanitaire","8":"product_cat-toilettes-fr","10":"first","11":"instock","12":"taxable","13":"shipping-taxable","14":"product-type-simple"},"_links":{"self":[{"href":"https:\/\/erfuhome.com\/fr\/wp-json\/wp\/v2\/product\/117754","targetHints":{"allow":["GET"]}}],"collection":[{"href":"https:\/\/erfuhome.com\/fr\/wp-json\/wp\/v2\/product"}],"about":[{"href":"https:\/\/erfuhome.com\/fr\/wp-json\/wp\/v2\/types\/product"}],"replies":[{"embeddable":true,"href":"https:\/\/erfuhome.com\/fr\/wp-json\/wp\/v2\/comments?post=117754"}],"version-history":[{"count":0,"href":"https:\/\/erfuhome.com\/fr\/wp-json\/wp\/v2\/product\/117754\/revisions"}],"wp:featuredmedia":[{"embeddable":true,"href":"https:\/\/erfuhome.com\/fr\/wp-json\/wp\/v2\/media\/140346"}],"wp:attachment":[{"href":"https:\/\/erfuhome.com\/fr\/wp-json\/wp\/v2\/media?parent=117754"}],"wp:term":[{"taxonomy":"product_brand","embeddable":true,"href":"https:\/\/erfuhome.com\/fr\/wp-json\/wp\/v2\/product_brand?post=117754"},{"taxonomy":"product_cat","embeddable":true,"href":"https:\/\/erfuhome.com\/fr\/wp-json\/wp\/v2\/product_cat?post=117754"},{"taxonomy":"product_tag","embeddable":true,"href":"https:\/\/erfuhome.com\/fr\/wp-json\/wp\/v2\/product_tag?post=117754"}],"curies":[{"name":"wp","href":"https:\/\/api.w.org\/{rel}","templated":true}]}}