{"id":117767,"date":"2025-12-21T20:41:59","date_gmt":"2025-12-21T20:41:59","guid":{"rendered":"https:\/\/erfuhome.com\/product\/teceprofil-wc-inbouwframe-met-uni-spoelkast-met-aansluiting-voor-geurafzuigimg-dn-50-bouwhoogte-1120-mm\/"},"modified":"2026-02-22T00:58:40","modified_gmt":"2026-02-22T00:58:40","slug":"teceprofil-wc-inbouwframe-met-uni-spoelkast-met-aansluiting-voor-geurafzuigimg-dn-50-bouwhoogte-1120-mm","status":"publish","type":"product","link":"https:\/\/erfuhome.com\/fr\/produit\/teceprofil-wc-inbouwframe-met-uni-spoelkast-met-aansluiting-voor-geurafzuigimg-dn-50-bouwhoogte-1120-mm\/","title":{"rendered":"Teceprofil Wc-Inbouwframe Met Uni-Spoelkast &#8211; Met Aansluiting Voor Geurafzuigimg (Dn 50) &#8211; Bouwhoogte 1120 Mm"},"content":{"rendered":"<p>\n  Toilet module including <strong>\u201ceasy fit\u201d<\/strong> plaque de commande installation and a conduit<br \/>\n  for connecting electronic shower toilets. Suitable for fitting to TECEprofil section<br \/>\n  tubes ou pour installation dans des cloisons \u00e0 ossature m\u00e9tallique ou bois, as well as for pre-wall or<br \/>\n  corner installation. Also suitable for single block assembly.\n<\/p>\n<p><strong>Uni cistern for front actuation:<\/strong><\/p>\n<ul style=\"margin:8px 0 16px 22px;padding:0\">\n<li>Safety tank made of impact-resistant plastic, tested to EN&nbsp;14055<\/li>\n<li>R\u00e9servoir enti\u00e8rement pr\u00e9-assembl\u00e9 and sealed<\/li>\n<li>Raccordement du r\u00e9servoir avec filetage ext\u00e9rieur R&nbsp;1\/2&Prime; at the side, compatible with quick adapters<\/li>\n<li>\n    10&nbsp;litre tank volume; 6&nbsp;litre pre-set standard flush volume;<br \/>\n    4.5 \/ 7.5 \/ 9&nbsp;litre volume de chasse r\u00e9glable at any time; 3&nbsp;litre partial<br \/>\n    flush for dual-flush systems; remaining volume available for immediate cleaning flush\n  <\/li>\n<li>Insulated against condensation water<\/li>\n<li>For TECE plaque de commandes and toilet flush handle<\/li>\n<li>Can be used as a single- or dual-flush cistern<\/li>\n<li>\u201cEasy fit\u201d plaque de commande installation<\/li>\n<li>Installation tunnel for service opening, can be shortened without tools<\/li>\n<li>Low-noise hydraulic filling valve, fitting group&nbsp;1 according to DIN&nbsp;4109<\/li>\n<li>Connection for odour extraction DN&nbsp;50 (matching fan e.g. Maico ER&nbsp;100)<\/li>\n<li>Flush flow control adjustable without removing the drain valve<\/li>\n<\/ul>\n<p><strong>Module frame:<\/strong><\/p>\n<ul style=\"margin:8px 0 16px 22px;padding:0\">\n<li>Self-supporting, powder-coated frame<\/li>\n<li>Two M&nbsp;12 retaining bolts and nuts<\/li>\n<li>Toilet drain bend DN&nbsp;90 including joint adapter DN&nbsp;90\/100 made of PP<\/li>\n<li>Joint adapter also suitable for horizontal installation<\/li>\n<li>Toilet connection set DN&nbsp;90<\/li>\n<li>\n    WC connection box including shell protection and conduit for universal shower WC<br \/>\n    connection (check position), with junction box and transformer cover\n  <\/li>\n<\/ul>\n<p>\n  A raised C\u00e9ramique attachment for a sitting height of 48&nbsp;cm can be added in accordance<br \/>\n  with DIN&nbsp;18040 (Barrier-free construction \u2013 Part&nbsp;1).\n<\/p>\n<div class=\"product-downloads\" style=\"margin-top: 20px;border-top: 1px solid #eee;padding-top: 15px\">\n<h3>Downloads &amp; Documents<\/h3>\n<table class=\"wp-block-table is-style-stripes\">\n<tbody>\n<tr>\n<td><strong>TECE reservoirs &#8211; Belgaqua-certificate tem 051230<\/strong><\/td>\n<td><a href=\"https:\/\/www.versagroup.be\/fr\/mwdownloads\/019b35b82aaa705e86faee4633b23f8b\" target=\"_blank\" rel=\"noopener\">Download PDF<\/a><\/td>\n<\/tr>\n<\/tbody>\n<\/table>\n<\/div>\n","protected":false},"excerpt":{"rendered":"<p>Toilet module including \u201ceasy fit\u201d plaque de commande installation and a conduit for connecting electronic shower toilets. Suitable for fitting<\/p>\n","protected":false},"featured_media":140352,"comment_status":"open","ping_status":"closed","template":"","meta":[],"product_brand":[],"product_cat":[10768,10604,10772],"product_tag":[],"class_list":{"0":"post-117767","1":"product","2":"type-product","3":"status-publish","4":"has-post-thumbnail","6":"product_cat-cadres-de-montage-pour-toilettes","7":"product_cat-sanitaire","8":"product_cat-toilettes-fr","10":"first","11":"instock","12":"taxable","13":"shipping-taxable","14":"product-type-simple"},"_links":{"self":[{"href":"https:\/\/erfuhome.com\/fr\/wp-json\/wp\/v2\/product\/117767","targetHints":{"allow":["GET"]}}],"collection":[{"href":"https:\/\/erfuhome.com\/fr\/wp-json\/wp\/v2\/product"}],"about":[{"href":"https:\/\/erfuhome.com\/fr\/wp-json\/wp\/v2\/types\/product"}],"replies":[{"embeddable":true,"href":"https:\/\/erfuhome.com\/fr\/wp-json\/wp\/v2\/comments?post=117767"}],"version-history":[{"count":0,"href":"https:\/\/erfuhome.com\/fr\/wp-json\/wp\/v2\/product\/117767\/revisions"}],"wp:featuredmedia":[{"embeddable":true,"href":"https:\/\/erfuhome.com\/fr\/wp-json\/wp\/v2\/media\/140352"}],"wp:attachment":[{"href":"https:\/\/erfuhome.com\/fr\/wp-json\/wp\/v2\/media?parent=117767"}],"wp:term":[{"taxonomy":"product_brand","embeddable":true,"href":"https:\/\/erfuhome.com\/fr\/wp-json\/wp\/v2\/product_brand?post=117767"},{"taxonomy":"product_cat","embeddable":true,"href":"https:\/\/erfuhome.com\/fr\/wp-json\/wp\/v2\/product_cat?post=117767"},{"taxonomy":"product_tag","embeddable":true,"href":"https:\/\/erfuhome.com\/fr\/wp-json\/wp\/v2\/product_tag?post=117767"}],"curies":[{"name":"wp","href":"https:\/\/api.w.org\/{rel}","templated":true}]}}