{"id":117789,"date":"2025-12-21T20:42:27","date_gmt":"2025-12-21T20:42:27","guid":{"rendered":"https:\/\/erfuhome.com\/product\/tecebase-wc-concealed-frame-with-cistern-tecenow-flush-plate-white\/"},"modified":"2026-02-22T00:58:41","modified_gmt":"2026-02-22T00:58:41","slug":"tecebase-wc-concealed-frame-with-cistern-tecenow-flush-plate-white","status":"publish","type":"product","link":"https:\/\/erfuhome.com\/fr\/produit\/tecebase-wc-concealed-frame-with-cistern-tecenow-flush-plate-white\/","title":{"rendered":"Tecebase Wc Concealed Frame With Cistern + Tecenow Plaque De Commande White"},"content":{"rendered":"<p>\n  WC module equipped for installation of an <strong>\u201ceasy fit\u201d<\/strong> plaque de commande.<br \/>\n  For single-block installation, suitable as an on-wall module in front of load-bearing walls<br \/>\n  and for installation in metal or wooden stud walls.\n<\/p>\n<p><strong>Base cistern for front actuation:<\/strong><\/p>\n<ul>\n<li>R\u00e9servoir de s\u00e9curit\u00e9 en plastique r\u00e9sistant aux chocs, tested in accordance with EN 14055<\/li>\n<li>R\u00e9servoir enti\u00e8rement pr\u00e9-assembl\u00e9<\/li>\n<li>Raccordement du r\u00e9servoir avec filetage ext\u00e9rieur R 1\/2&Prime; on top, compatible with quick connectors<\/li>\n<li>3-way angle valve; shut-off valve with flushing function and installed fill valve<\/li>\n<li>\n    10-litre cistern volume; standard flush volume preset to 6 litres;<br \/>\n    flush volume of 4.5 \/ 7.5 \/ 9 litres adjustable at any time;<br \/>\n    3-litre reduced flush volume with dual flush system.<br \/>\n    The remaining water can be used for immediate after-flushing.\n  <\/li>\n<li>Insulated against condensation<\/li>\n<li>\u201cEasy fit\u201d plaque de commande installation<\/li>\n<li>Low-noise hydraulic fill valve, fitting group 1 in accordance with DIN 4109<\/li>\n<\/ul>\n<p><strong>Module frame:<\/strong><\/p>\n<ul>\n<li>Self-supporting, powder-coated<\/li>\n<li>Two fixing bolts M12 with nuts<\/li>\n<li>Fixing set for load-bearing walls<\/li>\n<li>WC drain bend DN 90, incl. PP adapter DN 90\/100<\/li>\n<li>Adapter also suitable for horizontal installation<\/li>\n<li>WC connection set DN 90 with construction protection plug<\/li>\n<li>WC sound insulation set<\/li>\n<li>TECEnow dual-flush actuator plate, white<\/li>\n<\/ul>\n<p><strong>Please order separately:<\/strong><\/p>\n<ul>\n<li>Insertion shaft for cleaning tablets (optional)<\/li>\n<li>TECE installation kit for TECE shower toilets, dry construction (optional)<\/li>\n<\/ul>\n<p><strong>Note:<\/strong><br \/>\n  When using C\u00e9ramique WC bowls with a small support surface<br \/>\n  (= distance from the centre of the fixing bolts to the lower edge of the support surface not exceeding 18 cm),<br \/>\n  e.g. Villeroy &amp; Boch Memento, Sentique, Subway 2.0,<br \/>\n  installation of the steel reinforcement set <strong>9041029<\/strong> is required<br \/>\n  in the lower installation area.\n<\/p>\n<div class=\"product-downloads\" style=\"margin-top: 20px;border-top: 1px solid #eee;padding-top: 15px\">\n<h3>Downloads &amp; Documents<\/h3>\n<table class=\"wp-block-table is-style-stripes\">\n<tbody>\n<tr>\n<td><strong>9400413-installation-manual-NL-FR-ENG<\/strong><\/td>\n<td><a href=\"https:\/\/www.versagroup.be\/fr\/mwdownloads\/019b31f1d3327e35b66b582c0c26f6c0\" target=\"_blank\" rel=\"noopener\">Download PDF<\/a><\/td>\n<\/tr>\n<tr>\n<td><strong>9400413-technical-drawing<\/strong><\/td>\n<td><a href=\"https:\/\/www.versagroup.be\/fr\/mwdownloads\/019b363763a572c5a699577305a2f3e5\" target=\"_blank\" rel=\"noopener\">Download PDF<\/a><\/td>\n<\/tr>\n<tr>\n<td><strong>TECE reservoirs &#8211; Belgaqua-certificate tem 051230<\/strong><\/td>\n<td><a href=\"https:\/\/www.versagroup.be\/fr\/mwdownloads\/019b35b82aaa705e86faee4633b23f8b\" target=\"_blank\" rel=\"noopener\">Download PDF<\/a><\/td>\n<\/tr>\n<\/tbody>\n<\/table>\n<\/div>\n","protected":false},"excerpt":{"rendered":"<p>WC module equipped for installation of an \u201ceasy fit\u201d plaque de commande. For single-block installation, suitable as an on-wall module<\/p>\n","protected":false},"featured_media":140349,"comment_status":"open","ping_status":"closed","template":"","meta":[],"product_brand":[11011],"product_cat":[10768,10604,10772],"product_tag":[],"class_list":{"0":"post-117789","1":"product","2":"type-product","3":"status-publish","4":"has-post-thumbnail","6":"product_brand-tece","7":"product_cat-cadres-de-montage-pour-toilettes","8":"product_cat-sanitaire","9":"product_cat-toilettes-fr","10":"pa_depth_mm-13793","11":"pa_height_mm-13792","12":"pa_series-tecebase","13":"pa_weight_g-13794","14":"pa_width_mm-13529","16":"first","17":"instock","18":"taxable","19":"shipping-taxable","20":"product-type-simple"},"_links":{"self":[{"href":"https:\/\/erfuhome.com\/fr\/wp-json\/wp\/v2\/product\/117789","targetHints":{"allow":["GET"]}}],"collection":[{"href":"https:\/\/erfuhome.com\/fr\/wp-json\/wp\/v2\/product"}],"about":[{"href":"https:\/\/erfuhome.com\/fr\/wp-json\/wp\/v2\/types\/product"}],"replies":[{"embeddable":true,"href":"https:\/\/erfuhome.com\/fr\/wp-json\/wp\/v2\/comments?post=117789"}],"version-history":[{"count":0,"href":"https:\/\/erfuhome.com\/fr\/wp-json\/wp\/v2\/product\/117789\/revisions"}],"wp:featuredmedia":[{"embeddable":true,"href":"https:\/\/erfuhome.com\/fr\/wp-json\/wp\/v2\/media\/140349"}],"wp:attachment":[{"href":"https:\/\/erfuhome.com\/fr\/wp-json\/wp\/v2\/media?parent=117789"}],"wp:term":[{"taxonomy":"product_brand","embeddable":true,"href":"https:\/\/erfuhome.com\/fr\/wp-json\/wp\/v2\/product_brand?post=117789"},{"taxonomy":"product_cat","embeddable":true,"href":"https:\/\/erfuhome.com\/fr\/wp-json\/wp\/v2\/product_cat?post=117789"},{"taxonomy":"product_tag","embeddable":true,"href":"https:\/\/erfuhome.com\/fr\/wp-json\/wp\/v2\/product_tag?post=117789"}],"curies":[{"name":"wp","href":"https:\/\/api.w.org\/{rel}","templated":true}]}}