{"id":117869,"date":"2025-12-22T11:37:22","date_gmt":"2025-12-22T11:37:22","guid":{"rendered":"https:\/\/erfuhome.com\/product\/erfu-free-connection-with-multi-layer-flat-seal-to-press-20-mm-x-3-4f-v-a-press-fitting-dvgw-certified-multi-profile-u-h-th\/"},"modified":"2026-02-22T00:58:49","modified_gmt":"2026-02-22T00:58:49","slug":"erfu-free-connection-with-multi-layer-flat-seal-to-press-20-mm-x-3-4f-v-a-press-fitting-dvgw-certified-multi-profile-u-h-th","status":"publish","type":"product","link":"https:\/\/erfuhome.com\/fr\/produit\/erfu-free-connection-with-multi-layer-flat-seal-to-press-20-mm-x-3-4f-v-a-press-fitting-dvgw-certified-multi-profile-u-h-th\/","title":{"rendered":"Erfu Free Connection With Multi-Layer Joint Plat To Press 20 Mm X 3\/4&Prime; Femelle-V \u00c2 Raccord \u00c0 Sertir Certifi\u00e9 Dvgw, Multi-Profil U\/H\/Th"},"content":{"rendered":"<p><strong>Erfu multilayer crimp fitting 3\/4&Prime; femelle-V x 20 MM \u00e2 raccord \u00e0 sertir certifi\u00e9 DVGW, multi-profil U\/H\/TH<\/strong><\/p>\n<p>Le raccord <strong>Erfu<\/strong> is designed for reliable and durable sanitary and heating installations.Compatible with <strong>multi-profiles (U, H, TH)<\/strong>, it works with the majority of crimping pliers on the market.<strong>DVGW<\/strong> certified, it guarantees optimal waterproofness and security.<\/p>\n<ul>\n<li>Corps robuste en laiton et bague de but\u00e9e en HDPE<\/li>\n<li>Double joint torique pour une \u00e9tanch\u00e9it\u00e9 parfaite apr\u00e8s sertissage<\/li>\n<li>Anti-electrolysis protection between multilayer tube and brass<\/li>\n<li>Quick installation, easy orientation and safe assembly<\/li>\n<li>Economic and reliable alternative to big brands.<\/li>\n<\/ul>\n<p>With <strong>Erfu<\/strong>, benefit from a professional quality multi-layer connection, simple to install and offered at an excellent quality-price ratio.<\/p>\n<p><strong>Main features:<\/strong><\/p>\n<ul>\n<li>FREE CONNECTION WITH FLAT JOINT multi-layer crimp 3\/4F-V x 20 MM \u00e2 raccord \u00e0 sertir certifi\u00e9 DVGW, multi-profil U\/H\/TH for multi-layer pipe \u00e2 reliable and durable connection<\/li>\n<li>certifi\u00e9 DVGW for drinking water and heating installations<\/li>\n<li>Compatible with U, H and TH crimping profiles<\/li>\n<li>Quick installation, guaranteed waterproofing and corrosion resistance<\/li>\n<li>Suitable for underfloor heating systems, radiators and domestic plumbing<\/li>\n<\/ul>\n","protected":false},"excerpt":{"rendered":"<p>Erfu multilayer crimp fitting 3\/4&Prime; femelle-V x 20 MM \u00e2 raccord \u00e0 sertir certifi\u00e9 DVGW, multi-profil U\/H\/TH Le raccord Erfu<\/p>\n","protected":false},"featured_media":117867,"comment_status":"open","ping_status":"closed","template":"","meta":[],"product_brand":[],"product_cat":[9920,10454],"product_tag":[],"class_list":{"0":"post-117869","1":"product","2":"type-product","3":"status-publish","4":"has-post-thumbnail","6":"product_cat-offres-spciales-erfu","7":"product_cat-raccords-sertir","9":"first","10":"instock","11":"sale","12":"taxable","13":"shipping-taxable","14":"purchasable","15":"product-type-simple"},"_links":{"self":[{"href":"https:\/\/erfuhome.com\/fr\/wp-json\/wp\/v2\/product\/117869","targetHints":{"allow":["GET"]}}],"collection":[{"href":"https:\/\/erfuhome.com\/fr\/wp-json\/wp\/v2\/product"}],"about":[{"href":"https:\/\/erfuhome.com\/fr\/wp-json\/wp\/v2\/types\/product"}],"replies":[{"embeddable":true,"href":"https:\/\/erfuhome.com\/fr\/wp-json\/wp\/v2\/comments?post=117869"}],"version-history":[{"count":0,"href":"https:\/\/erfuhome.com\/fr\/wp-json\/wp\/v2\/product\/117869\/revisions"}],"wp:featuredmedia":[{"embeddable":true,"href":"https:\/\/erfuhome.com\/fr\/wp-json\/wp\/v2\/media\/117867"}],"wp:attachment":[{"href":"https:\/\/erfuhome.com\/fr\/wp-json\/wp\/v2\/media?parent=117869"}],"wp:term":[{"taxonomy":"product_brand","embeddable":true,"href":"https:\/\/erfuhome.com\/fr\/wp-json\/wp\/v2\/product_brand?post=117869"},{"taxonomy":"product_cat","embeddable":true,"href":"https:\/\/erfuhome.com\/fr\/wp-json\/wp\/v2\/product_cat?post=117869"},{"taxonomy":"product_tag","embeddable":true,"href":"https:\/\/erfuhome.com\/fr\/wp-json\/wp\/v2\/product_tag?post=117869"}],"curies":[{"name":"wp","href":"https:\/\/api.w.org\/{rel}","templated":true}]}}