{"id":117937,"date":"2025-12-22T11:29:39","date_gmt":"2025-12-22T11:29:39","guid":{"rendered":"https:\/\/erfuhome.com\/product\/erfu-ta-m-a-crimp-multilayer-a-20-mm-x-3-4-x-20-mm-a-press-fitting-dvgw-certified-multi-profiles-u-h-th\/"},"modified":"2026-02-22T00:58:54","modified_gmt":"2026-02-22T00:58:54","slug":"erfu-ta-m-a-crimp-multilayer-a-20-mm-x-3-4-x-20-mm-a-press-fitting-dvgw-certified-multi-profiles-u-h-th","status":"publish","type":"product","link":"https:\/\/erfuhome.com\/fr\/produit\/erfu-ta-m-a-crimp-multilayer-a-20-mm-x-3-4-x-20-mm-a-press-fitting-dvgw-certified-multi-profiles-u-h-th\/","title":{"rendered":"Erfu T\u00e3\u00a9 M \u00c0 Crimp Multilayer \u00c2 20 Mm X 3\/4&Prime; X 20 Mm \u00c2 Raccord \u00c0 Sertir Certifi\u00e9 Dvgw, Multi-Profiles U\/H\/Th"},"content":{"rendered":"<p><strong>Erfu T\u00e9 \u00e0 sertir multicouche 20 x 3\/4&Prime; m\u00e2le x 20 MM \u00e2 raccord \u00e0 sertir certifi\u00e9 DVGW, multi-profil U\/H\/TH<\/strong><\/p>\n<p>Le raccord <strong>Erfu<\/strong> is designed for reliable and durable sanitary and heating installations.Compatible with <strong>multi-profiles (U, H, TH)<\/strong>, it works with the majority of crimping pliers on the market.<strong>DVGW<\/strong> certified, it guarantees optimal waterproofness and security.<\/p>\n<ul>\n<li>Corps robuste en laiton et bague de but\u00e9e en HDPE<\/li>\n<li>Double joint torique pour une \u00e9tanch\u00e9it\u00e9 parfaite apr\u00e8s sertissage<\/li>\n<li>Anti-electrolysis protection between multilayer tube and brass<\/li>\n<li>Quick installation, easy orientation and safe assembly<\/li>\n<li>Economic and reliable alternative to big brands<\/li>\n<\/ul>\n<p>With <strong>Erfu<\/strong>, benefit from a professional quality multi-layer connection, simple to install and offered at an excellent quality-price ratio.<\/p>\n","protected":false},"excerpt":{"rendered":"<p>Erfu T\u00e9 \u00e0 sertir multicouche 20 x 3\/4&Prime; m\u00e2le x 20 MM \u00e2 raccord \u00e0 sertir certifi\u00e9 DVGW, multi-profil U\/H\/TH<\/p>\n","protected":false},"featured_media":117933,"comment_status":"open","ping_status":"closed","template":"","meta":[],"product_brand":[],"product_cat":[9920,10454],"product_tag":[],"class_list":{"0":"post-117937","1":"product","2":"type-product","3":"status-publish","4":"has-post-thumbnail","6":"product_cat-offres-spciales-erfu","7":"product_cat-raccords-sertir","9":"first","10":"instock","11":"sale","12":"taxable","13":"shipping-taxable","14":"purchasable","15":"product-type-simple"},"_links":{"self":[{"href":"https:\/\/erfuhome.com\/fr\/wp-json\/wp\/v2\/product\/117937","targetHints":{"allow":["GET"]}}],"collection":[{"href":"https:\/\/erfuhome.com\/fr\/wp-json\/wp\/v2\/product"}],"about":[{"href":"https:\/\/erfuhome.com\/fr\/wp-json\/wp\/v2\/types\/product"}],"replies":[{"embeddable":true,"href":"https:\/\/erfuhome.com\/fr\/wp-json\/wp\/v2\/comments?post=117937"}],"version-history":[{"count":0,"href":"https:\/\/erfuhome.com\/fr\/wp-json\/wp\/v2\/product\/117937\/revisions"}],"wp:featuredmedia":[{"embeddable":true,"href":"https:\/\/erfuhome.com\/fr\/wp-json\/wp\/v2\/media\/117933"}],"wp:attachment":[{"href":"https:\/\/erfuhome.com\/fr\/wp-json\/wp\/v2\/media?parent=117937"}],"wp:term":[{"taxonomy":"product_brand","embeddable":true,"href":"https:\/\/erfuhome.com\/fr\/wp-json\/wp\/v2\/product_brand?post=117937"},{"taxonomy":"product_cat","embeddable":true,"href":"https:\/\/erfuhome.com\/fr\/wp-json\/wp\/v2\/product_cat?post=117937"},{"taxonomy":"product_tag","embeddable":true,"href":"https:\/\/erfuhome.com\/fr\/wp-json\/wp\/v2\/product_tag?post=117937"}],"curies":[{"name":"wp","href":"https:\/\/api.w.org\/{rel}","templated":true}]}}