{"id":117969,"date":"2025-12-22T11:36:30","date_gmt":"2025-12-22T11:36:30","guid":{"rendered":"https:\/\/erfuhome.com\/product\/erfu-reduced-multi-layer-crimp-sleeve-20-mm-x-16-mm-dvgw-certified-multi-profile-u-h-th\/"},"modified":"2026-02-22T00:58:55","modified_gmt":"2026-02-22T00:58:55","slug":"erfu-reduced-multi-layer-crimp-sleeve-20-mm-x-16-mm-dvgw-certified-multi-profile-u-h-th","status":"publish","type":"product","link":"https:\/\/erfuhome.com\/fr\/produit\/erfu-reduced-multi-layer-crimp-sleeve-20-mm-x-16-mm-dvgw-certified-multi-profile-u-h-th\/","title":{"rendered":"Erfu Reduced Manchon \u00c0 Sertir Multicouche 20 Mm X 16 Mm \u2013 Certifi\u00e9 Dvgw, Multi-Profil U\/H\/Th"},"content":{"rendered":"<p><strong>Erfu multi-layer crimp reducing sleeve 20 x 16 MM \u2013 certifi\u00e9 DVGW, multi-profil U\/H\/TH<\/strong><\/p>\n<p>Le raccord <strong>Erfu<\/strong> is designed for reliable and durable sanitary and heating installations.Compatible with <strong>multi-profiles (U, H, TH)<\/strong>, it works with the majority of crimping pliers on the market.<strong>DVGW<\/strong> certified, it guarantees optimal waterproofness and security.<\/p>\n<ul>\n<li>Corps robuste en laiton et bague de but\u00e9e en HDPE<\/li>\n<li>Double joint torique pour une \u00e9tanch\u00e9it\u00e9 parfaite apr\u00e8s sertissage<\/li>\n<li>Anti-electrolysis protection between multilayer tube and brass<\/li>\n<li>Quick installation, easy orientation and safe assembly<\/li>\n<li>Economic and reliable alternative to big brands.<\/li>\n<\/ul>\n<p>With <strong>Erfu<\/strong>, benefit from a professional quality multi-layer connection, simple to install and offered at an excellent quality-price ratio.<\/p>\n<p><strong>Main features:<\/strong><\/p>\n<ul>\n<li>REDUCED SLEEVE multi-layer crimp reducer 20 x 16 MM \u00e2 certifi\u00e9 DVGW, multi-profil U\/H\/TH for multi-layer pipe \u00e2 reliable and durable connection<\/li>\n<li>certifi\u00e9 DVGW for drinking water and heating installations<\/li>\n<li>Compatible with U, H and TH crimping profiles<\/li>\n<li>Quick installation, guaranteed waterproofing and corrosion resistance<\/li>\n<li>Suitable for underfloor heating systems, radiators and domestic plumbing<\/li>\n<\/ul>\n","protected":false},"excerpt":{"rendered":"<p>Erfu multi-layer crimp reducing sleeve 20 x 16 MM \u2013 certifi\u00e9 DVGW, multi-profil U\/H\/TH Le raccord Erfu is designed for<\/p>\n","protected":false},"featured_media":117967,"comment_status":"open","ping_status":"closed","template":"","meta":[],"product_brand":[],"product_cat":[9920,10454],"product_tag":[],"class_list":{"0":"post-117969","1":"product","2":"type-product","3":"status-publish","4":"has-post-thumbnail","6":"product_cat-offres-spciales-erfu","7":"product_cat-raccords-sertir","9":"first","10":"instock","11":"sale","12":"taxable","13":"shipping-taxable","14":"purchasable","15":"product-type-simple"},"_links":{"self":[{"href":"https:\/\/erfuhome.com\/fr\/wp-json\/wp\/v2\/product\/117969","targetHints":{"allow":["GET"]}}],"collection":[{"href":"https:\/\/erfuhome.com\/fr\/wp-json\/wp\/v2\/product"}],"about":[{"href":"https:\/\/erfuhome.com\/fr\/wp-json\/wp\/v2\/types\/product"}],"replies":[{"embeddable":true,"href":"https:\/\/erfuhome.com\/fr\/wp-json\/wp\/v2\/comments?post=117969"}],"version-history":[{"count":0,"href":"https:\/\/erfuhome.com\/fr\/wp-json\/wp\/v2\/product\/117969\/revisions"}],"wp:featuredmedia":[{"embeddable":true,"href":"https:\/\/erfuhome.com\/fr\/wp-json\/wp\/v2\/media\/117967"}],"wp:attachment":[{"href":"https:\/\/erfuhome.com\/fr\/wp-json\/wp\/v2\/media?parent=117969"}],"wp:term":[{"taxonomy":"product_brand","embeddable":true,"href":"https:\/\/erfuhome.com\/fr\/wp-json\/wp\/v2\/product_brand?post=117969"},{"taxonomy":"product_cat","embeddable":true,"href":"https:\/\/erfuhome.com\/fr\/wp-json\/wp\/v2\/product_cat?post=117969"},{"taxonomy":"product_tag","embeddable":true,"href":"https:\/\/erfuhome.com\/fr\/wp-json\/wp\/v2\/product_tag?post=117969"}],"curies":[{"name":"wp","href":"https:\/\/api.w.org\/{rel}","templated":true}]}}