{"id":118054,"date":"2025-12-22T11:45:28","date_gmt":"2025-12-22T11:45:28","guid":{"rendered":"https:\/\/erfuhome.com\/product\/erfu-waterproof-membrane-polyethylene-plastic-for-floor-30m\/"},"modified":"2026-02-22T00:59:05","modified_gmt":"2026-02-22T00:59:05","slug":"erfu-waterproof-membrane-polyethylene-plastic-for-floor-30m","status":"publish","type":"product","link":"https:\/\/erfuhome.com\/fr\/produit\/erfu-waterproof-membrane-polyethylene-plastic-for-floor-30m\/","title":{"rendered":"Erfu Membrane D&rsquo;\u00e9tanch\u00e9it\u00e9 Pe Pour Sol 30m"},"content":{"rendered":"<p>The Erfu Natte de d\u00e9solidarisation seal with PE membrane and the decoupling membrane are the perfect accessories for any floor covering! With a length of 1 by 30 meters they offer a great solution. Erfu waterproofing with PE membrane is a waterproof polyethylene plastic membrane specially designed to protect your floor against moisture and damage. The decoupling membrane or decoupling mat is another highlight of this product. It provides a permanent membrane that decouples the soil and prevents cracking and damage. This membrane is finished in a striking orange color that is not only functional but also stylish. With the Erfu sealing with PE membrane and the decoupling membrane you get a high-quality solution for your floor. Protect your floor from moisture and prevent damage with these essential accessories. Order today and enjoy a permanently protected floor!<\/p>\n","protected":false},"excerpt":{"rendered":"<p>The Erfu Natte de d\u00e9solidarisation seal with PE membrane and the decoupling membrane are the perfect accessories for any floor<\/p>\n","protected":false},"featured_media":118051,"comment_status":"open","ping_status":"closed","template":"","meta":[],"product_brand":[],"product_cat":[9416],"product_tag":[15038,10995],"class_list":{"0":"post-118054","1":"product","2":"type-product","3":"status-publish","4":"has-post-thumbnail","6":"product_cat-accessoires-fr-2","7":"product_tag-livraison-gratuite","8":"product_tag-produits-mis-en-avant","9":"product_shipping_class-free-shipping-items","11":"first","12":"instock","13":"sale","14":"taxable","15":"shipping-taxable","16":"purchasable","17":"product-type-simple"},"_links":{"self":[{"href":"https:\/\/erfuhome.com\/fr\/wp-json\/wp\/v2\/product\/118054","targetHints":{"allow":["GET"]}}],"collection":[{"href":"https:\/\/erfuhome.com\/fr\/wp-json\/wp\/v2\/product"}],"about":[{"href":"https:\/\/erfuhome.com\/fr\/wp-json\/wp\/v2\/types\/product"}],"replies":[{"embeddable":true,"href":"https:\/\/erfuhome.com\/fr\/wp-json\/wp\/v2\/comments?post=118054"}],"version-history":[{"count":0,"href":"https:\/\/erfuhome.com\/fr\/wp-json\/wp\/v2\/product\/118054\/revisions"}],"wp:featuredmedia":[{"embeddable":true,"href":"https:\/\/erfuhome.com\/fr\/wp-json\/wp\/v2\/media\/118051"}],"wp:attachment":[{"href":"https:\/\/erfuhome.com\/fr\/wp-json\/wp\/v2\/media?parent=118054"}],"wp:term":[{"taxonomy":"product_brand","embeddable":true,"href":"https:\/\/erfuhome.com\/fr\/wp-json\/wp\/v2\/product_brand?post=118054"},{"taxonomy":"product_cat","embeddable":true,"href":"https:\/\/erfuhome.com\/fr\/wp-json\/wp\/v2\/product_cat?post=118054"},{"taxonomy":"product_tag","embeddable":true,"href":"https:\/\/erfuhome.com\/fr\/wp-json\/wp\/v2\/product_tag?post=118054"}],"curies":[{"name":"wp","href":"https:\/\/api.w.org\/{rel}","templated":true}]}}