{"id":118773,"date":"2025-12-21T23:19:48","date_gmt":"2025-12-21T23:19:48","guid":{"rendered":"https:\/\/erfuhome.com\/product\/belrad-rod-towel-dryer-electric-single-60w-o25cm-150x63x127-cm-matt-black\/"},"modified":"2026-02-22T01:00:50","modified_gmt":"2026-02-22T01:00:50","slug":"belrad-rod-towel-dryer-electric-single-60w-o25cm-150x63x127-cm-matt-black","status":"publish","type":"product","link":"https:\/\/erfuhome.com\/fr\/produit\/belrad-rod-towel-dryer-electric-single-60w-o25cm-150x63x127-cm-matt-black\/","title":{"rendered":"Belrad S\u00e8che-Serviettes \u00c9lectrique \u00c0 Tige \u2013 Simple \u2013 Avec Thermostat Num\u00e9rique Programmable \u2013 60w \u2013 \u00d82,5cm \u2013 150&#215;6,3&#215;12,7 Cm \u2013 Noir Mat"},"content":{"rendered":"<p>This elegantly designed Belrad single, s\u00e8che-serviettes \u00e9lectrique sur pied in Cuivre bross\u00e9 is 150 cm high and combines minimalist design with energy efficiency and a heating capacity of 60W. Thanks to the two handy hooks, you can always enjoy a warm towel or bathrobe after showering, without depending on central heating. <\/p>\n<p>Furthermore, this standing S\u00c8CHE-SERVIETTES features two heating modes for optimal comfort. The low setting heats the Porte-serviettes to around 45\u00b0C, while the high setting reaches a temperature of 60\u00b0C. Moreover, you can set the dryer with a timer that automatically switches off the radiator after 90 or 45 minutes, for extra convenience and energy efficiency, as you choose. <\/p>\n<p>Finally, the S\u00c8CHE-SERVIETTES comes complete with a plug and a 120 cm power cord. Choose this standing towel radiator and transform your bathroom with a luxurious look and smart, energy-efficient functionality!<\/p>\n<p><b><\/p>\n<p>Advantages:<\/b>&nbsp;<\/p>\n<div>\n<ul>\n<li>Two heating modes for optimal comfort: choice of 45\u00b0C or 60\u00b0C&nbsp;<\/li>\n<li>Energy efficiency: with a heating capacity of 60W&nbsp;<\/li>\n<li>Convenient timer function: for added convenience, the S\u00c8CHE-SERVIETTES automatically turns off after 45 or 90 minutes.&nbsp;<\/li>\n<li>Practical hooks: for warm towels and bathrobes\n<\/li>\n<\/ul>\n<\/div>\n<div class=\"product-downloads\" style=\"margin-top: 20px;border-top: 1px solid #eee;padding-top: 15px\">\n<h3>Downloads &amp; Documents<\/h3>\n<table class=\"wp-block-table is-style-stripes\">\n<tbody>\n<tr>\n<td><strong>HS1500-installation-manual<\/strong><\/td>\n<td><a href=\"https:\/\/www.versagroup.be\/fr\/mwdownloads\/0199164e091b740b8c6f21c192756e20\" target=\"_blank\" rel=\"noopener\">Download PDF<\/a><\/td>\n<\/tr>\n<tr>\n<td><strong>hs1500-technical drawing<\/strong><\/td>\n<td><a href=\"https:\/\/www.versagroup.be\/fr\/mwdownloads\/0195cd67a78f721588a3a8586132c498\" target=\"_blank\" rel=\"noopener\">Download PDF<\/a><\/td>\n<\/tr>\n<tr>\n<td><strong>HS1500BL-technical-drawing<\/strong><\/td>\n<td><a href=\"https:\/\/www.versagroup.be\/fr\/mwdownloads\/019b021f6d7072d0a019e1c337c1a5f0\" target=\"_blank\" rel=\"noopener\">Download PDF<\/a><\/td>\n<\/tr>\n<\/tbody>\n<\/table>\n<\/div>\n","protected":false},"excerpt":{"rendered":"<p>This elegantly designed Belrad single, s\u00e8che-serviettes \u00e9lectrique sur pied in Cuivre bross\u00e9 is 150 cm high and combines minimalist design<\/p>\n","protected":false},"featured_media":139144,"comment_status":"open","ping_status":"closed","template":"","meta":[],"product_brand":[],"product_cat":[10234,9874,9876],"product_tag":[],"class_list":{"0":"post-118773","1":"product","2":"type-product","3":"status-publish","4":"has-post-thumbnail","6":"product_cat-chauffage","7":"product_cat-radiateurs-lectriques","8":"product_cat-sche-serviettes-lectrique","9":"pa_height_mm-13615","10":"pa_length-13524","11":"pa_length_mm-13614","12":"pa_weight_kg-18-2","13":"pa_width_mm-13616","15":"first","16":"instock","17":"sale","18":"taxable","19":"shipping-taxable","20":"purchasable","21":"product-type-simple"},"_links":{"self":[{"href":"https:\/\/erfuhome.com\/fr\/wp-json\/wp\/v2\/product\/118773","targetHints":{"allow":["GET"]}}],"collection":[{"href":"https:\/\/erfuhome.com\/fr\/wp-json\/wp\/v2\/product"}],"about":[{"href":"https:\/\/erfuhome.com\/fr\/wp-json\/wp\/v2\/types\/product"}],"replies":[{"embeddable":true,"href":"https:\/\/erfuhome.com\/fr\/wp-json\/wp\/v2\/comments?post=118773"}],"version-history":[{"count":1,"href":"https:\/\/erfuhome.com\/fr\/wp-json\/wp\/v2\/product\/118773\/revisions"}],"predecessor-version":[{"id":204914,"href":"https:\/\/erfuhome.com\/fr\/wp-json\/wp\/v2\/product\/118773\/revisions\/204914"}],"wp:featuredmedia":[{"embeddable":true,"href":"https:\/\/erfuhome.com\/fr\/wp-json\/wp\/v2\/media\/139144"}],"wp:attachment":[{"href":"https:\/\/erfuhome.com\/fr\/wp-json\/wp\/v2\/media?parent=118773"}],"wp:term":[{"taxonomy":"product_brand","embeddable":true,"href":"https:\/\/erfuhome.com\/fr\/wp-json\/wp\/v2\/product_brand?post=118773"},{"taxonomy":"product_cat","embeddable":true,"href":"https:\/\/erfuhome.com\/fr\/wp-json\/wp\/v2\/product_cat?post=118773"},{"taxonomy":"product_tag","embeddable":true,"href":"https:\/\/erfuhome.com\/fr\/wp-json\/wp\/v2\/product_tag?post=118773"}],"curies":[{"name":"wp","href":"https:\/\/api.w.org\/{rel}","templated":true}]}}