{"id":118827,"date":"2025-12-21T23:16:57","date_gmt":"2025-12-21T23:16:57","guid":{"rendered":"https:\/\/erfuhome.com\/product\/belrad-rod-towel-dryer-electric-double-120w-o25cm-150x168x127-cm-glossy-white\/"},"modified":"2026-02-22T01:00:53","modified_gmt":"2026-02-22T01:00:53","slug":"belrad-rod-towel-dryer-electric-double-120w-o25cm-150x168x127-cm-glossy-white","status":"publish","type":"product","link":"https:\/\/erfuhome.com\/fr\/produit\/belrad-rod-towel-dryer-electric-double-120w-o25cm-150x168x127-cm-glossy-white\/","title":{"rendered":"Belrad S\u00e8che-Serviettes \u00c9lectrique \u00c0 Tige \u2013 Double \u2013 Avec Thermostat Num\u00e9rique Programmable \u2013 120w \u2013 \u00d82,5cm \u2013 150&#215;16,8&#215;12,7 Cm \u2013 Blanc Brillant"},"content":{"rendered":"<p>This elegantly designed Belrad<b> double, s\u00e8che-serviettes \u00e9lectrique sur pied in Blanc brillant <\/b>is 150cm high and combines minimalist design with energy efficiency and<b> a heating capacity of 60W.<\/b> Thanks to the two handy hooks, you can always enjoy a warm towel or bathrobe after showering, without depending on central heating. <\/p>\n<p>Furthermore, this standing S\u00c8CHE-SERVIETTES features two heating modes for optimal comfort. The low setting heats the Porte-serviettes to approximately 45\u00b0C, while the high setting reaches a temperature of 60\u00b0C. Moreover, you can set the dryer with a timer that automatically switches off the radiator after 90 or 45 minutes, for extra convenience and energy efficiency, as you choose. <\/p>\n<p>Finally, the S\u00c8CHE-SERVIETTES comes complete with a plug and a 120 cm power cord. Choose this standing towel radiator and transform your bathroom with a luxurious look and smart, energy-efficient functionality!<\/p>\n<p><b><br \/>\nAdvantages:&nbsp;<\/b><\/p>\n<div>\n<ul>\n<li>Two heating modes for optimal comfort: choice of 45\u00b0C or 60\u00b0C&nbsp;<\/li>\n<li>Energy efficiency: with a heating capacity of 60W&nbsp;<\/li>\n<li>Convenient timer function: for added convenience, the S\u00c8CHE-SERVIETTES automatically turns off after 45 or 90 minutes.&nbsp;<\/li>\n<li>Practical hooks: for warm towels and bathrobes<\/li>\n<\/ul>\n<\/div>\n<div class=\"product-downloads\" style=\"margin-top: 20px;border-top: 1px solid #eee;padding-top: 15px\">\n<h3>Downloads &amp; Documents<\/h3>\n<table class=\"wp-block-table is-style-stripes\">\n<tbody>\n<tr>\n<td><strong>HS1513-installation-manual<\/strong><\/td>\n<td><a href=\"https:\/\/www.versagroup.be\/fr\/mwdownloads\/01991687bfde7f24a95456bed296dd65\" target=\"_blank\" rel=\"noopener\">Download PDF<\/a><\/td>\n<\/tr>\n<tr>\n<td><strong>hs1513-technical drawing<\/strong><\/td>\n<td><a href=\"https:\/\/www.versagroup.be\/fr\/mwdownloads\/0195cd69f8e37fd98a840cf6f1ec53d5\" target=\"_blank\" rel=\"noopener\">Download PDF<\/a><\/td>\n<\/tr>\n<tr>\n<td><strong>HS1513WH-technical-drawing<\/strong><\/td>\n<td><a href=\"https:\/\/www.versagroup.be\/fr\/mwdownloads\/019b021f74227306a64efe5ea1583c1d\" target=\"_blank\" rel=\"noopener\">Download PDF<\/a><\/td>\n<\/tr>\n<\/tbody>\n<\/table>\n<\/div>\n","protected":false},"excerpt":{"rendered":"<p>This elegantly designed Belrad double, s\u00e8che-serviettes \u00e9lectrique sur pied in Blanc brillant is 150cm high and combines minimalist design with<\/p>\n","protected":false},"featured_media":139224,"comment_status":"open","ping_status":"closed","template":"","meta":[],"product_brand":[11008],"product_cat":[10234,9874,9876],"product_tag":[],"class_list":{"0":"post-118827","1":"product","2":"type-product","3":"status-publish","4":"has-post-thumbnail","6":"product_brand-belrad","7":"product_cat-chauffage","8":"product_cat-radiateurs-lectriques","9":"product_cat-sche-serviettes-lectrique","10":"pa_height_mm-13615","11":"pa_length-13524","12":"pa_length_mm-13614","13":"pa_weight_kg-13619","14":"pa_width_mm-13618","16":"first","17":"instock","18":"sale","19":"taxable","20":"shipping-taxable","21":"purchasable","22":"product-type-simple"},"_links":{"self":[{"href":"https:\/\/erfuhome.com\/fr\/wp-json\/wp\/v2\/product\/118827","targetHints":{"allow":["GET"]}}],"collection":[{"href":"https:\/\/erfuhome.com\/fr\/wp-json\/wp\/v2\/product"}],"about":[{"href":"https:\/\/erfuhome.com\/fr\/wp-json\/wp\/v2\/types\/product"}],"replies":[{"embeddable":true,"href":"https:\/\/erfuhome.com\/fr\/wp-json\/wp\/v2\/comments?post=118827"}],"version-history":[{"count":1,"href":"https:\/\/erfuhome.com\/fr\/wp-json\/wp\/v2\/product\/118827\/revisions"}],"predecessor-version":[{"id":204918,"href":"https:\/\/erfuhome.com\/fr\/wp-json\/wp\/v2\/product\/118827\/revisions\/204918"}],"wp:featuredmedia":[{"embeddable":true,"href":"https:\/\/erfuhome.com\/fr\/wp-json\/wp\/v2\/media\/139224"}],"wp:attachment":[{"href":"https:\/\/erfuhome.com\/fr\/wp-json\/wp\/v2\/media?parent=118827"}],"wp:term":[{"taxonomy":"product_brand","embeddable":true,"href":"https:\/\/erfuhome.com\/fr\/wp-json\/wp\/v2\/product_brand?post=118827"},{"taxonomy":"product_cat","embeddable":true,"href":"https:\/\/erfuhome.com\/fr\/wp-json\/wp\/v2\/product_cat?post=118827"},{"taxonomy":"product_tag","embeddable":true,"href":"https:\/\/erfuhome.com\/fr\/wp-json\/wp\/v2\/product_tag?post=118827"}],"curies":[{"name":"wp","href":"https:\/\/api.w.org\/{rel}","templated":true}]}}