{"id":119076,"date":"2025-12-21T22:58:21","date_gmt":"2025-12-21T22:58:21","guid":{"rendered":"https:\/\/erfuhome.com\/product\/uniforma-hand-shower-round-single-spray-mode-stainless-steel-body-21-cm-length-brushed-gold\/"},"modified":"2026-02-22T01:01:13","modified_gmt":"2026-02-22T01:01:13","slug":"uniforma-hand-shower-round-single-spray-mode-stainless-steel-body-21-cm-length-brushed-gold","status":"publish","type":"product","link":"https:\/\/erfuhome.com\/fr\/produit\/uniforma-hand-shower-round-single-spray-mode-stainless-steel-body-21-cm-length-brushed-gold\/","title":{"rendered":"Uniforma Douchette \u2013 Ronde \u2013 1 Jet \u2013 Inox \u2013 21 Cm \u2013 Or Bross\u00e9 (Pvd)"},"content":{"rendered":"<p>\n  The <strong>Uniforma round hand shower with cylindrical design<\/strong> combines sleek, modern style with optimal comfort.<br \/>\n  With <strong>un seul jet<\/strong> and <strong>picots anticalcaires<\/strong>, it d\u00e9livre un jet d&rsquo;eau constant et g\u00e9n\u00e9reux that is easy to keep clean.\n<\/p>\n<p>\n  Made of <strong>high-quality Acier inoxydable<\/strong> with a <strong>Or bross\u00e9 PVD finish<\/strong>,<br \/>\n  this hand shower is durable, scratch-resistant and adds a refined, luxurious touch to any contemporary bathroom.\n<\/p>\n<p>\n  <strong>Combine the hand shower with other Uniforma or Stria products<\/strong><br \/>\n  for a harmonious and fully coordinated bathroom interior.\n<\/p>\n<p><strong>Main features:<\/strong><\/p>\n<ul style=\"margin:8px 0 16px 22px;padding:0\">\n<li>Single spray mode \u2013 consistent and refreshing water flow<\/li>\n<li>picots anticalcaires \u2013 easy to clean<\/li>\n<li>High-quality Acier inoxydable with Or bross\u00e9 PVD finish \u2013 durable, scratch-resistant and elegant<\/li>\n<li>Sleek cylindrical design \u2013 fits perfectly in any modern bathroom<\/li>\n<li>Perfectly matches other Uniforma and Stria products for a cohesive look<\/li>\n<\/ul>\n<p style=\"color:#6c757d;font-style:italic\">\n  * The colours shown may differ slightly from the actual product colour depending on your screen settings and monitor type.\n<\/p>\n<div class=\"product-downloads\" style=\"margin-top: 20px;border-top: 1px solid #eee;padding-top: 15px\">\n<h3>Downloads &amp; Documents<\/h3>\n<table class=\"wp-block-table is-style-stripes\">\n<tbody>\n<tr>\n<td><strong>PRM0235-BG-technical-drawing<\/strong><\/td>\n<td><a href=\"https:\/\/www.versagroup.be\/fr\/mwdownloads\/01990f17ffd571e5a1dd486ac03a1364\" target=\"_blank\" rel=\"noopener\">Download PDF<\/a><\/td>\n<\/tr>\n<\/tbody>\n<\/table>\n<\/div>\n","protected":false},"excerpt":{"rendered":"<p>The Uniforma round hand shower with cylindrical design combines sleek, modern style with optimal comfort. With un seul jet and<\/p>\n","protected":false},"featured_media":139333,"comment_status":"open","ping_status":"closed","template":"","meta":[],"product_brand":[],"product_cat":[10638,10604],"product_tag":[],"class_list":{"0":"post-119076","1":"product","2":"type-product","3":"status-publish","4":"has-post-thumbnail","6":"product_cat-ensembles-de-douche-et-pommes-de-douche","7":"product_cat-sanitaire","8":"pa_diameter_mm-13633","9":"pa_diameter_mm-14781","10":"pa_diameter_mm-14782","11":"pa_height_mm-13632","12":"pa_series-uniforma","16":"first","17":"instock","18":"sale","19":"taxable","20":"shipping-taxable","21":"purchasable","22":"product-type-simple"},"_links":{"self":[{"href":"https:\/\/erfuhome.com\/fr\/wp-json\/wp\/v2\/product\/119076","targetHints":{"allow":["GET"]}}],"collection":[{"href":"https:\/\/erfuhome.com\/fr\/wp-json\/wp\/v2\/product"}],"about":[{"href":"https:\/\/erfuhome.com\/fr\/wp-json\/wp\/v2\/types\/product"}],"replies":[{"embeddable":true,"href":"https:\/\/erfuhome.com\/fr\/wp-json\/wp\/v2\/comments?post=119076"}],"version-history":[{"count":1,"href":"https:\/\/erfuhome.com\/fr\/wp-json\/wp\/v2\/product\/119076\/revisions"}],"predecessor-version":[{"id":204944,"href":"https:\/\/erfuhome.com\/fr\/wp-json\/wp\/v2\/product\/119076\/revisions\/204944"}],"wp:featuredmedia":[{"embeddable":true,"href":"https:\/\/erfuhome.com\/fr\/wp-json\/wp\/v2\/media\/139333"}],"wp:attachment":[{"href":"https:\/\/erfuhome.com\/fr\/wp-json\/wp\/v2\/media?parent=119076"}],"wp:term":[{"taxonomy":"product_brand","embeddable":true,"href":"https:\/\/erfuhome.com\/fr\/wp-json\/wp\/v2\/product_brand?post=119076"},{"taxonomy":"product_cat","embeddable":true,"href":"https:\/\/erfuhome.com\/fr\/wp-json\/wp\/v2\/product_cat?post=119076"},{"taxonomy":"product_tag","embeddable":true,"href":"https:\/\/erfuhome.com\/fr\/wp-json\/wp\/v2\/product_tag?post=119076"}],"curies":[{"name":"wp","href":"https:\/\/api.w.org\/{rel}","templated":true}]}}