{"id":120616,"date":"2025-12-21T21:17:43","date_gmt":"2025-12-21T21:17:43","guid":{"rendered":"https:\/\/erfuhome.com\/product\/per-solid-surface-surface-mounted-washbasin-matt-black\/"},"modified":"2026-02-22T01:03:47","modified_gmt":"2026-02-22T01:03:47","slug":"per-solid-surface-surface-mounted-washbasin-matt-black","status":"publish","type":"product","link":"https:\/\/erfuhome.com\/fr\/produit\/per-solid-surface-surface-mounted-washbasin-matt-black\/","title":{"rendered":"Aloni Per Solid Surface Vasque \u00c0 Poser (42x14cm) &#8211; Noir"},"content":{"rendered":"<p>This freestanding basin by the Aloni brand is easy to integrate into any bathroom. The basin is black in colour and has a matt finish. The basin is made of solid surface, a strong and smooth material that is also easy to maintain.<\/p>\n<p><strong>Bon \u00e0 savoir : Les dimensions peuvent varier l\u00e9g\u00e8rement<\/strong><\/p>\n<p>Nos lavabos sont fabriqu\u00e9s avec le plus grand soin and in line with high quality standards. car ils sont compos\u00e9s de mat\u00e9riaux naturels et moul\u00e9s and are carefully finished, les dimensions finales peuvent varier de quelques millim\u00e8tres. This is a normal characteristic of the production process and does not affect the quality or ease of use.<\/p>\n<p>Des variations mineures dans les tol\u00e9rances sont consid\u00e9r\u00e9es comme normales and <strong>do not entitle you to a replacement or a refund<\/strong>.<\/p>\n<div class=\"product-downloads\" style=\"margin-top: 20px;border-top: 1px solid #eee;padding-top: 15px\">\n<h3>Downloads &amp; Documents<\/h3>\n<table class=\"wp-block-table is-style-stripes\">\n<tbody>\n<tr>\n<td><strong>declaration-of-performance-en-14688<\/strong><\/td>\n<td><a href=\"https:\/\/www.versagroup.be\/fr\/mwdownloads\/0192dceb73f07f7eb398165aa80cd41b\" target=\"_blank\" rel=\"noopener\">Download PDF<\/a><\/td>\n<\/tr>\n<tr>\n<td><strong>PER-B-technical-drawing<\/strong><\/td>\n<td><a href=\"https:\/\/www.versagroup.be\/fr\/mwdownloads\/01990f17df9573e3bfca479510f355ff\" target=\"_blank\" rel=\"noopener\">Download PDF<\/a><\/td>\n<\/tr>\n<\/tbody>\n<\/table>\n<\/div>\n","protected":false},"excerpt":{"rendered":"<p>This freestanding basin by the Aloni brand is easy to integrate into any bathroom. The basin is black in colour<\/p>\n","protected":false},"featured_media":120615,"comment_status":"open","ping_status":"closed","template":"","meta":[],"product_brand":[],"product_cat":[10820,10604,10662],"product_tag":[],"class_list":{"0":"post-120616","1":"product","2":"type-product","3":"status-publish","4":"has-post-thumbnail","6":"product_cat-lavabo","7":"product_cat-sanitaire","8":"product_cat-surface-solide","10":"first","11":"instock","12":"sale","13":"taxable","14":"shipping-taxable","15":"purchasable","16":"product-type-simple"},"_links":{"self":[{"href":"https:\/\/erfuhome.com\/fr\/wp-json\/wp\/v2\/product\/120616","targetHints":{"allow":["GET"]}}],"collection":[{"href":"https:\/\/erfuhome.com\/fr\/wp-json\/wp\/v2\/product"}],"about":[{"href":"https:\/\/erfuhome.com\/fr\/wp-json\/wp\/v2\/types\/product"}],"replies":[{"embeddable":true,"href":"https:\/\/erfuhome.com\/fr\/wp-json\/wp\/v2\/comments?post=120616"}],"version-history":[{"count":1,"href":"https:\/\/erfuhome.com\/fr\/wp-json\/wp\/v2\/product\/120616\/revisions"}],"predecessor-version":[{"id":205135,"href":"https:\/\/erfuhome.com\/fr\/wp-json\/wp\/v2\/product\/120616\/revisions\/205135"}],"wp:featuredmedia":[{"embeddable":true,"href":"https:\/\/erfuhome.com\/fr\/wp-json\/wp\/v2\/media\/120615"}],"wp:attachment":[{"href":"https:\/\/erfuhome.com\/fr\/wp-json\/wp\/v2\/media?parent=120616"}],"wp:term":[{"taxonomy":"product_brand","embeddable":true,"href":"https:\/\/erfuhome.com\/fr\/wp-json\/wp\/v2\/product_brand?post=120616"},{"taxonomy":"product_cat","embeddable":true,"href":"https:\/\/erfuhome.com\/fr\/wp-json\/wp\/v2\/product_cat?post=120616"},{"taxonomy":"product_tag","embeddable":true,"href":"https:\/\/erfuhome.com\/fr\/wp-json\/wp\/v2\/product_tag?post=120616"}],"curies":[{"name":"wp","href":"https:\/\/api.w.org\/{rel}","templated":true}]}}