{"id":120635,"date":"2025-12-21T21:16:41","date_gmt":"2025-12-21T21:16:41","guid":{"rendered":"https:\/\/erfuhome.com\/product\/solid-surface-washbasin-with-towel-cut-out-80x35x15cm-matt-black\/"},"modified":"2026-02-22T01:03:51","modified_gmt":"2026-02-22T01:03:51","slug":"solid-surface-washbasin-with-towel-cut-out-80x35x15cm-matt-black","status":"publish","type":"product","link":"https:\/\/erfuhome.com\/fr\/produit\/solid-surface-washbasin-with-towel-cut-out-80x35x15cm-matt-black\/","title":{"rendered":"Solid Surface Comptoir Lavabo Avec Porte-Serviette (80x35x15cm) &#8211; Blanc"},"content":{"rendered":"<p><strong>Bon \u00e0 savoir : Les dimensions peuvent varier l\u00e9g\u00e8rement<\/strong><\/p>\n<p>Nos lavabos sont fabriqu\u00e9s avec le plus grand soin and in line with high quality standards. car ils sont compos\u00e9s de mat\u00e9riaux naturels et moul\u00e9s and are carefully finished, les dimensions finales peuvent varier de quelques millim\u00e8tres. This is a normal characteristic of the production process and does not affect the quality or ease of use.<\/p>\n<p>Des variations mineures dans les tol\u00e9rances sont consid\u00e9r\u00e9es comme normales and <strong>do not entitle you to a replacement or a refund<\/strong>.<\/p>\n<div class=\"product-downloads\" style=\"margin-top: 20px;border-top: 1px solid #eee;padding-top: 15px\">\n<h3>Downloads &amp; Documents<\/h3>\n<table class=\"wp-block-table is-style-stripes\">\n<tbody>\n<tr>\n<td><strong>declaration-of-performance-en-14688<\/strong><\/td>\n<td><a href=\"https:\/\/www.versagroup.be\/fr\/mwdownloads\/0192dceb73f07f7eb398165aa80cd41b\" target=\"_blank\" rel=\"noopener\">Download PDF<\/a><\/td>\n<\/tr>\n<\/tbody>\n<\/table>\n<\/div>\n","protected":false},"excerpt":{"rendered":"<p>Bon \u00e0 savoir : Les dimensions peuvent varier l\u00e9g\u00e8rement Nos lavabos sont fabriqu\u00e9s avec le plus grand soin and in<\/p>\n","protected":false},"featured_media":120634,"comment_status":"open","ping_status":"closed","template":"","meta":[],"product_brand":[],"product_cat":[10820,10604,10662],"product_tag":[],"class_list":{"0":"post-120635","1":"product","2":"type-product","3":"status-publish","4":"has-post-thumbnail","6":"product_cat-lavabo","7":"product_cat-sanitaire","8":"product_cat-surface-solide","10":"first","11":"instock","12":"sale","13":"taxable","14":"shipping-taxable","15":"purchasable","16":"product-type-simple"},"_links":{"self":[{"href":"https:\/\/erfuhome.com\/fr\/wp-json\/wp\/v2\/product\/120635","targetHints":{"allow":["GET"]}}],"collection":[{"href":"https:\/\/erfuhome.com\/fr\/wp-json\/wp\/v2\/product"}],"about":[{"href":"https:\/\/erfuhome.com\/fr\/wp-json\/wp\/v2\/types\/product"}],"replies":[{"embeddable":true,"href":"https:\/\/erfuhome.com\/fr\/wp-json\/wp\/v2\/comments?post=120635"}],"version-history":[{"count":1,"href":"https:\/\/erfuhome.com\/fr\/wp-json\/wp\/v2\/product\/120635\/revisions"}],"predecessor-version":[{"id":205140,"href":"https:\/\/erfuhome.com\/fr\/wp-json\/wp\/v2\/product\/120635\/revisions\/205140"}],"wp:featuredmedia":[{"embeddable":true,"href":"https:\/\/erfuhome.com\/fr\/wp-json\/wp\/v2\/media\/120634"}],"wp:attachment":[{"href":"https:\/\/erfuhome.com\/fr\/wp-json\/wp\/v2\/media?parent=120635"}],"wp:term":[{"taxonomy":"product_brand","embeddable":true,"href":"https:\/\/erfuhome.com\/fr\/wp-json\/wp\/v2\/product_brand?post=120635"},{"taxonomy":"product_cat","embeddable":true,"href":"https:\/\/erfuhome.com\/fr\/wp-json\/wp\/v2\/product_cat?post=120635"},{"taxonomy":"product_tag","embeddable":true,"href":"https:\/\/erfuhome.com\/fr\/wp-json\/wp\/v2\/product_tag?post=120635"}],"curies":[{"name":"wp","href":"https:\/\/api.w.org\/{rel}","templated":true}]}}