{"id":120949,"date":"2025-12-21T21:01:51","date_gmt":"2025-12-21T21:01:51","guid":{"rendered":"https:\/\/erfuhome.com\/product\/aloni-hayat-washbasin-1-basin-with-overflow-1-tap-hole-polyresin-80x15x45-cm-glossy-white\/"},"modified":"2026-02-22T01:04:29","modified_gmt":"2026-02-22T01:04:29","slug":"aloni-hayat-washbasin-1-basin-with-overflow-1-tap-hole-polyresin-80x15x45-cm-glossy-white","status":"publish","type":"product","link":"https:\/\/erfuhome.com\/fr\/produit\/aloni-hayat-washbasin-1-basin-with-overflow-1-tap-hole-polyresin-80x15x45-cm-glossy-white\/","title":{"rendered":"Aloni Hayat Lavabo &#8211; 1 Vasque &#8211;  Avec Trop-Plein &#8211; 1 Trou Robinet &#8211; Marbre Composite &#8211; 80&#215;1,5&#215;45 Cm &#8211; Blanc Brillant"},"content":{"rendered":"<p>The Aloni Hayat washbasin with 1 basin has a width of 80 cm and is the ideal choice for a modern and elegant bathroom. The sleek design in Blanc brillant Marbre de synth\u00e8se fits perfectly with various bathroom styles. The washbasin features a tap hole and an overflow, providing added functionality and ease of use.<\/p>\n<p><strong>Avantages :<\/strong><\/p>\n<ul>\n<li>1 basin with overflow for a practical and stylish solution<\/li>\n<li>1 tap hole for easy faucet installation\n<\/li>\n<\/ul>\n<p>\nThis ALONI washbasin offers both aesthetic appeal and functionality \u2013 perfect for any modern bathroom.\n<\/p>\n<p><strong>Bon \u00e0 savoir : Les dimensions peuvent varier l\u00e9g\u00e8rement<\/strong><\/p>\n<p>Nos lavabos sont fabriqu\u00e9s avec le plus grand soin and in line with high quality standards. car ils sont compos\u00e9s de mat\u00e9riaux naturels et moul\u00e9s and are carefully finished, les dimensions finales peuvent varier de quelques millim\u00e8tres. This is a normal characteristic of the production process and does not affect the quality or ease of use.<\/p>\n<p>Des variations mineures dans les tol\u00e9rances sont consid\u00e9r\u00e9es comme normales and <strong>do not entitle you to a replacement or a refund<\/strong>.<\/p>\n<div class=\"product-downloads\" style=\"margin-top: 20px;border-top: 1px solid #eee;padding-top: 15px\">\n<h3>Downloads &amp; Documents<\/h3>\n<table class=\"wp-block-table is-style-stripes\">\n<tbody>\n<tr>\n<td><strong>declaration-of-performance-en-14688<\/strong><\/td>\n<td><a href=\"https:\/\/www.versagroup.be\/fr\/mwdownloads\/0192dceb73f07f7eb398165aa80cd41b\" target=\"_blank\" rel=\"noopener\">Download PDF<\/a><\/td>\n<\/tr>\n<tr>\n<td><strong>PB-KEY-80-technical-drawing<\/strong><\/td>\n<td><a href=\"https:\/\/www.versagroup.be\/fr\/mwdownloads\/01990f17dec071b8beb863876e4a4cc4\" target=\"_blank\" rel=\"noopener\">Download PDF<\/a><\/td>\n<\/tr>\n<\/tbody>\n<\/table>\n<\/div>\n","protected":false},"excerpt":{"rendered":"<p>The Aloni Hayat washbasin with 1 basin has a width of 80 cm and is the ideal choice for a<\/p>\n","protected":false},"featured_media":140260,"comment_status":"open","ping_status":"closed","template":"","meta":[],"product_brand":[11005],"product_cat":[10942,10820,10604],"product_tag":[],"class_list":{"0":"post-120949","1":"product","2":"type-product","3":"status-publish","4":"has-post-thumbnail","6":"product_brand-aloni","7":"product_cat-avec-trou-pour-robinet","8":"product_cat-lavabo","9":"product_cat-sanitaire","10":"pa_height_mm-13758","11":"pa_length_mm-13757","12":"pa_series-hayat","14":"pa_weight_kg-13764","15":"pa_width_mm-13539","17":"first","18":"instock","19":"sale","20":"taxable","21":"shipping-taxable","22":"purchasable","23":"product-type-simple"},"_links":{"self":[{"href":"https:\/\/erfuhome.com\/fr\/wp-json\/wp\/v2\/product\/120949","targetHints":{"allow":["GET"]}}],"collection":[{"href":"https:\/\/erfuhome.com\/fr\/wp-json\/wp\/v2\/product"}],"about":[{"href":"https:\/\/erfuhome.com\/fr\/wp-json\/wp\/v2\/types\/product"}],"replies":[{"embeddable":true,"href":"https:\/\/erfuhome.com\/fr\/wp-json\/wp\/v2\/comments?post=120949"}],"version-history":[{"count":1,"href":"https:\/\/erfuhome.com\/fr\/wp-json\/wp\/v2\/product\/120949\/revisions"}],"predecessor-version":[{"id":205178,"href":"https:\/\/erfuhome.com\/fr\/wp-json\/wp\/v2\/product\/120949\/revisions\/205178"}],"wp:featuredmedia":[{"embeddable":true,"href":"https:\/\/erfuhome.com\/fr\/wp-json\/wp\/v2\/media\/140260"}],"wp:attachment":[{"href":"https:\/\/erfuhome.com\/fr\/wp-json\/wp\/v2\/media?parent=120949"}],"wp:term":[{"taxonomy":"product_brand","embeddable":true,"href":"https:\/\/erfuhome.com\/fr\/wp-json\/wp\/v2\/product_brand?post=120949"},{"taxonomy":"product_cat","embeddable":true,"href":"https:\/\/erfuhome.com\/fr\/wp-json\/wp\/v2\/product_cat?post=120949"},{"taxonomy":"product_tag","embeddable":true,"href":"https:\/\/erfuhome.com\/fr\/wp-json\/wp\/v2\/product_tag?post=120949"}],"curies":[{"name":"wp","href":"https:\/\/api.w.org\/{rel}","templated":true}]}}