{"id":120984,"date":"2025-12-21T21:01:17","date_gmt":"2025-12-21T21:01:17","guid":{"rendered":"https:\/\/erfuhome.com\/product\/aloni-toilet-basin-without-overflow-tap-hole-left-or-right-polyresin-40x105x225cm-matt-black\/"},"modified":"2026-02-22T01:04:31","modified_gmt":"2026-02-22T01:04:31","slug":"aloni-toilet-basin-without-overflow-tap-hole-left-or-right-polyresin-40x105x225cm-matt-black","status":"publish","type":"product","link":"https:\/\/erfuhome.com\/fr\/produit\/aloni-toilet-basin-without-overflow-tap-hole-left-or-right-polyresin-40x105x225cm-matt-black\/","title":{"rendered":"Aloni Lave-Mains &#8211; Sans Trop-Plein &#8211; Trou Robinet \u00c0 Gauche Ou \u00c0 Droite &#8211; Marbre Composite &#8211; 40&#215;10,5&#215;22,5cm &#8211; Noir Mat"},"content":{"rendered":"<p>Discover the <strong>ALONI Lave-mains in Noir mat<\/strong>: a stylish and functional addition to any toilet or small bathroom. Made of durable <strong>Marbre de synth\u00e8se<\/strong> with a Blanc brillant finish, this basin exudes pure elegance. With a <strong>tap hole on the left or right<\/strong>, it offers flexible installation to suit your space. Compact in size (40 x 10,5 x 22 cm) and <strong>without an overflow<\/strong>, it features a sleek and modern design. Perfect for those who love a minimalist look without compromising on quality.<\/p>\n<p><strong>Bon \u00e0 savoir : Les dimensions peuvent varier l\u00e9g\u00e8rement<\/strong><\/p>\n<p>Nos lavabos sont fabriqu\u00e9s avec le plus grand soin and in line with high quality standards. car ils sont compos\u00e9s de mat\u00e9riaux naturels et moul\u00e9s and are carefully finished, les dimensions finales peuvent varier de quelques millim\u00e8tres. This is a normal characteristic of the production process and does not affect the quality or ease of use.<\/p>\n<p>Des variations mineures dans les tol\u00e9rances sont consid\u00e9r\u00e9es comme normales and <strong>do not entitle you to a replacement or a refund<\/strong>.<\/p>\n<div class=\"product-downloads\" style=\"margin-top: 20px;border-top: 1px solid #eee;padding-top: 15px\">\n<h3>Downloads &amp; Documents<\/h3>\n<table class=\"wp-block-table is-style-stripes\">\n<tbody>\n<tr>\n<td><strong>711A-LRB-technical-drawing<\/strong><\/td>\n<td><a href=\"https:\/\/www.versagroup.be\/fr\/mwdownloads\/01990f1512627097ad3db4714845ee1c\" target=\"_blank\" rel=\"noopener\">Download PDF<\/a><\/td>\n<\/tr>\n<tr>\n<td><strong>declaration-of-performance-en-14688<\/strong><\/td>\n<td><a href=\"https:\/\/www.versagroup.be\/fr\/mwdownloads\/0192dceb73f07f7eb398165aa80cd41b\" target=\"_blank\" rel=\"noopener\">Download PDF<\/a><\/td>\n<\/tr>\n<\/tbody>\n<\/table>\n<\/div>\n","protected":false},"excerpt":{"rendered":"<p>Discover the ALONI Lave-mains in Noir mat: a stylish and functional addition to any toilet or small bathroom. Made of<\/p>\n","protected":false},"featured_media":140267,"comment_status":"open","ping_status":"closed","template":"","meta":[],"product_brand":[11005],"product_cat":[10942,10820,10604],"product_tag":[],"class_list":{"0":"post-120984","1":"product","2":"type-product","3":"status-publish","4":"has-post-thumbnail","6":"product_brand-aloni","7":"product_cat-avec-trou-pour-robinet","8":"product_cat-lavabo","9":"product_cat-sanitaire","10":"pa_depth_mm-13744","11":"pa_depth_mm-14701","12":"pa_height_mm-13742","13":"pa_weight_kg-13713","14":"pa_width_mm-13743","16":"first","17":"instock","18":"sale","19":"taxable","20":"shipping-taxable","21":"purchasable","22":"product-type-simple"},"_links":{"self":[{"href":"https:\/\/erfuhome.com\/fr\/wp-json\/wp\/v2\/product\/120984","targetHints":{"allow":["GET"]}}],"collection":[{"href":"https:\/\/erfuhome.com\/fr\/wp-json\/wp\/v2\/product"}],"about":[{"href":"https:\/\/erfuhome.com\/fr\/wp-json\/wp\/v2\/types\/product"}],"replies":[{"embeddable":true,"href":"https:\/\/erfuhome.com\/fr\/wp-json\/wp\/v2\/comments?post=120984"}],"version-history":[{"count":1,"href":"https:\/\/erfuhome.com\/fr\/wp-json\/wp\/v2\/product\/120984\/revisions"}],"predecessor-version":[{"id":205180,"href":"https:\/\/erfuhome.com\/fr\/wp-json\/wp\/v2\/product\/120984\/revisions\/205180"}],"wp:featuredmedia":[{"embeddable":true,"href":"https:\/\/erfuhome.com\/fr\/wp-json\/wp\/v2\/media\/140267"}],"wp:attachment":[{"href":"https:\/\/erfuhome.com\/fr\/wp-json\/wp\/v2\/media?parent=120984"}],"wp:term":[{"taxonomy":"product_brand","embeddable":true,"href":"https:\/\/erfuhome.com\/fr\/wp-json\/wp\/v2\/product_brand?post=120984"},{"taxonomy":"product_cat","embeddable":true,"href":"https:\/\/erfuhome.com\/fr\/wp-json\/wp\/v2\/product_cat?post=120984"},{"taxonomy":"product_tag","embeddable":true,"href":"https:\/\/erfuhome.com\/fr\/wp-json\/wp\/v2\/product_tag?post=120984"}],"curies":[{"name":"wp","href":"https:\/\/api.w.org\/{rel}","templated":true}]}}