{"id":121043,"date":"2025-12-21T20:57:29","date_gmt":"2025-12-21T20:57:29","guid":{"rendered":"https:\/\/erfuhome.com\/product\/aloni-tivra-washbasin-countertop-without-overflow-without-tap-hole-with-click-clack-waste-ceramic-38x13x38-cm-black-gold-marble\/"},"modified":"2026-02-22T01:04:35","modified_gmt":"2026-02-22T01:04:35","slug":"aloni-tivra-washbasin-countertop-without-overflow-without-tap-hole-with-click-clack-waste-ceramic-38x13x38-cm-black-gold-marble","status":"publish","type":"product","link":"https:\/\/erfuhome.com\/fr\/produit\/aloni-tivra-washbasin-countertop-without-overflow-without-tap-hole-with-click-clack-waste-ceramic-38x13x38-cm-black-gold-marble\/","title":{"rendered":"Aloni Tivra Lavabo &#8211; \u00c0 Poser \u2013 Sans Trop-Plein \u2013 Sans Trou De Robinet \u2013 Avec Bonde Clic-Clac \u2013 C\u00e9ramique \u2013 38x13x38 Cm \u2013 Marbre Noir\/Or"},"content":{"rendered":"<p>The <strong>Aloni Tivra washbasin<\/strong> elevates your bathroom with its <strong>refined black\/gold marble-look finish<\/strong>. This countertop basin is made from <strong>high-quality C\u00e9ramique<\/strong> but has the appearance of a true designer piece. <strong>The marble veining<\/strong> gives it an exclusive, luxurious look \u2013 perfect for those who love elegant details.<\/p>\n<p>The round, <strong>minimalist design without tap hole or overflow<\/strong> creates a clean, modern look, while the <strong>matching click waste (also in black\/gold marble-look)<\/strong> is included for optimal ease of use.<\/p>\n<p><strong>Key features:<\/strong><\/p>\n<ul>\n<li>Dimensions : 38 x 13 x 38 cm \u2013 elegant and timeless format<\/li>\n<li>Eye-catching white marble-look \u2013 striking veining with a natural feel<\/li>\n<li>No tap hole &amp; no overflow \u2013 sleek and modern design<\/li>\n<li>Click waste included \u2013 practical and stylish finish<\/li>\n<li>Mat\u00e9riau : C\u00e9ramique with marble print \u2013 the look of marble, the convenience of C\u00e9ramique<\/li>\n<\/ul>\n<p><strong>Bon \u00e0 savoir : Les dimensions peuvent varier l\u00e9g\u00e8rement<\/strong><\/p>\n<p>Nos lavabos sont fabriqu\u00e9s avec le plus grand soin and in line with high quality standards. car ils sont compos\u00e9s de mat\u00e9riaux naturels et moul\u00e9s and are carefully finished, les dimensions finales peuvent varier de quelques millim\u00e8tres. This is a normal characteristic of the production process and does not affect the quality or ease of use.<\/p>\n<p>Des variations mineures dans les tol\u00e9rances sont consid\u00e9r\u00e9es comme normales and <strong>do not entitle you to a replacement or a refund<\/strong>.<\/p>\n<div class=\"product-downloads\" style=\"margin-top: 20px;border-top: 1px solid #eee;padding-top: 15px\">\n<h3>Downloads &amp; Documents<\/h3>\n<table class=\"wp-block-table is-style-stripes\">\n<tbody>\n<tr>\n<td><strong>LP8012-technical-drawing<\/strong><\/td>\n<td><a href=\"https:\/\/www.versagroup.be\/fr\/mwdownloads\/01990f17ad06706cb576567a1d9f7bfd\" target=\"_blank\" rel=\"noopener\">Download PDF<\/a><\/td>\n<\/tr>\n<\/tbody>\n<\/table>\n<\/div>\n","protected":false},"excerpt":{"rendered":"<p>The Aloni Tivra washbasin elevates your bathroom with its refined black\/gold marble-look finish. This countertop basin is made from high-quality<\/p>\n","protected":false},"featured_media":140293,"comment_status":"open","ping_status":"closed","template":"","meta":[],"product_brand":[11005],"product_cat":[10820,10604,9808],"product_tag":[],"class_list":{"0":"post-121043","1":"product","2":"type-product","3":"status-publish","4":"has-post-thumbnail","6":"product_brand-aloni","7":"product_cat-lavabo","8":"product_cat-sanitaire","9":"product_cat-vasque-poser","10":"pa_depth_mm-14734","11":"pa_depth_mm-13768","12":"pa_height_mm-13735","13":"pa_weight_kg-13769","14":"pa_width_mm-13767","16":"first","17":"instock","18":"sale","19":"taxable","20":"shipping-taxable","21":"purchasable","22":"product-type-simple"},"_links":{"self":[{"href":"https:\/\/erfuhome.com\/fr\/wp-json\/wp\/v2\/product\/121043","targetHints":{"allow":["GET"]}}],"collection":[{"href":"https:\/\/erfuhome.com\/fr\/wp-json\/wp\/v2\/product"}],"about":[{"href":"https:\/\/erfuhome.com\/fr\/wp-json\/wp\/v2\/types\/product"}],"replies":[{"embeddable":true,"href":"https:\/\/erfuhome.com\/fr\/wp-json\/wp\/v2\/comments?post=121043"}],"version-history":[{"count":1,"href":"https:\/\/erfuhome.com\/fr\/wp-json\/wp\/v2\/product\/121043\/revisions"}],"predecessor-version":[{"id":205185,"href":"https:\/\/erfuhome.com\/fr\/wp-json\/wp\/v2\/product\/121043\/revisions\/205185"}],"wp:featuredmedia":[{"embeddable":true,"href":"https:\/\/erfuhome.com\/fr\/wp-json\/wp\/v2\/media\/140293"}],"wp:attachment":[{"href":"https:\/\/erfuhome.com\/fr\/wp-json\/wp\/v2\/media?parent=121043"}],"wp:term":[{"taxonomy":"product_brand","embeddable":true,"href":"https:\/\/erfuhome.com\/fr\/wp-json\/wp\/v2\/product_brand?post=121043"},{"taxonomy":"product_cat","embeddable":true,"href":"https:\/\/erfuhome.com\/fr\/wp-json\/wp\/v2\/product_cat?post=121043"},{"taxonomy":"product_tag","embeddable":true,"href":"https:\/\/erfuhome.com\/fr\/wp-json\/wp\/v2\/product_tag?post=121043"}],"curies":[{"name":"wp","href":"https:\/\/api.w.org\/{rel}","templated":true}]}}