{"id":121108,"date":"2025-12-21T20:54:06","date_gmt":"2025-12-21T20:54:06","guid":{"rendered":"https:\/\/erfuhome.com\/product\/aloni-cavon-washbasin-countertop-without-overflow-without-tap-hole-ceramic-60x12x40-cm-glossy-white\/"},"modified":"2026-02-22T01:04:38","modified_gmt":"2026-02-22T01:04:38","slug":"aloni-cavon-washbasin-countertop-without-overflow-without-tap-hole-ceramic-60x12x40-cm-glossy-white","status":"publish","type":"product","link":"https:\/\/erfuhome.com\/fr\/produit\/aloni-cavon-washbasin-countertop-without-overflow-without-tap-hole-ceramic-60x12x40-cm-glossy-white\/","title":{"rendered":"Aloni Cavon Lavabo &#8211; \u00c0 Poser \u2013 Sans Trop-Plein \u2013 Sans Trou De Robinet \u2013 C\u00e9ramique \u2013 60x12x40 Cm \u2013 Blanc Brillant"},"content":{"rendered":"<p>The <strong>Aloni Cavon countertop basin<\/strong> is a stylish rectangular design that s&rsquo;int\u00e8gre parfaitement dans toute salle de bain moderne. Its clean silhouette and <strong>Blanc brillant finish<\/strong> give this countertop basin a sense of pure elegance and tranquillity.<\/p>\n<p>Made from high-quality C\u00e9ramique and designed without a tap hole or overflow, the Cavon offers maximum flexibility in tap placement and a sleek, minimalist look \u2013 perfect for those who appreciate a clean, architectural style.<\/p>\n<p><strong>Key features:<\/strong><\/p>\n<ul>\n<li>Dimensions : 60 x 12 x 40 cm \u2013 slim design with generous proportions<\/li>\n<li>Rectangular design: sleek, modern, and timeless<\/li>\n<li>Countertop model: easy to install on any type of vanity top<\/li>\n<li>No tap hole &amp; no overflow: for a seamless, minimalist appearance<\/li>\n<li>Mat\u00e9riau : durable C\u00e9ramique with a Blanc brillant finish<\/li>\n<\/ul>\n<p><strong>Bon \u00e0 savoir : Les dimensions peuvent varier l\u00e9g\u00e8rement<\/strong><\/p>\n<p>Nos lavabos sont fabriqu\u00e9s avec le plus grand soin and in line with high quality standards. car ils sont compos\u00e9s de mat\u00e9riaux naturels et moul\u00e9s and are carefully finished, les dimensions finales peuvent varier de quelques millim\u00e8tres. This is a normal characteristic of the production process and does not affect the quality or ease of use.<\/p>\n<p>Des variations mineures dans les tol\u00e9rances sont consid\u00e9r\u00e9es comme normales and <strong>do not entitle you to a replacement or a refund<\/strong>.<\/p>\n<div class=\"product-downloads\" style=\"margin-top: 20px;border-top: 1px solid #eee;padding-top: 15px\">\n<h3>Downloads &amp; Documents<\/h3>\n<table class=\"wp-block-table is-style-stripes\">\n<tbody>\n<tr>\n<td><strong>LP9001-technical-drawing<\/strong><\/td>\n<td><a href=\"https:\/\/www.versagroup.be\/fr\/mwdownloads\/01990f17ae6870caa8d8c9d07e1af1a4\" target=\"_blank\" rel=\"noopener\">Download PDF<\/a><\/td>\n<\/tr>\n<\/tbody>\n<\/table>\n<\/div>\n","protected":false},"excerpt":{"rendered":"<p>The Aloni Cavon countertop basin is a stylish rectangular design that s&rsquo;int\u00e8gre parfaitement dans toute salle de bain moderne. Its<\/p>\n","protected":false},"featured_media":140319,"comment_status":"open","ping_status":"closed","template":"","meta":[],"product_brand":[11005],"product_cat":[10820,10604,9808],"product_tag":[],"class_list":{"0":"post-121108","1":"product","2":"type-product","3":"status-publish","4":"has-post-thumbnail","6":"product_brand-aloni","7":"product_cat-lavabo","8":"product_cat-sanitaire","9":"product_cat-vasque-poser","10":"pa_depth_mm-13774","11":"pa_depth_mm-14737","12":"pa_height_mm-13742","13":"pa_weight_kg-13775","14":"pa_width_mm-13539","16":"first","17":"instock","18":"sale","19":"taxable","20":"shipping-taxable","21":"purchasable","22":"product-type-simple"},"_links":{"self":[{"href":"https:\/\/erfuhome.com\/fr\/wp-json\/wp\/v2\/product\/121108","targetHints":{"allow":["GET"]}}],"collection":[{"href":"https:\/\/erfuhome.com\/fr\/wp-json\/wp\/v2\/product"}],"about":[{"href":"https:\/\/erfuhome.com\/fr\/wp-json\/wp\/v2\/types\/product"}],"replies":[{"embeddable":true,"href":"https:\/\/erfuhome.com\/fr\/wp-json\/wp\/v2\/comments?post=121108"}],"version-history":[{"count":1,"href":"https:\/\/erfuhome.com\/fr\/wp-json\/wp\/v2\/product\/121108\/revisions"}],"predecessor-version":[{"id":205189,"href":"https:\/\/erfuhome.com\/fr\/wp-json\/wp\/v2\/product\/121108\/revisions\/205189"}],"wp:featuredmedia":[{"embeddable":true,"href":"https:\/\/erfuhome.com\/fr\/wp-json\/wp\/v2\/media\/140319"}],"wp:attachment":[{"href":"https:\/\/erfuhome.com\/fr\/wp-json\/wp\/v2\/media?parent=121108"}],"wp:term":[{"taxonomy":"product_brand","embeddable":true,"href":"https:\/\/erfuhome.com\/fr\/wp-json\/wp\/v2\/product_brand?post=121108"},{"taxonomy":"product_cat","embeddable":true,"href":"https:\/\/erfuhome.com\/fr\/wp-json\/wp\/v2\/product_cat?post=121108"},{"taxonomy":"product_tag","embeddable":true,"href":"https:\/\/erfuhome.com\/fr\/wp-json\/wp\/v2\/product_tag?post=121108"}],"curies":[{"name":"wp","href":"https:\/\/api.w.org\/{rel}","templated":true}]}}