{"id":121121,"date":"2025-12-21T20:53:18","date_gmt":"2025-12-21T20:53:18","guid":{"rendered":"https:\/\/erfuhome.com\/product\/aloni-fira-washbasin-countertop-without-overflow-without-tap-hole-with-click-waste-ceramic-36x12-5x36-cm-glossy-white\/"},"modified":"2026-02-22T01:04:39","modified_gmt":"2026-02-22T01:04:39","slug":"aloni-fira-washbasin-countertop-without-overflow-without-tap-hole-with-click-waste-ceramic-36x12-5x36-cm-glossy-white","status":"publish","type":"product","link":"https:\/\/erfuhome.com\/fr\/produit\/aloni-fira-washbasin-countertop-without-overflow-without-tap-hole-with-click-waste-ceramic-36x12-5x36-cm-glossy-white\/","title":{"rendered":"Aloni Fira Lavabo &#8211; \u00c0 Poser \u2013 Sans Trop-Plein \u2013 Sans Trou De Robinet \u2013 Avec Bonde Clic-Clac \u2013 C\u00e9ramique \u2013 36&#215;12,5&#215;36 Cm \u2013 Blanc Brillant"},"content":{"rendered":"<p>The Aloni Fira washbasin is <strong>an elegant countertop model<\/strong>, made from <strong>high-quality C\u00e9ramique<\/strong> with a <strong>Blanc brillant finish<\/strong>. Thanks to its minimalist design \u2013 without tap hole and Sans trop-plein \u2013 this basin offers maximum flexibility in tap selection and ensures a clean, seamless look. It comes with a practical click waste for easy use and maintenance.<\/p>\n<p><strong>Key features:<\/strong><\/p>\n<ul>\n<li>Countertop model without tap hole \u2013 perfect for use with a freestanding or wall-mounted faucet<\/li>\n<li>No overflow \u2013 for a sleek, seamless design that\u2019s easy to clean<\/li>\n<li>Includes click waste \u2013 easy-to-use drain with a click mechanism for quick emptying and cleaning<\/li>\n<li>High-quality C\u00e9ramique \u2013 durable, scratch-resistant and easy to maintain thanks to the smooth, glossy finish<\/li>\n<\/ul>\n<p><strong>Bon \u00e0 savoir : Les dimensions peuvent varier l\u00e9g\u00e8rement<\/strong><\/p>\n<p>Nos lavabos sont fabriqu\u00e9s avec le plus grand soin and in line with high quality standards. car ils sont compos\u00e9s de mat\u00e9riaux naturels et moul\u00e9s and are carefully finished, les dimensions finales peuvent varier de quelques millim\u00e8tres. This is a normal characteristic of the production process and does not affect the quality or ease of use.<\/p>\n<p>Des variations mineures dans les tol\u00e9rances sont consid\u00e9r\u00e9es comme normales and <strong>do not entitle you to a replacement or a refund<\/strong>.<\/p>\n<div class=\"product-downloads\" style=\"margin-top: 20px;border-top: 1px solid #eee;padding-top: 15px\">\n<h3>Downloads &amp; Documents<\/h3>\n<table class=\"wp-block-table is-style-stripes\">\n<tbody>\n<tr>\n<td><strong>LP8007-technical-drawing<\/strong><\/td>\n<td><a href=\"https:\/\/www.versagroup.be\/fr\/mwdownloads\/01990f17a669737ba32d80303cfe0b39\" target=\"_blank\" rel=\"noopener\">Download PDF<\/a><\/td>\n<\/tr>\n<\/tbody>\n<\/table>\n<\/div>\n","protected":false},"excerpt":{"rendered":"<p>The Aloni Fira washbasin is an elegant countertop model, made from high-quality C\u00e9ramique with a Blanc brillant finish. Thanks to<\/p>\n","protected":false},"featured_media":140326,"comment_status":"open","ping_status":"closed","template":"","meta":[],"product_brand":[11005],"product_cat":[10820,10604,9808],"product_tag":[],"class_list":{"0":"post-121121","1":"product","2":"type-product","3":"status-publish","4":"has-post-thumbnail","6":"product_brand-aloni","7":"product_cat-lavabo","8":"product_cat-sanitaire","9":"product_cat-vasque-poser","10":"pa_depth_mm-13772","11":"pa_depth_mm-14730","12":"pa_height_mm-13770","13":"pa_weight_kg-13773","14":"pa_width_mm-13771","16":"first","17":"instock","18":"sale","19":"taxable","20":"shipping-taxable","21":"purchasable","22":"product-type-simple"},"_links":{"self":[{"href":"https:\/\/erfuhome.com\/fr\/wp-json\/wp\/v2\/product\/121121","targetHints":{"allow":["GET"]}}],"collection":[{"href":"https:\/\/erfuhome.com\/fr\/wp-json\/wp\/v2\/product"}],"about":[{"href":"https:\/\/erfuhome.com\/fr\/wp-json\/wp\/v2\/types\/product"}],"replies":[{"embeddable":true,"href":"https:\/\/erfuhome.com\/fr\/wp-json\/wp\/v2\/comments?post=121121"}],"version-history":[{"count":1,"href":"https:\/\/erfuhome.com\/fr\/wp-json\/wp\/v2\/product\/121121\/revisions"}],"predecessor-version":[{"id":205190,"href":"https:\/\/erfuhome.com\/fr\/wp-json\/wp\/v2\/product\/121121\/revisions\/205190"}],"wp:featuredmedia":[{"embeddable":true,"href":"https:\/\/erfuhome.com\/fr\/wp-json\/wp\/v2\/media\/140326"}],"wp:attachment":[{"href":"https:\/\/erfuhome.com\/fr\/wp-json\/wp\/v2\/media?parent=121121"}],"wp:term":[{"taxonomy":"product_brand","embeddable":true,"href":"https:\/\/erfuhome.com\/fr\/wp-json\/wp\/v2\/product_brand?post=121121"},{"taxonomy":"product_cat","embeddable":true,"href":"https:\/\/erfuhome.com\/fr\/wp-json\/wp\/v2\/product_cat?post=121121"},{"taxonomy":"product_tag","embeddable":true,"href":"https:\/\/erfuhome.com\/fr\/wp-json\/wp\/v2\/product_tag?post=121121"}],"curies":[{"name":"wp","href":"https:\/\/api.w.org\/{rel}","templated":true}]}}