{"id":121140,"date":"2025-12-21T20:52:14","date_gmt":"2025-12-21T20:52:14","guid":{"rendered":"https:\/\/erfuhome.com\/product\/aloni-muffly-washbasin-with-fluted-structure-countertop-without-overflow-without-tap-hole-ceramic-37x13x37-cm-glossy-white\/"},"modified":"2026-02-22T01:04:41","modified_gmt":"2026-02-22T01:04:41","slug":"aloni-muffly-washbasin-with-fluted-structure-countertop-without-overflow-without-tap-hole-ceramic-37x13x37-cm-glossy-white","status":"publish","type":"product","link":"https:\/\/erfuhome.com\/fr\/produit\/aloni-muffly-washbasin-with-fluted-structure-countertop-without-overflow-without-tap-hole-ceramic-37x13x37-cm-glossy-white\/","title":{"rendered":"Aloni Muffly Lavabo Avec Structure Cannel\u00e9e &#8211; \u00c0 Poser \u2013 Sans Trop-Plein \u2013 Sans Trou De Robinet \u2013 C\u00e9ramique \u2013 37x13x37 Cm \u2013 Blanc Brillant"},"content":{"rendered":"<p>Give your bathroom a refined and unique look with the <strong>Aloni Muffly washbasin<\/strong>. This countertop basin in <strong>Blanc brillant C\u00e9ramique<\/strong> immediately stands out thanks to the <strong>elegant ribbed texture<\/strong> on the outside, adding a playful yet sophisticated accent to any interior.<\/p>\n<p>The round design, without tap hole and Sans trop-plein, highlights its minimalist style and offers full flexibility in choosing your faucet. The high-quality C\u00e9ramique finish ensures durability and easy maintenance.<\/p>\n<p><strong>Key features:<\/strong><\/p>\n<ul>\n<li>Dimensions : 37 x 13 x 37 cm<\/li>\n<li>Eye-catching ribbed texture \u2013 a subtle detail with strong visual impact<\/li>\n<li>No tap hole &amp; no overflow \u2013 for a clean, modern look<\/li>\n<li>Mat\u00e9riau : high-quality C\u00e9ramique with Blanc brillant finish<\/li>\n<li>Countertop model \u2013 easy to install on any vanity top<\/li>\n<\/ul>\n<p><strong>Bon \u00e0 savoir : Les dimensions peuvent varier l\u00e9g\u00e8rement<\/strong><\/p>\n<p>Nos lavabos sont fabriqu\u00e9s avec le plus grand soin and in line with high quality standards. car ils sont compos\u00e9s de mat\u00e9riaux naturels et moul\u00e9s and are carefully finished, les dimensions finales peuvent varier de quelques millim\u00e8tres. This is a normal characteristic of the production process and does not affect the quality or ease of use.<\/p>\n<p>Des variations mineures dans les tol\u00e9rances sont consid\u00e9r\u00e9es comme normales and <strong>do not entitle you to a replacement or a refund<\/strong>.<\/p>\n<div class=\"product-downloads\" style=\"margin-top: 20px;border-top: 1px solid #eee;padding-top: 15px\">\n<h3>Downloads &amp; Documents<\/h3>\n<table class=\"wp-block-table is-style-stripes\">\n<tbody>\n<tr>\n<td><strong>LP9002-technical-drawing<\/strong><\/td>\n<td><a href=\"https:\/\/www.versagroup.be\/fr\/mwdownloads\/01990f17af9c70b482c9db45b9db2e0a\" target=\"_blank\" rel=\"noopener\">Download PDF<\/a><\/td>\n<\/tr>\n<\/tbody>\n<\/table>\n<\/div>\n","protected":false},"excerpt":{"rendered":"<p>Give your bathroom a refined and unique look with the Aloni Muffly washbasin. This countertop basin in Blanc brillant C\u00e9ramique<\/p>\n","protected":false},"featured_media":140334,"comment_status":"open","ping_status":"closed","template":"","meta":[],"product_brand":[11005],"product_cat":[10820,10604,9808],"product_tag":[],"class_list":{"0":"post-121140","1":"product","2":"type-product","3":"status-publish","4":"has-post-thumbnail","6":"product_brand-aloni","7":"product_cat-lavabo","8":"product_cat-sanitaire","9":"product_cat-vasque-poser","10":"pa_depth_mm-13777","11":"pa_depth_mm-14731","12":"pa_height_mm-13735","13":"pa_weight_kg-13778","14":"pa_width_mm-13776","16":"first","17":"instock","18":"sale","19":"taxable","20":"shipping-taxable","21":"purchasable","22":"product-type-simple"},"_links":{"self":[{"href":"https:\/\/erfuhome.com\/fr\/wp-json\/wp\/v2\/product\/121140","targetHints":{"allow":["GET"]}}],"collection":[{"href":"https:\/\/erfuhome.com\/fr\/wp-json\/wp\/v2\/product"}],"about":[{"href":"https:\/\/erfuhome.com\/fr\/wp-json\/wp\/v2\/types\/product"}],"replies":[{"embeddable":true,"href":"https:\/\/erfuhome.com\/fr\/wp-json\/wp\/v2\/comments?post=121140"}],"version-history":[{"count":1,"href":"https:\/\/erfuhome.com\/fr\/wp-json\/wp\/v2\/product\/121140\/revisions"}],"predecessor-version":[{"id":205192,"href":"https:\/\/erfuhome.com\/fr\/wp-json\/wp\/v2\/product\/121140\/revisions\/205192"}],"wp:featuredmedia":[{"embeddable":true,"href":"https:\/\/erfuhome.com\/fr\/wp-json\/wp\/v2\/media\/140334"}],"wp:attachment":[{"href":"https:\/\/erfuhome.com\/fr\/wp-json\/wp\/v2\/media?parent=121140"}],"wp:term":[{"taxonomy":"product_brand","embeddable":true,"href":"https:\/\/erfuhome.com\/fr\/wp-json\/wp\/v2\/product_brand?post=121140"},{"taxonomy":"product_cat","embeddable":true,"href":"https:\/\/erfuhome.com\/fr\/wp-json\/wp\/v2\/product_cat?post=121140"},{"taxonomy":"product_tag","embeddable":true,"href":"https:\/\/erfuhome.com\/fr\/wp-json\/wp\/v2\/product_tag?post=121140"}],"curies":[{"name":"wp","href":"https:\/\/api.w.org\/{rel}","templated":true}]}}