{"id":121428,"date":"2025-12-21T20:10:31","date_gmt":"2025-12-21T20:10:31","guid":{"rendered":"https:\/\/erfuhome.com\/product\/creavit-sh-toilet-seat-d-shape-soft-close-quick-release-duroplast-stainless-steel-hinges-glossy-white\/"},"modified":"2026-02-22T01:05:19","modified_gmt":"2026-02-22T01:05:19","slug":"creavit-sh-toilet-seat-d-shape-soft-close-quick-release-duroplast-stainless-steel-hinges-glossy-white","status":"publish","type":"product","link":"https:\/\/erfuhome.com\/fr\/produit\/creavit-sh-toilet-seat-d-shape-soft-close-quick-release-duroplast-stainless-steel-hinges-glossy-white\/","title":{"rendered":"Creavit Sh Abattant Wc &#8211; Mod\u00e8le D &#8211; Frein De Chute &#8211; D\u00e9clipsable &#8211; Duroplast &#8211; Charni\u00e8res En Inox &#8211; Blanc Brillant"},"content":{"rendered":"<p class=\"p1\"><b>Caution<\/b>: Please do not use chemicals or abrasive cleaners to maintain this product. This will prevent discoloration or damage and allow the toilet seat to last a lifetime.<\/p>\n<div class=\"product-downloads\" style=\"margin-top: 20px;border-top: 1px solid #eee;padding-top: 15px\">\n<h3>Downloads &amp; Documents<\/h3>\n<table class=\"wp-block-table is-style-stripes\">\n<tbody>\n<tr>\n<td><strong>KC1803.01.0000E<\/strong><\/td>\n<td><a href=\"https:\/\/www.versagroup.be\/fr\/mwdownloads\/9954e267494e44a8badfd877f49d749c\" target=\"_blank\" rel=\"noopener\">Download PDF<\/a><\/td>\n<\/tr>\n<\/tbody>\n<\/table>\n<\/div>\n","protected":false},"excerpt":{"rendered":"<p>Caution: Please do not use chemicals or abrasive cleaners to maintain this product. This will prevent discoloration or damage and<\/p>\n","protected":false},"featured_media":105057,"comment_status":"open","ping_status":"closed","template":"","meta":[],"product_brand":[11006],"product_cat":[10604,10770,10772],"product_tag":[],"class_list":{"0":"post-121428","1":"product","2":"type-product","3":"status-publish","4":"has-post-thumbnail","6":"product_brand-creavit","7":"product_cat-sanitaire","8":"product_cat-sige-de-toilette","9":"product_cat-toilettes-fr","10":"pa_weight_kg-13818","12":"first","13":"instock","14":"sale","15":"taxable","16":"shipping-taxable","17":"purchasable","18":"product-type-simple"},"_links":{"self":[{"href":"https:\/\/erfuhome.com\/fr\/wp-json\/wp\/v2\/product\/121428","targetHints":{"allow":["GET"]}}],"collection":[{"href":"https:\/\/erfuhome.com\/fr\/wp-json\/wp\/v2\/product"}],"about":[{"href":"https:\/\/erfuhome.com\/fr\/wp-json\/wp\/v2\/types\/product"}],"replies":[{"embeddable":true,"href":"https:\/\/erfuhome.com\/fr\/wp-json\/wp\/v2\/comments?post=121428"}],"version-history":[{"count":1,"href":"https:\/\/erfuhome.com\/fr\/wp-json\/wp\/v2\/product\/121428\/revisions"}],"predecessor-version":[{"id":205232,"href":"https:\/\/erfuhome.com\/fr\/wp-json\/wp\/v2\/product\/121428\/revisions\/205232"}],"wp:featuredmedia":[{"embeddable":true,"href":"https:\/\/erfuhome.com\/fr\/wp-json\/wp\/v2\/media\/105057"}],"wp:attachment":[{"href":"https:\/\/erfuhome.com\/fr\/wp-json\/wp\/v2\/media?parent=121428"}],"wp:term":[{"taxonomy":"product_brand","embeddable":true,"href":"https:\/\/erfuhome.com\/fr\/wp-json\/wp\/v2\/product_brand?post=121428"},{"taxonomy":"product_cat","embeddable":true,"href":"https:\/\/erfuhome.com\/fr\/wp-json\/wp\/v2\/product_cat?post=121428"},{"taxonomy":"product_tag","embeddable":true,"href":"https:\/\/erfuhome.com\/fr\/wp-json\/wp\/v2\/product_tag?post=121428"}],"curies":[{"name":"wp","href":"https:\/\/api.w.org\/{rel}","templated":true}]}}