{"id":177183,"date":"2026-02-10T16:57:08","date_gmt":"2026-02-10T16:57:08","guid":{"rendered":"https:\/\/erfuhome.com\/product\/erfu-3d-ruban-aluminium-plisse-30-cm-x-5-m-ruban-detancheite-autocollant-avec-butyle-resistant-aux-uv-et-aux-intemperies-ruban-de-plomb-noir\/"},"modified":"2026-02-22T01:07:17","modified_gmt":"2026-02-22T01:07:17","slug":"erfu-3d-ruban-aluminium-plisse-30-cm-x-5-m-ruban-detancheite-autocollant-avec-butyle-resistant-aux-uv-et-aux-intemperies-ruban-de-plomb-noir","status":"publish","type":"product","link":"https:\/\/erfuhome.com\/fr\/produit\/erfu-3d-ruban-aluminium-plisse-30-cm-x-5-m-ruban-detancheite-autocollant-avec-butyle-resistant-aux-uv-et-aux-intemperies-ruban-de-plomb-noir\/","title":{"rendered":"Erfu 3d Ruban Aluminium Pliss\u00e9, 30 Cm X 5 M, Ruban D&rsquo;\u00e9tanch\u00e9it\u00e9 Autocollant Avec Butyle, R\u00e9sistant Aux Uv Et Aux Intemp\u00e9ries, Ruban De Plomb (Noir)"},"content":{"rendered":"","protected":false},"excerpt":{"rendered":"","protected":false},"featured_media":177182,"comment_status":"open","ping_status":"closed","template":"","meta":[],"product_brand":[],"product_cat":[10264],"product_tag":[15038],"class_list":{"0":"post-177183","1":"product","2":"type-product","3":"status-publish","4":"has-post-thumbnail","6":"product_cat-remplaant-principal","7":"product_tag-livraison-gratuite","9":"first","10":"instock","11":"taxable","12":"shipping-taxable","13":"purchasable","14":"product-type-simple"},"_links":{"self":[{"href":"https:\/\/erfuhome.com\/fr\/wp-json\/wp\/v2\/product\/177183","targetHints":{"allow":["GET"]}}],"collection":[{"href":"https:\/\/erfuhome.com\/fr\/wp-json\/wp\/v2\/product"}],"about":[{"href":"https:\/\/erfuhome.com\/fr\/wp-json\/wp\/v2\/types\/product"}],"replies":[{"embeddable":true,"href":"https:\/\/erfuhome.com\/fr\/wp-json\/wp\/v2\/comments?post=177183"}],"version-history":[{"count":1,"href":"https:\/\/erfuhome.com\/fr\/wp-json\/wp\/v2\/product\/177183\/revisions"}],"predecessor-version":[{"id":205361,"href":"https:\/\/erfuhome.com\/fr\/wp-json\/wp\/v2\/product\/177183\/revisions\/205361"}],"wp:featuredmedia":[{"embeddable":true,"href":"https:\/\/erfuhome.com\/fr\/wp-json\/wp\/v2\/media\/177182"}],"wp:attachment":[{"href":"https:\/\/erfuhome.com\/fr\/wp-json\/wp\/v2\/media?parent=177183"}],"wp:term":[{"taxonomy":"product_brand","embeddable":true,"href":"https:\/\/erfuhome.com\/fr\/wp-json\/wp\/v2\/product_brand?post=177183"},{"taxonomy":"product_cat","embeddable":true,"href":"https:\/\/erfuhome.com\/fr\/wp-json\/wp\/v2\/product_cat?post=177183"},{"taxonomy":"product_tag","embeddable":true,"href":"https:\/\/erfuhome.com\/fr\/wp-json\/wp\/v2\/product_tag?post=177183"}],"curies":[{"name":"wp","href":"https:\/\/api.w.org\/{rel}","templated":true}]}}