{"id":205638,"date":"2026-02-28T12:31:53","date_gmt":"2026-02-28T12:31:53","guid":{"rendered":"https:\/\/erfuhome.com\/product\/big-bag-90x90x90-cm-capacite-1000-kg-polypropylene-tisse-4-boucles-de-levage-pour-gravats-bois-sable-et-dechets-de-jardin\/"},"modified":"2026-02-28T12:31:53","modified_gmt":"2026-02-28T12:31:53","slug":"big-bag-90x90x90-cm-capacite-1000-kg-polypropylene-tisse-4-boucles-de-levage-pour-gravats-bois-sable-et-dechets-de-jardin","status":"publish","type":"product","link":"https:\/\/erfuhome.com\/fr\/produit\/big-bag-90x90x90-cm-capacite-1000-kg-polypropylene-tisse-4-boucles-de-levage-pour-gravats-bois-sable-et-dechets-de-jardin\/","title":{"rendered":"Big Bag 90x90x90 cm &#8211; Capacit\u00e9 1000 kg &#8211; Polypropyl\u00e8ne tiss\u00e9 &#8211; 4 boucles de levage &#8211; Pour gravats, bois, sable et d\u00e9chets de jardin"},"content":{"rendered":"","protected":false},"excerpt":{"rendered":"","protected":false},"featured_media":205548,"comment_status":"open","ping_status":"closed","template":"","meta":[],"product_brand":[15015],"product_cat":[15032],"product_tag":[],"class_list":{"0":"post-205638","1":"product","2":"type-product","3":"status-publish","4":"has-post-thumbnail","6":"product_brand-erfu","7":"product_cat-grand-sac","9":"first","10":"instock","11":"taxable","12":"shipping-taxable","13":"purchasable","14":"product-type-variable","15":"has-default-attributes"},"_links":{"self":[{"href":"https:\/\/erfuhome.com\/fr\/wp-json\/wp\/v2\/product\/205638","targetHints":{"allow":["GET"]}}],"collection":[{"href":"https:\/\/erfuhome.com\/fr\/wp-json\/wp\/v2\/product"}],"about":[{"href":"https:\/\/erfuhome.com\/fr\/wp-json\/wp\/v2\/types\/product"}],"replies":[{"embeddable":true,"href":"https:\/\/erfuhome.com\/fr\/wp-json\/wp\/v2\/comments?post=205638"}],"version-history":[{"count":0,"href":"https:\/\/erfuhome.com\/fr\/wp-json\/wp\/v2\/product\/205638\/revisions"}],"wp:featuredmedia":[{"embeddable":true,"href":"https:\/\/erfuhome.com\/fr\/wp-json\/wp\/v2\/media\/205548"}],"wp:attachment":[{"href":"https:\/\/erfuhome.com\/fr\/wp-json\/wp\/v2\/media?parent=205638"}],"wp:term":[{"taxonomy":"product_brand","embeddable":true,"href":"https:\/\/erfuhome.com\/fr\/wp-json\/wp\/v2\/product_brand?post=205638"},{"taxonomy":"product_cat","embeddable":true,"href":"https:\/\/erfuhome.com\/fr\/wp-json\/wp\/v2\/product_cat?post=205638"},{"taxonomy":"product_tag","embeddable":true,"href":"https:\/\/erfuhome.com\/fr\/wp-json\/wp\/v2\/product_tag?post=205638"}],"curies":[{"name":"wp","href":"https:\/\/api.w.org\/{rel}","templated":true}]}}