{"id":205652,"date":"2026-02-12T12:11:16","date_gmt":"2026-02-12T12:11:16","guid":{"rendered":"https:\/\/erfuhome.com\/product\/erfu-rond-ensemble-de-douche-a-effet-pluie-thermostatique-installation-apparente-noir-mat\/"},"modified":"2026-02-12T12:11:16","modified_gmt":"2026-02-12T12:11:16","slug":"erfu-rond-ensemble-de-douche-a-effet-pluie-thermostatique-installation-apparente-noir-mat","status":"publish","type":"product","link":"https:\/\/erfuhome.com\/fr\/produit\/erfu-rond-ensemble-de-douche-a-effet-pluie-thermostatique-installation-apparente-noir-mat\/","title":{"rendered":"Erfu Rond Ensemble de douche \u00e0 effet pluie &#8211; Thermostatique &#8211; Installation apparente &#8211; Noir mat"},"content":{"rendered":"<h1 data-start=\"150\" data-end=\"210\">Erfu Rond Ensemble de douche thermostatique &#8211; Noir mat<\/h1>\n<p data-start=\"212\" data-end=\"443\">L&rsquo;<strong data-start=\"216\" data-end=\"261\">ensemble de douche thermostatique Erfu Rond<\/strong> combine un design moderne avec des mat\u00e9riaux durables et des performances fiables. Con\u00e7u pour une utilisation \u00e0 long terme, ce syst\u00e8me de douche expos\u00e9e offre confort, s\u00e9curit\u00e9 et un aspect contemporain \u00e9l\u00e9gant. <\/p>\n<p data-start=\"445\" data-end=\"498\">Disponible en <strong data-start=\"458\" data-end=\"468\">chrome<\/strong> et en <strong data-start=\"473\" data-end=\"488\">noir mat.<\/strong> <\/p>\n<hr data-start=\"500\" data-end=\"503\">\n<h2 data-start=\"505\" data-end=\"524\">Caract\u00e9ristiques du produit<\/h2>\n<h3 data-start=\"526\" data-end=\"556\">\u2714 T\u00eate de douche pluie Premium<\/h3>\n<ul data-start=\"557\" data-end=\"682\">\n<li data-start=\"557\" data-end=\"587\">\n<p data-start=\"559\" data-end=\"587\">Douche de t\u00eate ronde de 250 mm<\/p>\n<\/li>\n<li data-start=\"588\" data-end=\"636\">\n<p data-start=\"590\" data-end=\"636\">Fabriqu\u00e9 en <strong data-start=\"611\" data-end=\"636\">acier inoxydable SS304<\/strong> de haute qualit\u00e9<\/p>\n<\/li>\n<li data-start=\"637\" data-end=\"682\">\n<p data-start=\"639\" data-end=\"682\">Offre un jet de pluie large et relaxant<\/p>\n<\/li>\n<\/ul>\n<h3 data-start=\"684\" data-end=\"701\">\u2714 Douchette \u00e0 main<\/h3>\n<ul data-start=\"702\" data-end=\"768\">\n<li data-start=\"702\" data-end=\"716\">\n<p data-start=\"704\" data-end=\"716\">Mod\u00e8le HG1241<\/p>\n<\/li>\n<li data-start=\"717\" data-end=\"740\">\n<p data-start=\"719\" data-end=\"740\">Fonction de pulv\u00e9risation unique<\/p>\n<\/li>\n<li data-start=\"741\" data-end=\"768\">\n<p data-start=\"743\" data-end=\"768\">Ergonomique et facile \u00e0 utiliser<\/p>\n<\/li>\n<\/ul>\n<h3 data-start=\"770\" data-end=\"800\">Colonne de douche r\u00e9glable<\/h3>\n<ul data-start=\"801\" data-end=\"918\">\n<li data-start=\"801\" data-end=\"838\">\n<p data-start=\"803\" data-end=\"838\">Tuyau de douche en acier inoxydable (SS304)<\/p>\n<\/li>\n<li data-start=\"839\" data-end=\"881\">\n<p data-start=\"841\" data-end=\"881\">Hauteur r\u00e9glable (structure 24 + 20 mm)<\/p>\n<\/li>\n<li data-start=\"882\" data-end=\"918\">\n<p data-start=\"884\" data-end=\"918\">Con\u00e7u pour une installation flexible<\/p>\n<\/li>\n<\/ul>\n<h3 data-start=\"920\" data-end=\"945\">Tuyau de douche durable<\/h3>\n<ul data-start=\"946\" data-end=\"1111\">\n<li data-start=\"946\" data-end=\"990\">\n<p data-start=\"948\" data-end=\"990\">Tuyau en acier inoxydable de 1,5 m\u00e8tre (mod\u00e8le 201)<\/p>\n<\/li>\n<li data-start=\"991\" data-end=\"1023\">\n<p data-start=\"993\" data-end=\"1023\">Insert en POM avec tube int\u00e9rieur en PEX<\/p>\n<\/li>\n<li data-start=\"1024\" data-end=\"1072\">\n<p data-start=\"1026\" data-end=\"1072\">Ecrous cylindriques en laiton et \u00e9crous coniques en plastique<\/p>\n<\/li>\n<li data-start=\"1073\" data-end=\"1111\">\n<p data-start=\"1075\" data-end=\"1111\">R\u00e9sistant \u00e0 la corrosion et durable<\/p>\n<\/li>\n<\/ul>\n<h3 data-start=\"1113\" data-end=\"1137\">\u2714 Mitigeur thermostatique<\/h3>\n<ul data-start=\"1138\" data-end=\"1246\">\n<li data-start=\"1138\" data-end=\"1165\">\n<p data-start=\"1140\" data-end=\"1165\">Robinet thermostatique rond<\/p>\n<\/li>\n<li data-start=\"1166\" data-end=\"1188\">\n<p data-start=\"1168\" data-end=\"1188\"><strong data-start=\"1174\" data-end=\"1188\">Corps en laiton<\/strong> massif<\/p>\n<\/li>\n<li data-start=\"1189\" data-end=\"1202\">\n<p data-start=\"1191\" data-end=\"1202\">Poign\u00e9e en zinc<\/p>\n<\/li>\n<li data-start=\"1203\" data-end=\"1246\">\n<p data-start=\"1205\" data-end=\"1246\">Assure une temp\u00e9rature stable et s\u00fbre de l&rsquo;eau<\/p>\n<\/li>\n<\/ul>\n<h3 data-start=\"1248\" data-end=\"1268\">\u2714 Options de finition<\/h3>\n<ul data-start=\"1269\" data-end=\"1291\">\n<li data-start=\"1278\" data-end=\"1291\">\n<p data-start=\"1280\" data-end=\"1291\">Noir mat<\/p>\n<\/li>\n<\/ul>\n<h3 data-start=\"1293\" data-end=\"1308\">\u2714 Emballage<\/h3>\n<ul data-start=\"1309\" data-end=\"1344\">\n<li data-start=\"1309\" data-end=\"1344\">\n<p data-start=\"1311\" data-end=\"1344\">Fourni avec un emballage en bo\u00eete de couleur<\/p>\n<\/li>\n<\/ul>\n","protected":false},"excerpt":{"rendered":"<p>Erfu Rond Ensemble de douche thermostatique &#8211; Noir mat L&rsquo;ensemble de douche thermostatique Erfu Rond combine un design moderne avec<\/p>\n","protected":false},"featured_media":177186,"comment_status":"open","ping_status":"closed","template":"","meta":[],"product_brand":[],"product_cat":[15033],"product_tag":[15038],"class_list":{"0":"post-205652","1":"product","2":"type-product","3":"status-publish","4":"has-post-thumbnail","6":"product_cat-sets-de-douche","7":"product_tag-livraison-gratuite","8":"product_shipping_class-free-shipping","10":"first","11":"instock","12":"taxable","13":"shipping-taxable","14":"purchasable","15":"product-type-simple"},"_links":{"self":[{"href":"https:\/\/erfuhome.com\/fr\/wp-json\/wp\/v2\/product\/205652","targetHints":{"allow":["GET"]}}],"collection":[{"href":"https:\/\/erfuhome.com\/fr\/wp-json\/wp\/v2\/product"}],"about":[{"href":"https:\/\/erfuhome.com\/fr\/wp-json\/wp\/v2\/types\/product"}],"replies":[{"embeddable":true,"href":"https:\/\/erfuhome.com\/fr\/wp-json\/wp\/v2\/comments?post=205652"}],"version-history":[{"count":0,"href":"https:\/\/erfuhome.com\/fr\/wp-json\/wp\/v2\/product\/205652\/revisions"}],"wp:featuredmedia":[{"embeddable":true,"href":"https:\/\/erfuhome.com\/fr\/wp-json\/wp\/v2\/media\/177186"}],"wp:attachment":[{"href":"https:\/\/erfuhome.com\/fr\/wp-json\/wp\/v2\/media?parent=205652"}],"wp:term":[{"taxonomy":"product_brand","embeddable":true,"href":"https:\/\/erfuhome.com\/fr\/wp-json\/wp\/v2\/product_brand?post=205652"},{"taxonomy":"product_cat","embeddable":true,"href":"https:\/\/erfuhome.com\/fr\/wp-json\/wp\/v2\/product_cat?post=205652"},{"taxonomy":"product_tag","embeddable":true,"href":"https:\/\/erfuhome.com\/fr\/wp-json\/wp\/v2\/product_tag?post=205652"}],"curies":[{"name":"wp","href":"https:\/\/api.w.org\/{rel}","templated":true}]}}