{"id":58080,"date":"2025-10-31T11:27:08","date_gmt":"2025-10-31T11:27:08","guid":{"rendered":"https:\/\/erfuhome.com\/?post_type=product&#038;p=58080"},"modified":"2026-02-22T00:04:20","modified_gmt":"2026-02-22T00:04:20","slug":"miroir-led-aloni-uovo-chauffant-60x80cm","status":"publish","type":"product","link":"https:\/\/erfuhome.com\/fr\/produit\/miroir-led-aloni-uovo-chauffant-60x80cm\/","title":{"rendered":"Aloni Uovo Miroir &#8211; Avec \u00c9clairage Led &#8211; Ovo\u00efde &#8211; Sans Cadre &#8211; Avec Chauffage &#8211; Temp\u00e9rature De Couleur Led 3500-6500k &#8211; 60x80cm"},"content":{"rendered":"<h3>Product information<\/h3>\n<\/div>\n<\/div>\n<div class=\"product-downloads\">\n<h3>Downloads &amp; Documents<\/h3>\n<table class=\"wp-block-table is-style-stripes\">\n<tbody>\n<tr>\n<td><strong>LDPH1078-technical-drawing<\/strong><\/td>\n<td><a href=\"https:\/\/www.versagroup.be\/fr\/mwdownloads\/01990f179152735198d610a9179746d8\" target=\"_blank\" rel=\"noopener\">Download PDF<\/a><\/td>\n<\/tr>\n<tr>\n<td><strong>Manual LED-mirrors CREAVIT BELGIUM<\/strong><\/td>\n<td><a href=\"https:\/\/www.versagroup.be\/fr\/mwdownloads\/1c9c50aee26947d88ba81c1b65923834\" target=\"_blank\" rel=\"noopener\">Download PDF<\/a><\/td>\n<\/tr>\n<\/tbody>\n<\/table>\n<\/div>\n","protected":false},"excerpt":{"rendered":"<p>Product information<\/p>\n","protected":false},"featured_media":37166,"comment_status":"open","ping_status":"closed","template":"","meta":[],"product_brand":[11005],"product_cat":[10076,10326,10268,10604],"product_tag":[],"class_list":{"0":"post-58080","1":"product","2":"type-product","3":"status-publish","4":"has-post-thumbnail","6":"product_brand-aloni","7":"product_cat-meubles","8":"product_cat-miroir","9":"product_cat-miroirs-led","10":"product_cat-sanitaire","11":"pa_height_mm-13534","12":"pa_weight_g-14515","13":"pa_width_mm-13539","15":"first","16":"instock","17":"sale","18":"taxable","19":"shipping-taxable","20":"purchasable","21":"product-type-simple"},"_links":{"self":[{"href":"https:\/\/erfuhome.com\/fr\/wp-json\/wp\/v2\/product\/58080","targetHints":{"allow":["GET"]}}],"collection":[{"href":"https:\/\/erfuhome.com\/fr\/wp-json\/wp\/v2\/product"}],"about":[{"href":"https:\/\/erfuhome.com\/fr\/wp-json\/wp\/v2\/types\/product"}],"replies":[{"embeddable":true,"href":"https:\/\/erfuhome.com\/fr\/wp-json\/wp\/v2\/comments?post=58080"}],"version-history":[{"count":1,"href":"https:\/\/erfuhome.com\/fr\/wp-json\/wp\/v2\/product\/58080\/revisions"}],"predecessor-version":[{"id":193598,"href":"https:\/\/erfuhome.com\/fr\/wp-json\/wp\/v2\/product\/58080\/revisions\/193598"}],"wp:featuredmedia":[{"embeddable":true,"href":"https:\/\/erfuhome.com\/fr\/wp-json\/wp\/v2\/media\/37166"}],"wp:attachment":[{"href":"https:\/\/erfuhome.com\/fr\/wp-json\/wp\/v2\/media?parent=58080"}],"wp:term":[{"taxonomy":"product_brand","embeddable":true,"href":"https:\/\/erfuhome.com\/fr\/wp-json\/wp\/v2\/product_brand?post=58080"},{"taxonomy":"product_cat","embeddable":true,"href":"https:\/\/erfuhome.com\/fr\/wp-json\/wp\/v2\/product_cat?post=58080"},{"taxonomy":"product_tag","embeddable":true,"href":"https:\/\/erfuhome.com\/fr\/wp-json\/wp\/v2\/product_tag?post=58080"}],"curies":[{"name":"wp","href":"https:\/\/api.w.org\/{rel}","templated":true}]}}