{"id":58110,"date":"2025-10-31T11:48:15","date_gmt":"2025-10-31T11:48:15","guid":{"rendered":"https:\/\/erfuhome.com\/?post_type=product&#038;p=58110"},"modified":"2026-02-22T00:04:25","modified_gmt":"2026-02-22T00:04:25","slug":"armoire-miroir-hayat-2-portes-miroir-asymetriques-simples-face-4-etageres-reglables-en-hauteur-80x70x15cm-noir-mat","status":"publish","type":"product","link":"https:\/\/erfuhome.com\/fr\/produit\/armoire-miroir-hayat-2-portes-miroir-asymetriques-simples-face-4-etageres-reglables-en-hauteur-80x70x15cm-noir-mat\/","title":{"rendered":"Hayat Armoire Miroir &#8211; 2 Portes Miroirs Asym\u00e9triques, \u00c0 Un Seul C\u00f4t\u00e9 &#8211; 4 \u00c9tag\u00e8res R\u00e9glables En Hauteur &#8211; 80x70x15 Cm &#8211; Noir Mat"},"content":{"rendered":"<p>Combine style and functionality in your bathroom with the <b>Hayat mirrored cabinet<\/b>. This elegant cabinet in <b>matte black<\/b> features <b>two asymmetrical, single-sided mirrored doors<\/b> that create a modern and refined look. Inside, the cabinet offers <b>four height-adjustable shelves<\/b>, ideal for neatly storing your toiletries.<\/p>\n<p>Thanks to its dimensions of <b>80 x 70 x 15 cm<\/b>, it creates extra storage space without losing valuable room \u2014 perfect for both compact and spacious bathrooms.<\/p>\n<p>Combine this mirrored cabinet with one of the matching Hayat base units for a harmonious whole with even more storage comfort. The Hayat line guarantees smart bathroom solutions.<\/p>\n<p><b>Main features:<\/b><\/p>\n<ul>\n<li>Stylish mirrored cabinet<\/li>\n<li>2 asymmetrical, single-sided mirrored doors<\/li>\n<li>4 height-adjustable shelves for flexible organization<\/li>\n<li>Extra storage space without losing floor area<\/li>\n<li>Perfectly matches the Hayat base units for a uniform look<\/li>\n<\/ul>\n<div class=\"product-downloads\">\n<h3>Downloads &amp; Documents<\/h3>\n<table class=\"wp-block-table is-style-stripes\">\n<tbody>\n<tr>\n<td><strong>HYT080 mirror cabinet &#8211; intallation guide<\/strong><\/td>\n<td><a href=\"https:\/\/www.versagroup.be\/fr\/mwdownloads\/019874168aa47d1e84464ec59e8ee92a\" target=\"_blank\" rel=\"noopener\">Download PDF<\/a><\/td>\n<\/tr>\n<tr>\n<td><strong>HYT080.MB-technical-drawing<\/strong><\/td>\n<td><a href=\"https:\/\/www.versagroup.be\/fr\/mwdownloads\/01990f172472726eb25704281eeb5906\" target=\"_blank\" rel=\"noopener\">Download PDF<\/a><\/td>\n<\/tr>\n<\/tbody>\n<\/table>\n<\/div>\n","protected":false},"excerpt":{"rendered":"<p>Product information<\/p>\n<p>                        Combine style and functionality in your bathroom with the Hayat mirrored cabinet. This elegant cabinet in matte black features two asymmetrical, single-sided mirrored doors that create a modern and refined look. Inside, the cabinet offers four height-adjustable shelves, ideal for neatly storing your toiletries.<\/p>\n<p>Thanks to its dimensions of 80 x 70 x 15 cm, it creates extra storage space without losing valuable room \u2014 perfect for both compact and spacious bathrooms.<\/p>\n<p>Combine this mirrored cabinet with one of the matching Hayat base units for a harmonious whole with even more storage comfort. The Hayat line guarantees smart bathroom solutions.<\/p>\n<p>Main features:<\/p>\n<p>  Stylish mirrored cabinet<br \/>\n  2 asymmetrical, single-sided mirrored doors<br \/>\n  4 height-adjustable shelves for flexible organization<br \/>\n  Extra storage space without losing floor area<br \/>\n  Perfectly matches the Hayat base units for a uniform look<\/p>\n","protected":false},"featured_media":37380,"comment_status":"open","ping_status":"closed","template":"","meta":[],"product_brand":[11005],"product_cat":[10328,10076,10326,10604],"product_tag":[],"class_list":{"0":"post-58110","1":"product","2":"type-product","3":"status-publish","4":"has-post-thumbnail","6":"product_brand-aloni","7":"product_cat-armoires-glace","8":"product_cat-meubles","9":"product_cat-miroir","10":"product_cat-sanitaire","11":"pa_depth_mm-14666","12":"pa_height_mm-14447","13":"pa_weight_kg-14059","14":"pa_width_mm-13650","16":"first","17":"instock","18":"sale","19":"taxable","20":"shipping-taxable","21":"purchasable","22":"product-type-simple"},"_links":{"self":[{"href":"https:\/\/erfuhome.com\/fr\/wp-json\/wp\/v2\/product\/58110","targetHints":{"allow":["GET"]}}],"collection":[{"href":"https:\/\/erfuhome.com\/fr\/wp-json\/wp\/v2\/product"}],"about":[{"href":"https:\/\/erfuhome.com\/fr\/wp-json\/wp\/v2\/types\/product"}],"replies":[{"embeddable":true,"href":"https:\/\/erfuhome.com\/fr\/wp-json\/wp\/v2\/comments?post=58110"}],"version-history":[{"count":1,"href":"https:\/\/erfuhome.com\/fr\/wp-json\/wp\/v2\/product\/58110\/revisions"}],"predecessor-version":[{"id":193613,"href":"https:\/\/erfuhome.com\/fr\/wp-json\/wp\/v2\/product\/58110\/revisions\/193613"}],"wp:featuredmedia":[{"embeddable":true,"href":"https:\/\/erfuhome.com\/fr\/wp-json\/wp\/v2\/media\/37380"}],"wp:attachment":[{"href":"https:\/\/erfuhome.com\/fr\/wp-json\/wp\/v2\/media?parent=58110"}],"wp:term":[{"taxonomy":"product_brand","embeddable":true,"href":"https:\/\/erfuhome.com\/fr\/wp-json\/wp\/v2\/product_brand?post=58110"},{"taxonomy":"product_cat","embeddable":true,"href":"https:\/\/erfuhome.com\/fr\/wp-json\/wp\/v2\/product_cat?post=58110"},{"taxonomy":"product_tag","embeddable":true,"href":"https:\/\/erfuhome.com\/fr\/wp-json\/wp\/v2\/product_tag?post=58110"}],"curies":[{"name":"wp","href":"https:\/\/api.w.org\/{rel}","templated":true}]}}