{"id":81689,"date":"2025-10-31T17:20:39","date_gmt":"2025-10-31T17:20:39","guid":{"rendered":"https:\/\/erfuhome.com\/?post_type=product&#038;p=81689"},"modified":"2026-02-22T00:05:21","modified_gmt":"2026-02-22T00:05:21","slug":"membrane-impermeable-en-plastique-polyethylene-pour-salle-de-bains-rouleau-30m","status":"publish","type":"product","link":"https:\/\/erfuhome.com\/fr\/produit\/membrane-impermeable-en-plastique-polyethylene-pour-salle-de-bains-rouleau-30m\/","title":{"rendered":"Natte D\u00e9tanch\u00e9it\u00e9 En Poly\u00e9thyl\u00e8ne Cerdi Pour Salle De Bain Rlx 30m"},"content":{"rendered":"<p>Product information<\/p>\n<p>                        Minimum purchase per role : 30 meters<\/p>\n<div class=\"product-downloads\">\n<h3>Downloads &amp; Documents<\/h3>\n<table class=\"wp-block-table is-style-stripes\">\n<tbody>\n<tr>\n<td><strong>CARDI.M.030M-technical-drawing<\/strong><\/td>\n<td><a href=\"https:\/\/www.versagroup.be\/fr\/mwdownloads\/01990f15b32473748321362a2523ffe7\" target=\"_blank\" rel=\"noopener\">Download PDF<\/a><\/td>\n<\/tr>\n<\/tbody>\n<\/table>\n<\/div>\n","protected":false},"excerpt":{"rendered":"<p>Product information<\/p>\n<p>                        Minimum purchase per role\u00a0:\u00a030\u00a0meters<\/p>\n","protected":false},"featured_media":40526,"comment_status":"open","ping_status":"closed","template":"","meta":[],"product_brand":[],"product_cat":[10242,10928],"product_tag":[],"class_list":{"0":"post-81689","1":"product","2":"type-product","3":"status-publish","4":"has-post-thumbnail","6":"product_cat-matriel-dinstallation","7":"product_cat-membranes-impermables","8":"pa_weight_kg-13766","10":"first","11":"instock","12":"sale","13":"taxable","14":"shipping-taxable","15":"purchasable","16":"product-type-simple"},"_links":{"self":[{"href":"https:\/\/erfuhome.com\/fr\/wp-json\/wp\/v2\/product\/81689","targetHints":{"allow":["GET"]}}],"collection":[{"href":"https:\/\/erfuhome.com\/fr\/wp-json\/wp\/v2\/product"}],"about":[{"href":"https:\/\/erfuhome.com\/fr\/wp-json\/wp\/v2\/types\/product"}],"replies":[{"embeddable":true,"href":"https:\/\/erfuhome.com\/fr\/wp-json\/wp\/v2\/comments?post=81689"}],"version-history":[{"count":1,"href":"https:\/\/erfuhome.com\/fr\/wp-json\/wp\/v2\/product\/81689\/revisions"}],"predecessor-version":[{"id":193744,"href":"https:\/\/erfuhome.com\/fr\/wp-json\/wp\/v2\/product\/81689\/revisions\/193744"}],"wp:featuredmedia":[{"embeddable":true,"href":"https:\/\/erfuhome.com\/fr\/wp-json\/wp\/v2\/media\/40526"}],"wp:attachment":[{"href":"https:\/\/erfuhome.com\/fr\/wp-json\/wp\/v2\/media?parent=81689"}],"wp:term":[{"taxonomy":"product_brand","embeddable":true,"href":"https:\/\/erfuhome.com\/fr\/wp-json\/wp\/v2\/product_brand?post=81689"},{"taxonomy":"product_cat","embeddable":true,"href":"https:\/\/erfuhome.com\/fr\/wp-json\/wp\/v2\/product_cat?post=81689"},{"taxonomy":"product_tag","embeddable":true,"href":"https:\/\/erfuhome.com\/fr\/wp-json\/wp\/v2\/product_tag?post=81689"}],"curies":[{"name":"wp","href":"https:\/\/api.w.org\/{rel}","templated":true}]}}