{"id":82911,"date":"2025-10-31T17:57:19","date_gmt":"2025-10-31T17:57:19","guid":{"rendered":"https:\/\/erfuhome.com\/?post_type=product&#038;p=82911"},"modified":"2026-02-22T00:08:39","modified_gmt":"2026-02-22T00:08:39","slug":"adaptateur-pol-f-ecrou-type-coquille-45387","status":"publish","type":"product","link":"https:\/\/erfuhome.com\/fr\/produit\/adaptateur-pol-f-ecrou-type-coquille-45387\/","title":{"rendered":"Pi\u00e8ce Interm\u00e9diaire Pol Femelle  \u00c9crou Type Shell  45387"},"content":{"rendered":"<h3>Product information<\/h3>\n<\/div>\n<\/div>\n","protected":false},"excerpt":{"rendered":"<p>Product information<\/p>\n","protected":false},"featured_media":42422,"comment_status":"open","ping_status":"closed","template":"","meta":[],"product_brand":[],"product_cat":[10142,10242,10178],"product_tag":[],"class_list":{"0":"post-82911","1":"product","2":"type-product","3":"status-publish","4":"has-post-thumbnail","6":"product_cat-gaz","7":"product_cat-matriel-dinstallation","8":"product_cat-raccords-gaz","10":"first","11":"instock","12":"sale","13":"taxable","14":"shipping-taxable","15":"purchasable","16":"product-type-simple"},"_links":{"self":[{"href":"https:\/\/erfuhome.com\/fr\/wp-json\/wp\/v2\/product\/82911","targetHints":{"allow":["GET"]}}],"collection":[{"href":"https:\/\/erfuhome.com\/fr\/wp-json\/wp\/v2\/product"}],"about":[{"href":"https:\/\/erfuhome.com\/fr\/wp-json\/wp\/v2\/types\/product"}],"replies":[{"embeddable":true,"href":"https:\/\/erfuhome.com\/fr\/wp-json\/wp\/v2\/comments?post=82911"}],"version-history":[{"count":1,"href":"https:\/\/erfuhome.com\/fr\/wp-json\/wp\/v2\/product\/82911\/revisions"}],"predecessor-version":[{"id":194169,"href":"https:\/\/erfuhome.com\/fr\/wp-json\/wp\/v2\/product\/82911\/revisions\/194169"}],"wp:featuredmedia":[{"embeddable":true,"href":"https:\/\/erfuhome.com\/fr\/wp-json\/wp\/v2\/media\/42422"}],"wp:attachment":[{"href":"https:\/\/erfuhome.com\/fr\/wp-json\/wp\/v2\/media?parent=82911"}],"wp:term":[{"taxonomy":"product_brand","embeddable":true,"href":"https:\/\/erfuhome.com\/fr\/wp-json\/wp\/v2\/product_brand?post=82911"},{"taxonomy":"product_cat","embeddable":true,"href":"https:\/\/erfuhome.com\/fr\/wp-json\/wp\/v2\/product_cat?post=82911"},{"taxonomy":"product_tag","embeddable":true,"href":"https:\/\/erfuhome.com\/fr\/wp-json\/wp\/v2\/product_tag?post=82911"}],"curies":[{"name":"wp","href":"https:\/\/api.w.org\/{rel}","templated":true}]}}