{"id":82973,"date":"2025-10-31T17:58:29","date_gmt":"2025-10-31T17:58:29","guid":{"rendered":"https:\/\/erfuhome.com\/?post_type=product&#038;p=82973"},"modified":"2026-02-22T00:08:50","modified_gmt":"2026-02-22T00:08:50","slug":"pre-regulateur-bouteille-reglablemano-054bar-q8kgh-14ff-s5298","status":"publish","type":"product","link":"https:\/\/erfuhome.com\/fr\/produit\/pre-regulateur-bouteille-reglablemano-054bar-q8kgh-14ff-s5298\/","title":{"rendered":"Pr\u00e9d\u00e9tendeur Bout.R\u00e9gl.+Mano 0,54bar Q8kg\/U 1\/4ff S5298"},"content":{"rendered":"<h3>Product information<\/h3>\n<\/div>\n<\/div>\n","protected":false},"excerpt":{"rendered":"<p>Product information<\/p>\n","protected":false},"featured_media":42515,"comment_status":"open","ping_status":"closed","template":"","meta":[],"product_brand":[],"product_cat":[10142,10242],"product_tag":[],"class_list":{"0":"post-82973","1":"product","2":"type-product","3":"status-publish","4":"has-post-thumbnail","6":"product_cat-gaz","7":"product_cat-matriel-dinstallation","9":"first","10":"instock","11":"sale","12":"taxable","13":"shipping-taxable","14":"purchasable","15":"product-type-simple"},"_links":{"self":[{"href":"https:\/\/erfuhome.com\/fr\/wp-json\/wp\/v2\/product\/82973","targetHints":{"allow":["GET"]}}],"collection":[{"href":"https:\/\/erfuhome.com\/fr\/wp-json\/wp\/v2\/product"}],"about":[{"href":"https:\/\/erfuhome.com\/fr\/wp-json\/wp\/v2\/types\/product"}],"replies":[{"embeddable":true,"href":"https:\/\/erfuhome.com\/fr\/wp-json\/wp\/v2\/comments?post=82973"}],"version-history":[{"count":1,"href":"https:\/\/erfuhome.com\/fr\/wp-json\/wp\/v2\/product\/82973\/revisions"}],"predecessor-version":[{"id":194199,"href":"https:\/\/erfuhome.com\/fr\/wp-json\/wp\/v2\/product\/82973\/revisions\/194199"}],"wp:featuredmedia":[{"embeddable":true,"href":"https:\/\/erfuhome.com\/fr\/wp-json\/wp\/v2\/media\/42515"}],"wp:attachment":[{"href":"https:\/\/erfuhome.com\/fr\/wp-json\/wp\/v2\/media?parent=82973"}],"wp:term":[{"taxonomy":"product_brand","embeddable":true,"href":"https:\/\/erfuhome.com\/fr\/wp-json\/wp\/v2\/product_brand?post=82973"},{"taxonomy":"product_cat","embeddable":true,"href":"https:\/\/erfuhome.com\/fr\/wp-json\/wp\/v2\/product_cat?post=82973"},{"taxonomy":"product_tag","embeddable":true,"href":"https:\/\/erfuhome.com\/fr\/wp-json\/wp\/v2\/product_tag?post=82973"}],"curies":[{"name":"wp","href":"https:\/\/api.w.org\/{rel}","templated":true}]}}