{"id":84636,"date":"2025-10-31T18:31:16","date_gmt":"2025-10-31T18:31:16","guid":{"rendered":"https:\/\/erfuhome.com\/?post_type=product&#038;p=84636"},"modified":"2026-02-22T00:14:01","modified_gmt":"2026-02-22T00:14:01","slug":"piece-en-t-filetage-male-26x34mx26-734jdj7132gw263426","status":"publish","type":"product","link":"https:\/\/erfuhome.com\/fr\/produit\/piece-en-t-filetage-male-26x34mx26-734jdj7132gw263426\/","title":{"rendered":"T\u00e9 \u00c0 Sertir M\u00e2le 26&#215;3\/4mx26 734jdj\/\/7132gw263426"},"content":{"rendered":"<h3>Product information<\/h3>\n<\/div>\n<\/div>\n","protected":false},"excerpt":{"rendered":"<p>Product information<\/p>\n","protected":false},"featured_media":45002,"comment_status":"open","ping_status":"closed","template":"","meta":[],"product_brand":[],"product_cat":[9796,10242,10462,10216],"product_tag":[],"class_list":{"0":"post-84636","1":"product","2":"type-product","3":"status-publish","4":"has-post-thumbnail","6":"product_cat-connecteurs-et-raccords","7":"product_cat-matriel-dinstallation","8":"product_cat-raccords-sertir-pour-tuyaux-multicouches","9":"product_cat-vert","10":"pa_weight_kg-13773","12":"first","13":"instock","14":"sale","15":"taxable","16":"shipping-taxable","17":"purchasable","18":"product-type-simple"},"_links":{"self":[{"href":"https:\/\/erfuhome.com\/fr\/wp-json\/wp\/v2\/product\/84636","targetHints":{"allow":["GET"]}}],"collection":[{"href":"https:\/\/erfuhome.com\/fr\/wp-json\/wp\/v2\/product"}],"about":[{"href":"https:\/\/erfuhome.com\/fr\/wp-json\/wp\/v2\/types\/product"}],"replies":[{"embeddable":true,"href":"https:\/\/erfuhome.com\/fr\/wp-json\/wp\/v2\/comments?post=84636"}],"version-history":[{"count":1,"href":"https:\/\/erfuhome.com\/fr\/wp-json\/wp\/v2\/product\/84636\/revisions"}],"predecessor-version":[{"id":194987,"href":"https:\/\/erfuhome.com\/fr\/wp-json\/wp\/v2\/product\/84636\/revisions\/194987"}],"wp:featuredmedia":[{"embeddable":true,"href":"https:\/\/erfuhome.com\/fr\/wp-json\/wp\/v2\/media\/45002"}],"wp:attachment":[{"href":"https:\/\/erfuhome.com\/fr\/wp-json\/wp\/v2\/media?parent=84636"}],"wp:term":[{"taxonomy":"product_brand","embeddable":true,"href":"https:\/\/erfuhome.com\/fr\/wp-json\/wp\/v2\/product_brand?post=84636"},{"taxonomy":"product_cat","embeddable":true,"href":"https:\/\/erfuhome.com\/fr\/wp-json\/wp\/v2\/product_cat?post=84636"},{"taxonomy":"product_tag","embeddable":true,"href":"https:\/\/erfuhome.com\/fr\/wp-json\/wp\/v2\/product_tag?post=84636"}],"curies":[{"name":"wp","href":"https:\/\/api.w.org\/{rel}","templated":true}]}}