{"id":84638,"date":"2025-10-31T18:31:19","date_gmt":"2025-10-31T18:31:19","guid":{"rendered":"https:\/\/erfuhome.com\/?post_type=product&#038;p=84638"},"modified":"2026-02-22T00:14:04","modified_gmt":"2026-02-22T00:14:04","slug":"reduction-piece-en-t-raccord-a-presse-26x16x20-733jbe7130rw261620","status":"publish","type":"product","link":"https:\/\/erfuhome.com\/fr\/produit\/reduction-piece-en-t-raccord-a-presse-26x16x20-733jbe7130rw261620\/","title":{"rendered":"R\u00e9duction T\u00e9 \u00c0 Sertir 26x16x20 733jbe\/\/7130rw261620"},"content":{"rendered":"<h3>Product information<\/h3>\n<\/div>\n<\/div>\n","protected":false},"excerpt":{"rendered":"<p>Product information<\/p>\n","protected":false},"featured_media":45005,"comment_status":"open","ping_status":"closed","template":"","meta":[],"product_brand":[],"product_cat":[9796,10242,10462,10216],"product_tag":[],"class_list":{"0":"post-84638","1":"product","2":"type-product","3":"status-publish","4":"has-post-thumbnail","6":"product_cat-connecteurs-et-raccords","7":"product_cat-matriel-dinstallation","8":"product_cat-raccords-sertir-pour-tuyaux-multicouches","9":"product_cat-vert","10":"pa_weight_kg-13804","12":"first","13":"instock","14":"sale","15":"taxable","16":"shipping-taxable","17":"purchasable","18":"product-type-simple"},"_links":{"self":[{"href":"https:\/\/erfuhome.com\/fr\/wp-json\/wp\/v2\/product\/84638","targetHints":{"allow":["GET"]}}],"collection":[{"href":"https:\/\/erfuhome.com\/fr\/wp-json\/wp\/v2\/product"}],"about":[{"href":"https:\/\/erfuhome.com\/fr\/wp-json\/wp\/v2\/types\/product"}],"replies":[{"embeddable":true,"href":"https:\/\/erfuhome.com\/fr\/wp-json\/wp\/v2\/comments?post=84638"}],"version-history":[{"count":1,"href":"https:\/\/erfuhome.com\/fr\/wp-json\/wp\/v2\/product\/84638\/revisions"}],"predecessor-version":[{"id":194988,"href":"https:\/\/erfuhome.com\/fr\/wp-json\/wp\/v2\/product\/84638\/revisions\/194988"}],"wp:featuredmedia":[{"embeddable":true,"href":"https:\/\/erfuhome.com\/fr\/wp-json\/wp\/v2\/media\/45005"}],"wp:attachment":[{"href":"https:\/\/erfuhome.com\/fr\/wp-json\/wp\/v2\/media?parent=84638"}],"wp:term":[{"taxonomy":"product_brand","embeddable":true,"href":"https:\/\/erfuhome.com\/fr\/wp-json\/wp\/v2\/product_brand?post=84638"},{"taxonomy":"product_cat","embeddable":true,"href":"https:\/\/erfuhome.com\/fr\/wp-json\/wp\/v2\/product_cat?post=84638"},{"taxonomy":"product_tag","embeddable":true,"href":"https:\/\/erfuhome.com\/fr\/wp-json\/wp\/v2\/product_tag?post=84638"}],"curies":[{"name":"wp","href":"https:\/\/api.w.org\/{rel}","templated":true}]}}