{"id":84642,"date":"2025-10-31T18:31:24","date_gmt":"2025-10-31T18:31:24","guid":{"rendered":"https:\/\/erfuhome.com\/?post_type=product&#038;p=84642"},"modified":"2026-02-22T00:14:05","modified_gmt":"2026-02-22T00:14:05","slug":"reduction-piece-en-t-raccord-a-presse-26x20x20-733jee7130rw262020","status":"publish","type":"product","link":"https:\/\/erfuhome.com\/fr\/produit\/reduction-piece-en-t-raccord-a-presse-26x20x20-733jee7130rw262020\/","title":{"rendered":"R\u00e9duction Pi\u00e8ce En T Raccord \u00c0 Presse 26x20x20 733jee\/\/7130rw262020"},"content":{"rendered":"<p>Product information<\/p>\n<p>                                            Close menu<\/p>\n","protected":false},"excerpt":{"rendered":"<p>Product information<\/p>\n","protected":false},"featured_media":45011,"comment_status":"open","ping_status":"closed","template":"","meta":[],"product_brand":[],"product_cat":[10216],"product_tag":[],"class_list":{"0":"post-84642","1":"product","2":"type-product","3":"status-publish","4":"has-post-thumbnail","6":"product_cat-vert","8":"first","9":"instock","10":"sale","11":"taxable","12":"shipping-taxable","13":"purchasable","14":"product-type-simple"},"_links":{"self":[{"href":"https:\/\/erfuhome.com\/fr\/wp-json\/wp\/v2\/product\/84642","targetHints":{"allow":["GET"]}}],"collection":[{"href":"https:\/\/erfuhome.com\/fr\/wp-json\/wp\/v2\/product"}],"about":[{"href":"https:\/\/erfuhome.com\/fr\/wp-json\/wp\/v2\/types\/product"}],"replies":[{"embeddable":true,"href":"https:\/\/erfuhome.com\/fr\/wp-json\/wp\/v2\/comments?post=84642"}],"version-history":[{"count":0,"href":"https:\/\/erfuhome.com\/fr\/wp-json\/wp\/v2\/product\/84642\/revisions"}],"wp:featuredmedia":[{"embeddable":true,"href":"https:\/\/erfuhome.com\/fr\/wp-json\/wp\/v2\/media\/45011"}],"wp:attachment":[{"href":"https:\/\/erfuhome.com\/fr\/wp-json\/wp\/v2\/media?parent=84642"}],"wp:term":[{"taxonomy":"product_brand","embeddable":true,"href":"https:\/\/erfuhome.com\/fr\/wp-json\/wp\/v2\/product_brand?post=84642"},{"taxonomy":"product_cat","embeddable":true,"href":"https:\/\/erfuhome.com\/fr\/wp-json\/wp\/v2\/product_cat?post=84642"},{"taxonomy":"product_tag","embeddable":true,"href":"https:\/\/erfuhome.com\/fr\/wp-json\/wp\/v2\/product_tag?post=84642"}],"curies":[{"name":"wp","href":"https:\/\/api.w.org\/{rel}","templated":true}]}}