{"id":84648,"date":"2025-10-31T18:31:31","date_gmt":"2025-10-31T18:31:31","guid":{"rendered":"https:\/\/erfuhome.com\/?post_type=product&#038;p=84648"},"modified":"2026-02-22T00:14:06","modified_gmt":"2026-02-22T00:14:06","slug":"piece-en-t-filetage-male-20x34mx20-734ede7132gw203420","status":"publish","type":"product","link":"https:\/\/erfuhome.com\/fr\/produit\/piece-en-t-filetage-male-20x34mx20-734ede7132gw203420\/","title":{"rendered":"T\u00e9 \u00c0 Sertir M\u00e2le 20&#215;3\/4mx20 734ede\/\/7132gw203420"},"content":{"rendered":"<h3>Product information<\/h3>\n<\/div>\n<\/div>\n","protected":false},"excerpt":{"rendered":"<p>Product information<\/p>\n","protected":false},"featured_media":45020,"comment_status":"open","ping_status":"closed","template":"","meta":[],"product_brand":[],"product_cat":[9796,10242,10462,10216],"product_tag":[],"class_list":{"0":"post-84648","1":"product","2":"type-product","3":"status-publish","4":"has-post-thumbnail","6":"product_cat-connecteurs-et-raccords","7":"product_cat-matriel-dinstallation","8":"product_cat-raccords-sertir-pour-tuyaux-multicouches","9":"product_cat-vert","10":"pa_weight_kg-13738","12":"first","13":"instock","14":"sale","15":"taxable","16":"shipping-taxable","17":"purchasable","18":"product-type-simple"},"_links":{"self":[{"href":"https:\/\/erfuhome.com\/fr\/wp-json\/wp\/v2\/product\/84648","targetHints":{"allow":["GET"]}}],"collection":[{"href":"https:\/\/erfuhome.com\/fr\/wp-json\/wp\/v2\/product"}],"about":[{"href":"https:\/\/erfuhome.com\/fr\/wp-json\/wp\/v2\/types\/product"}],"replies":[{"embeddable":true,"href":"https:\/\/erfuhome.com\/fr\/wp-json\/wp\/v2\/comments?post=84648"}],"version-history":[{"count":1,"href":"https:\/\/erfuhome.com\/fr\/wp-json\/wp\/v2\/product\/84648\/revisions"}],"predecessor-version":[{"id":194991,"href":"https:\/\/erfuhome.com\/fr\/wp-json\/wp\/v2\/product\/84648\/revisions\/194991"}],"wp:featuredmedia":[{"embeddable":true,"href":"https:\/\/erfuhome.com\/fr\/wp-json\/wp\/v2\/media\/45020"}],"wp:attachment":[{"href":"https:\/\/erfuhome.com\/fr\/wp-json\/wp\/v2\/media?parent=84648"}],"wp:term":[{"taxonomy":"product_brand","embeddable":true,"href":"https:\/\/erfuhome.com\/fr\/wp-json\/wp\/v2\/product_brand?post=84648"},{"taxonomy":"product_cat","embeddable":true,"href":"https:\/\/erfuhome.com\/fr\/wp-json\/wp\/v2\/product_cat?post=84648"},{"taxonomy":"product_tag","embeddable":true,"href":"https:\/\/erfuhome.com\/fr\/wp-json\/wp\/v2\/product_tag?post=84648"}],"curies":[{"name":"wp","href":"https:\/\/api.w.org\/{rel}","templated":true}]}}