{"id":86851,"date":"2025-10-31T19:16:03","date_gmt":"2025-10-31T19:16:03","guid":{"rendered":"https:\/\/erfuhome.com\/?post_type=product&#038;p=86851"},"modified":"2026-02-22T00:21:02","modified_gmt":"2026-02-22T00:21:02","slug":"te-pour-polyethylene-035-2x63","status":"publish","type":"product","link":"https:\/\/erfuhome.com\/fr\/produit\/te-pour-polyethylene-035-2x63\/","title":{"rendered":"T\u00e9 Pour Poly\u00e9thyl\u00e8ne 035 2&rsquo;X63"},"content":{"rendered":"<h3>Product information<\/h3>\n<\/div>\n<\/div>\n","protected":false},"excerpt":{"rendered":"<p>Product information<\/p>\n","protected":false},"featured_media":48317,"comment_status":"open","ping_status":"closed","template":"","meta":[],"product_brand":[],"product_cat":[9796,10242,10442,9814],"product_tag":[],"class_list":{"0":"post-86851","1":"product","2":"type-product","3":"status-publish","4":"has-post-thumbnail","6":"product_cat-connecteurs-et-raccords","7":"product_cat-matriel-dinstallation","8":"product_cat-pice-en-polythylne","9":"product_cat-raccords-polythylne-itap","11":"first","12":"instock","13":"taxable","14":"shipping-taxable","15":"product-type-simple"},"_links":{"self":[{"href":"https:\/\/erfuhome.com\/fr\/wp-json\/wp\/v2\/product\/86851","targetHints":{"allow":["GET"]}}],"collection":[{"href":"https:\/\/erfuhome.com\/fr\/wp-json\/wp\/v2\/product"}],"about":[{"href":"https:\/\/erfuhome.com\/fr\/wp-json\/wp\/v2\/types\/product"}],"replies":[{"embeddable":true,"href":"https:\/\/erfuhome.com\/fr\/wp-json\/wp\/v2\/comments?post=86851"}],"version-history":[{"count":0,"href":"https:\/\/erfuhome.com\/fr\/wp-json\/wp\/v2\/product\/86851\/revisions"}],"wp:featuredmedia":[{"embeddable":true,"href":"https:\/\/erfuhome.com\/fr\/wp-json\/wp\/v2\/media\/48317"}],"wp:attachment":[{"href":"https:\/\/erfuhome.com\/fr\/wp-json\/wp\/v2\/media?parent=86851"}],"wp:term":[{"taxonomy":"product_brand","embeddable":true,"href":"https:\/\/erfuhome.com\/fr\/wp-json\/wp\/v2\/product_brand?post=86851"},{"taxonomy":"product_cat","embeddable":true,"href":"https:\/\/erfuhome.com\/fr\/wp-json\/wp\/v2\/product_cat?post=86851"},{"taxonomy":"product_tag","embeddable":true,"href":"https:\/\/erfuhome.com\/fr\/wp-json\/wp\/v2\/product_tag?post=86851"}],"curies":[{"name":"wp","href":"https:\/\/api.w.org\/{rel}","templated":true}]}}