{"id":86857,"date":"2025-10-31T19:16:10","date_gmt":"2025-10-31T19:16:10","guid":{"rendered":"https:\/\/erfuhome.com\/?post_type=product&#038;p=86857"},"modified":"2026-02-22T00:21:03","modified_gmt":"2026-02-22T00:21:03","slug":"te-pour-polyethylene-035-54x40","status":"publish","type":"product","link":"https:\/\/erfuhome.com\/fr\/produit\/te-pour-polyethylene-035-54x40\/","title":{"rendered":"T\u00e9 Pour Poly\u00e9thyl\u00e8ne 035 5\/4&#215;40"},"content":{"rendered":"<h3>Product information<\/h3>\n<\/div>\n<\/div>\n","protected":false},"excerpt":{"rendered":"<p>Product information<\/p>\n","protected":false},"featured_media":48326,"comment_status":"open","ping_status":"closed","template":"","meta":[],"product_brand":[],"product_cat":[9796,10242,10442,9814],"product_tag":[],"class_list":{"0":"post-86857","1":"product","2":"type-product","3":"status-publish","4":"has-post-thumbnail","6":"product_cat-connecteurs-et-raccords","7":"product_cat-matriel-dinstallation","8":"product_cat-pice-en-polythylne","9":"product_cat-raccords-polythylne-itap","11":"first","12":"instock","13":"taxable","14":"shipping-taxable","15":"product-type-simple"},"_links":{"self":[{"href":"https:\/\/erfuhome.com\/fr\/wp-json\/wp\/v2\/product\/86857","targetHints":{"allow":["GET"]}}],"collection":[{"href":"https:\/\/erfuhome.com\/fr\/wp-json\/wp\/v2\/product"}],"about":[{"href":"https:\/\/erfuhome.com\/fr\/wp-json\/wp\/v2\/types\/product"}],"replies":[{"embeddable":true,"href":"https:\/\/erfuhome.com\/fr\/wp-json\/wp\/v2\/comments?post=86857"}],"version-history":[{"count":0,"href":"https:\/\/erfuhome.com\/fr\/wp-json\/wp\/v2\/product\/86857\/revisions"}],"wp:featuredmedia":[{"embeddable":true,"href":"https:\/\/erfuhome.com\/fr\/wp-json\/wp\/v2\/media\/48326"}],"wp:attachment":[{"href":"https:\/\/erfuhome.com\/fr\/wp-json\/wp\/v2\/media?parent=86857"}],"wp:term":[{"taxonomy":"product_brand","embeddable":true,"href":"https:\/\/erfuhome.com\/fr\/wp-json\/wp\/v2\/product_brand?post=86857"},{"taxonomy":"product_cat","embeddable":true,"href":"https:\/\/erfuhome.com\/fr\/wp-json\/wp\/v2\/product_cat?post=86857"},{"taxonomy":"product_tag","embeddable":true,"href":"https:\/\/erfuhome.com\/fr\/wp-json\/wp\/v2\/product_tag?post=86857"}],"curies":[{"name":"wp","href":"https:\/\/api.w.org\/{rel}","templated":true}]}}