{"id":89645,"date":"2025-11-07T17:30:20","date_gmt":"2025-11-07T17:30:20","guid":{"rendered":"https:\/\/erfuhome.com\/?post_type=product&#038;p=89645"},"modified":"2026-02-22T00:38:41","modified_gmt":"2026-02-22T00:38:41","slug":"abattant-de-wc-creavit-lara-forme-d-fermeture-douce-duroplast-charnieres-en-acier-inoxydable-noir-charbon","status":"publish","type":"product","link":"https:\/\/erfuhome.com\/fr\/produit\/abattant-de-wc-creavit-lara-forme-d-fermeture-douce-duroplast-charnieres-en-acier-inoxydable-noir-charbon\/","title":{"rendered":"Creavit Lara Abattant Wc &#8211; Mod\u00e8le D &#8211; Frein De Chute &#8211; D\u00e9clipsable &#8211; Duroplast &#8211; Charni\u00e8res En Inox &#8211; Noir Charbon"},"content":{"rendered":"<h3>Product information<\/h3>\n<\/div>\n<\/div>\n","protected":false},"excerpt":{"rendered":"<p>Product information<\/p>\n","protected":false},"featured_media":52476,"comment_status":"open","ping_status":"closed","template":"","meta":[],"product_brand":[11006],"product_cat":[10604,10770,10772],"product_tag":[],"class_list":{"0":"post-89645","1":"product","2":"type-product","3":"status-publish","4":"has-post-thumbnail","6":"product_brand-creavit","7":"product_cat-sanitaire","8":"product_cat-sige-de-toilette","9":"product_cat-toilettes-fr","10":"pa_depth_mm-14746","11":"pa_depth_mm-13762","12":"pa_height_mm-14423","13":"pa_weight_kg-13552","14":"pa_width_mm-14424","16":"first","17":"instock","18":"sale","19":"taxable","20":"shipping-taxable","21":"purchasable","22":"product-type-simple"},"_links":{"self":[{"href":"https:\/\/erfuhome.com\/fr\/wp-json\/wp\/v2\/product\/89645","targetHints":{"allow":["GET"]}}],"collection":[{"href":"https:\/\/erfuhome.com\/fr\/wp-json\/wp\/v2\/product"}],"about":[{"href":"https:\/\/erfuhome.com\/fr\/wp-json\/wp\/v2\/types\/product"}],"replies":[{"embeddable":true,"href":"https:\/\/erfuhome.com\/fr\/wp-json\/wp\/v2\/comments?post=89645"}],"version-history":[{"count":1,"href":"https:\/\/erfuhome.com\/fr\/wp-json\/wp\/v2\/product\/89645\/revisions"}],"predecessor-version":[{"id":203580,"href":"https:\/\/erfuhome.com\/fr\/wp-json\/wp\/v2\/product\/89645\/revisions\/203580"}],"wp:featuredmedia":[{"embeddable":true,"href":"https:\/\/erfuhome.com\/fr\/wp-json\/wp\/v2\/media\/52476"}],"wp:attachment":[{"href":"https:\/\/erfuhome.com\/fr\/wp-json\/wp\/v2\/media?parent=89645"}],"wp:term":[{"taxonomy":"product_brand","embeddable":true,"href":"https:\/\/erfuhome.com\/fr\/wp-json\/wp\/v2\/product_brand?post=89645"},{"taxonomy":"product_cat","embeddable":true,"href":"https:\/\/erfuhome.com\/fr\/wp-json\/wp\/v2\/product_cat?post=89645"},{"taxonomy":"product_tag","embeddable":true,"href":"https:\/\/erfuhome.com\/fr\/wp-json\/wp\/v2\/product_tag?post=89645"}],"curies":[{"name":"wp","href":"https:\/\/api.w.org\/{rel}","templated":true}]}}