{"id":90295,"date":"2025-11-07T18:05:47","date_gmt":"2025-11-07T18:05:47","guid":{"rendered":"https:\/\/erfuhome.com\/?post_type=product&#038;p=90295"},"modified":"2026-02-22T00:42:51","modified_gmt":"2026-02-22T00:42:51","slug":"bouton-serviette-emballe-par-2-pcs-blanc","status":"publish","type":"product","link":"https:\/\/erfuhome.com\/fr\/produit\/bouton-serviette-emballe-par-2-pcs-blanc\/","title":{"rendered":"Pat\u00e8re S\u00e8che-Serviettes  (Emball\u00e9 Pour 2 Pcs) Blanc"},"content":{"rendered":"<h3>Product information<\/h3>\n<\/div>\n<\/div>\n","protected":false},"excerpt":{"rendered":"<p>Product information<\/p>\n","protected":false},"featured_media":53760,"comment_status":"open","ping_status":"closed","template":"","meta":[],"product_brand":[],"product_cat":[10480,10234,10780],"product_tag":[],"class_list":{"0":"post-90295","1":"product","2":"type-product","3":"status-publish","4":"has-post-thumbnail","6":"product_cat-accessoires-de-radiateur","7":"product_cat-chauffage","8":"product_cat-porte-serviettes","9":"pa_weight_kg-14293","11":"first","12":"instock","13":"sale","14":"taxable","15":"shipping-taxable","16":"purchasable","17":"product-type-simple"},"_links":{"self":[{"href":"https:\/\/erfuhome.com\/fr\/wp-json\/wp\/v2\/product\/90295","targetHints":{"allow":["GET"]}}],"collection":[{"href":"https:\/\/erfuhome.com\/fr\/wp-json\/wp\/v2\/product"}],"about":[{"href":"https:\/\/erfuhome.com\/fr\/wp-json\/wp\/v2\/types\/product"}],"replies":[{"embeddable":true,"href":"https:\/\/erfuhome.com\/fr\/wp-json\/wp\/v2\/comments?post=90295"}],"version-history":[{"count":1,"href":"https:\/\/erfuhome.com\/fr\/wp-json\/wp\/v2\/product\/90295\/revisions"}],"predecessor-version":[{"id":203855,"href":"https:\/\/erfuhome.com\/fr\/wp-json\/wp\/v2\/product\/90295\/revisions\/203855"}],"wp:featuredmedia":[{"embeddable":true,"href":"https:\/\/erfuhome.com\/fr\/wp-json\/wp\/v2\/media\/53760"}],"wp:attachment":[{"href":"https:\/\/erfuhome.com\/fr\/wp-json\/wp\/v2\/media?parent=90295"}],"wp:term":[{"taxonomy":"product_brand","embeddable":true,"href":"https:\/\/erfuhome.com\/fr\/wp-json\/wp\/v2\/product_brand?post=90295"},{"taxonomy":"product_cat","embeddable":true,"href":"https:\/\/erfuhome.com\/fr\/wp-json\/wp\/v2\/product_cat?post=90295"},{"taxonomy":"product_tag","embeddable":true,"href":"https:\/\/erfuhome.com\/fr\/wp-json\/wp\/v2\/product_tag?post=90295"}],"curies":[{"name":"wp","href":"https:\/\/api.w.org\/{rel}","templated":true}]}}