{"id":90447,"date":"2025-11-07T18:23:15","date_gmt":"2025-11-07T18:23:15","guid":{"rendered":"https:\/\/erfuhome.com\/?post_type=product&#038;p=90447"},"modified":"2026-02-22T00:43:53","modified_gmt":"2026-02-22T00:43:53","slug":"radiateur-electrique-belrad-double-avec-thermostat-numerique-programmable-120w-o25cm-150x168x127-cm-gunmetal","status":"publish","type":"product","link":"https:\/\/erfuhome.com\/fr\/produit\/radiateur-electrique-belrad-double-avec-thermostat-numerique-programmable-120w-o25cm-150x168x127-cm-gunmetal\/","title":{"rendered":"Belrad S\u00e8che-Serviettes \u00c9lectrique \u00c0 Tige \u2013 Double \u2013 Avec Thermostat Num\u00e9rique Programmable \u2013 120w \u2013 \u00d82,5cm \u2013 150&#215;16,8&#215;12,7 Cm \u2013 Gunmetal"},"content":{"rendered":"<p>This elegantly designed Belrad double, <strong>s\u00e8che-serviettes \u00e9lectrique sur pied in Gunmetal*<\/strong> is 150cm high and combines minimalist design with energy efficiency and <strong>a heating capacity of 60W.<\/strong> Thanks to the two handy hooks, you can always enjoy a warm towel or bathrobe after showering, without depending on central heating. <\/p>\n<p> Furthermore, this standing S\u00c8CHE-SERVIETTES features two heating modes for optimal comfort. The low setting heats the Porte-serviettes to approximately 45\u00b0C, while the high setting reaches a temperature of 60\u00b0C. Moreover, you can set the dryer with a timer that automatically switches off the radiator after 90 or 45 minutes, for extra convenience and energy efficiency, as you choose. <\/p>\n<p> Finally, the S\u00c8CHE-SERVIETTES comes complete with a plug and a 120 cm power cord. Choose this standing towel radiator and transform your bathroom with a luxurious look and smart, energy-efficient functionality! <\/p>\n<p><strong>Advantages:<\/strong><\/p>\n<ul>\n<li>Two heating modes for optimal comfort: choice of 45\u00b0C or 60\u00b0C <\/li>\n<li>Energy efficiency: with a heating capacity of 60W <\/li>\n<li>Convenient timer function: for added convenience, the S\u00c8CHE-SERVIETTES automatically turns off after 45 or 90 minutes. <\/li>\n<li>Practical hooks: for warm towels and bathrobes<\/li>\n<\/ul>\n<p>* The colours shown may differ slightly from the actual product colour depending on your screen settings and monitor type.<\/p>\n<div class=\"product-downloads\">\n<h3>Downloads &amp; Documents<\/h3>\n<table class=\"wp-block-table is-style-stripes\">\n<tbody>\n<tr>\n<td><strong>HS1513-installation-manual<\/strong><\/td>\n<td><a href=\"https:\/\/www.versagroup.be\/fr\/mwdownloads\/01991687bfde7f24a95456bed296dd65\" target=\"_blank\" rel=\"noopener\">Download PDF<\/a><\/td>\n<\/tr>\n<tr>\n<td><strong>hs1513-technical drawing<\/strong><\/td>\n<td><a href=\"https:\/\/www.versagroup.be\/fr\/mwdownloads\/0195cd69f8e37fd98a840cf6f1ec53d5\" target=\"_blank\" rel=\"noopener\">Download PDF<\/a><\/td>\n<\/tr>\n<tr>\n<td><strong>HS1513GM-technical-drawing<\/strong><\/td>\n<td><a href=\"https:\/\/www.versagroup.be\/fr\/mwdownloads\/019b021f73477264b91b8c6f1e313bec\" target=\"_blank\" rel=\"noopener\">Download PDF<\/a><\/td>\n<\/tr>\n<\/tbody>\n<\/table>\n<\/div>\n","protected":false},"excerpt":{"rendered":"<p>This elegantly designed Belrad double, <strong>electric standing towel dryer in gunmetal*<\/strong> is 150cm high and combines minimalist design with energy efficiency and <strong>a heating capacity of 60W.<\/strong> Thanks to the two handy hooks, you can always enjoy a warm towel or bathrobe after showering, without depending on central heating. <\/p>\n<p> Furthermore, this standing towel dryer features two heating modes for optimal comfort. The low setting heats the towel holder to approximately 45\u00b0C, while the high setting reaches a temperature of 60\u00b0C. Moreover, you can set the dryer with a timer that automatically switches off the radiator after 90 or 45 minutes, for extra convenience and energy efficiency, as you choose. <\/p>\n<p> Finally, the towel dryer comes complete with a plug and a 120 cm power cord. Choose this standing towel radiator and transform your bathroom with a luxurious look and smart, energy-efficient functionality! <\/p>\n<p><strong>Advantages:<\/strong><\/p>\n<ul>\n<li>Two heating modes for optimal comfort: choice of 45\u00b0C or 60\u00b0C&nbsp;<\/li>\n<li>Energy efficiency: with a heating capacity of 60W&nbsp;<\/li>\n<li>Convenient timer function: for added convenience, the towel dryer automatically turns off after 45 or 90 minutes.&nbsp;<\/li>\n<li>Practical hooks: for warm towels and bathrobes<\/li>\n<\/ul>\n<p style=\"color:#6c757d;font-style:italic\">* The colours shown may differ slightly from the actual product colour depending on your screen settings and monitor type.<\/p>\n","protected":false},"featured_media":54013,"comment_status":"open","ping_status":"closed","template":"","meta":[],"product_brand":[11008],"product_cat":[10234,9874,9876],"product_tag":[],"class_list":{"0":"post-90447","1":"product","2":"type-product","3":"status-publish","4":"has-post-thumbnail","6":"product_brand-belrad","7":"product_cat-chauffage","8":"product_cat-radiateurs-lectriques","9":"product_cat-sche-serviettes-lectrique","10":"pa_height_mm-13615","11":"pa_length_mm-13614","12":"pa_weight_kg-13619","13":"pa_width_mm-13618","15":"first","16":"instock","17":"sale","18":"taxable","19":"shipping-taxable","20":"purchasable","21":"product-type-simple"},"_links":{"self":[{"href":"https:\/\/erfuhome.com\/fr\/wp-json\/wp\/v2\/product\/90447","targetHints":{"allow":["GET"]}}],"collection":[{"href":"https:\/\/erfuhome.com\/fr\/wp-json\/wp\/v2\/product"}],"about":[{"href":"https:\/\/erfuhome.com\/fr\/wp-json\/wp\/v2\/types\/product"}],"replies":[{"embeddable":true,"href":"https:\/\/erfuhome.com\/fr\/wp-json\/wp\/v2\/comments?post=90447"}],"version-history":[{"count":1,"href":"https:\/\/erfuhome.com\/fr\/wp-json\/wp\/v2\/product\/90447\/revisions"}],"predecessor-version":[{"id":203928,"href":"https:\/\/erfuhome.com\/fr\/wp-json\/wp\/v2\/product\/90447\/revisions\/203928"}],"wp:featuredmedia":[{"embeddable":true,"href":"https:\/\/erfuhome.com\/fr\/wp-json\/wp\/v2\/media\/54013"}],"wp:attachment":[{"href":"https:\/\/erfuhome.com\/fr\/wp-json\/wp\/v2\/media?parent=90447"}],"wp:term":[{"taxonomy":"product_brand","embeddable":true,"href":"https:\/\/erfuhome.com\/fr\/wp-json\/wp\/v2\/product_brand?post=90447"},{"taxonomy":"product_cat","embeddable":true,"href":"https:\/\/erfuhome.com\/fr\/wp-json\/wp\/v2\/product_cat?post=90447"},{"taxonomy":"product_tag","embeddable":true,"href":"https:\/\/erfuhome.com\/fr\/wp-json\/wp\/v2\/product_tag?post=90447"}],"curies":[{"name":"wp","href":"https:\/\/api.w.org\/{rel}","templated":true}]}}