{"id":90515,"date":"2025-11-07T18:29:27","date_gmt":"2025-11-07T18:29:27","guid":{"rendered":"https:\/\/erfuhome.com\/?post_type=product&#038;p=90515"},"modified":"2026-02-22T00:44:25","modified_gmt":"2026-02-22T00:44:25","slug":"douche-a-lalpin-curvy-avec-porte-serviette-courbe-avec-traitement-anti-calcaire-reversible-verre-de-securite-8mm-100x200cm-or-brosse-verre-clair","status":"publish","type":"product","link":"https:\/\/erfuhome.com\/fr\/produit\/douche-a-lalpin-curvy-avec-porte-serviette-courbe-avec-traitement-anti-calcaire-reversible-verre-de-securite-8mm-100x200cm-or-brosse-verre-clair\/","title":{"rendered":"Curvy Douche \u00c0 L&rsquo;italienne Avec Porte-Serviette &#8211; Courb\u00e9e &#8211; Traitement Anti-Calcaire &#8211; R\u00e9versible &#8211; Verre De S\u00e9curit\u00e9 8mm &#8211; 100x200cm &#8211; Or Bross\u00e9 &#8211; Verre Clair"},"content":{"rendered":"<p>Bring style and comfort together in your bathroom with <b>the Curvy walk-in shower<\/b>, finished with a Or bross\u00e9 profile and clear glass. The curved glass and slim profile create a soft, modern look that fits seamlessly into both classic and contemporary bathrooms. This shower combines smart design with practical materials, making it a great addition to any bathroom.<\/p>\n<p>A <b>cleverly designed towel rail with integrated shelf and two handy hooks<\/b> offers extra comfort and convenient storage. You can install it on either the inside or outside of the shower screen \u2013 whichever suits you best.<\/p>\n<p>With <b>an adjustable width of 985 to 1000 mm <\/b>and a height of 2000 mm, this shower screen is easy to install and comfortable to use. The 8 mm thick safety glass is coated on both sides with <b>a durable anti-limescale nanocoating<\/b>, making cleaning easier and quicker. Ideal for anyone looking to combine style, comfort, and practicality in a compact space.<\/p>\n<p>Key features: <\/p>\n<div>\n<ul>\n<li>8 mm safety glass \u2013 strong and reliable <\/li>\n<li>Elegant curved design \u2013 for a refined, luxurious look <\/li>\n<li>Slim profile \u2013 minimalist and space-saving <\/li>\n<li>Reversible design \u2013 install on the left or right side, as you prefer <\/li>\n<li>Anti-limescale nanocoating on both sides \u2013 less cleaning, longer-lasting clarity <\/li>\n<li>Multifunctional towel rail\/shelf with 2 hooks \u2013 can be placed inside or outside the shower wall\n<\/li>\n<\/ul>\n<\/div>\n<div class=\"product-downloads\">\n<h3>Downloads &amp; Documents<\/h3>\n<table class=\"wp-block-table is-style-stripes\">\n<tbody>\n<tr>\n<td><strong>DW-100BG-technical-drawing<\/strong><\/td>\n<td><a href=\"https:\/\/www.versagroup.be\/fr\/mwdownloads\/01990f16973d7293a1be19d54ca43af5\" target=\"_blank\" rel=\"noopener\">Download PDF<\/a><\/td>\n<\/tr>\n<\/tbody>\n<\/table>\n<\/div>\n","protected":false},"excerpt":{"rendered":"<p>Bring style and comfort together in your bathroom with <b>the Curvy walk-in shower<\/b>, finished with a&nbsp;brushed gold profile and clear glass. The curved glass and slim profile create a soft, modern look that fits seamlessly into both classic and contemporary bathrooms. This shower combines smart design with practical materials, making it a great addition to any bathroom.<\/p>\n<p>A <b>cleverly designed towel rail with integrated shelf and two handy hooks<\/b> offers extra comfort and convenient storage. You can install it on either the inside or outside of the shower screen \u2013 whichever suits you best.<\/p>\n<p>With <b>an adjustable width of 985 to 1000 mm <\/b>and a height of 2000 mm, this shower screen is easy to install and comfortable to use. The 8 mm thick safety glass is coated on both sides with <b>a durable anti-limescale nanocoating<\/b>, making cleaning easier and quicker. Ideal for anyone looking to combine style, comfort, and practicality in a compact space.<\/p>\n<p>Key features:&nbsp;<\/p>\n<div>\n<ul>\n<li>8 mm safety glass \u2013 strong and reliable&nbsp;<\/li>\n<li>Elegant curved design \u2013 for a refined, luxurious look&nbsp;<\/li>\n<li>Slim profile \u2013 minimalist and space-saving&nbsp;<\/li>\n<li>Reversible design \u2013 install on the left or right side, as you prefer&nbsp;<\/li>\n<li>Anti-limescale nanocoating on both sides \u2013 less cleaning, longer-lasting clarity&nbsp;<\/li>\n<li>Multifunctional towel rail\/shelf with 2 hooks \u2013 can be placed inside or outside the shower wall\n<\/li>\n<\/ul>\n<\/div>\n","protected":false},"featured_media":54171,"comment_status":"open","ping_status":"closed","template":"","meta":[],"product_brand":[],"product_cat":[10642,10604,9826],"product_tag":[],"class_list":{"0":"post-90515","1":"product","2":"type-product","3":"status-publish","4":"has-post-thumbnail","6":"product_cat-parois-de-douche","7":"product_cat-sanitaire","8":"product_cat-verre-bomb","9":"pa_height_mm-14198","10":"pa_width_mm-985-1000","12":"first","13":"instock","14":"sale","15":"taxable","16":"shipping-taxable","17":"purchasable","18":"product-type-simple"},"_links":{"self":[{"href":"https:\/\/erfuhome.com\/fr\/wp-json\/wp\/v2\/product\/90515","targetHints":{"allow":["GET"]}}],"collection":[{"href":"https:\/\/erfuhome.com\/fr\/wp-json\/wp\/v2\/product"}],"about":[{"href":"https:\/\/erfuhome.com\/fr\/wp-json\/wp\/v2\/types\/product"}],"replies":[{"embeddable":true,"href":"https:\/\/erfuhome.com\/fr\/wp-json\/wp\/v2\/comments?post=90515"}],"version-history":[{"count":1,"href":"https:\/\/erfuhome.com\/fr\/wp-json\/wp\/v2\/product\/90515\/revisions"}],"predecessor-version":[{"id":203962,"href":"https:\/\/erfuhome.com\/fr\/wp-json\/wp\/v2\/product\/90515\/revisions\/203962"}],"wp:featuredmedia":[{"embeddable":true,"href":"https:\/\/erfuhome.com\/fr\/wp-json\/wp\/v2\/media\/54171"}],"wp:attachment":[{"href":"https:\/\/erfuhome.com\/fr\/wp-json\/wp\/v2\/media?parent=90515"}],"wp:term":[{"taxonomy":"product_brand","embeddable":true,"href":"https:\/\/erfuhome.com\/fr\/wp-json\/wp\/v2\/product_brand?post=90515"},{"taxonomy":"product_cat","embeddable":true,"href":"https:\/\/erfuhome.com\/fr\/wp-json\/wp\/v2\/product_cat?post=90515"},{"taxonomy":"product_tag","embeddable":true,"href":"https:\/\/erfuhome.com\/fr\/wp-json\/wp\/v2\/product_tag?post=90515"}],"curies":[{"name":"wp","href":"https:\/\/api.w.org\/{rel}","templated":true}]}}