{"id":90765,"date":"2025-11-07T18:39:40","date_gmt":"2025-11-07T18:39:40","guid":{"rendered":"https:\/\/erfuhome.com\/?post_type=product&#038;p=90765"},"modified":"2026-02-22T00:46:05","modified_gmt":"2026-02-22T00:46:05","slug":"barre-coulissante-de-douche-uniforma-66-cm-or-brosse-pvd","status":"publish","type":"product","link":"https:\/\/erfuhome.com\/fr\/produit\/barre-coulissante-de-douche-uniforma-66-cm-or-brosse-pvd\/","title":{"rendered":"Uniforma Barre De Douche &#8211; 66 Cm &#8211; Or Bross\u00e9 (Pvd)"},"content":{"rendered":"<p><strong>The Uniforma shower slide bar<\/strong> measures 66 cm in length and is equipped with an adjustable hand shower holder, allowing you to position the hand shower at your desired height. Fabriqu\u00e9 en acier inoxydable de haute qualit\u00e9 with a Or bross\u00e9 PVD coating, this slide bar offers durability, a luxurious look and easy maintenance. The PVD coating also ensures enhanced scratch resistance and long-lasting colour stability.<\/p>\n<p>Ideal for a stylish and practical shower setup and perfectly matches other <strong>Uniforma<\/strong> and <strong>Stria<\/strong> items.<\/p>\n<p><strong>Main features:<\/strong><br \/>\n\u2022 Adjustable hand shower holder \u2013 easily adjustable to your preferred height<br \/>\n\u2022 High-quality Acier inoxydable with PVD coating \u2013 durable, scratch-resistant and luxurious<br \/>\n\u2022 Sleek and modern design \u2013 fits any bathroom<br \/>\n\u2022 Perfectly matches other Uniforma and Stria products\n<\/p>\n<p>* The displayed colours may vary slightly from the actual product colour, depending on your screen settings and display type.<\/p>\n<div class=\"product-downloads\">\n<h3>Downloads &amp; Documents<\/h3>\n<table class=\"wp-block-table is-style-stripes\">\n<tbody>\n<tr>\n<td><strong>PRM3205-BG-technical-drawing<\/strong><\/td>\n<td><a href=\"https:\/\/www.versagroup.be\/fr\/mwdownloads\/01990f184c2473268a44a5969f3ffcb4\" target=\"_blank\" rel=\"noopener\">Download PDF<\/a><\/td>\n<\/tr>\n<\/tbody>\n<\/table>\n<\/div>\n","protected":false},"excerpt":{"rendered":"<p><strong>The Uniforma shower slide bar<\/strong> measures 66&nbsp;cm in length and is equipped with an adjustable hand shower holder, allowing you to position the hand shower at your desired height. Made of high-quality stainless steel with a brushed gold PVD coating, this slide bar offers durability, a luxurious look and easy maintenance. The PVD coating also ensures enhanced scratch resistance and long-lasting colour stability.<\/p>\n<p>Ideal for a stylish and practical shower setup and perfectly matches other <strong>Uniforma<\/strong> and <strong>Stria<\/strong> items.<\/p>\n<p><strong>Main features:<\/strong><br \/>\n\u2022 Adjustable hand shower holder \u2013 easily adjustable to your preferred height<br \/>\n\u2022 High-quality stainless steel with PVD coating \u2013 durable, scratch-resistant and luxurious<br \/>\n\u2022 Sleek and modern design \u2013 fits any bathroom<br \/>\n\u2022 Perfectly matches other Uniforma and Stria products\n<\/p>\n<p style=\"color:#7f7f7f\"><em>* The displayed colours may vary slightly from the actual product colour, depending on your screen settings and display type.<\/em><\/p>\n","protected":false},"featured_media":54654,"comment_status":"open","ping_status":"closed","template":"","meta":[],"product_brand":[],"product_cat":[10604,10636],"product_tag":[],"class_list":{"0":"post-90765","1":"product","2":"type-product","3":"status-publish","4":"has-post-thumbnail","6":"product_cat-sanitaire","7":"product_cat-tringle-de-douche","8":"pa_depth_mm-14622","9":"pa_depth_mm-14209","10":"pa_diameter_mm-14783","11":"pa_diameter_mm-13631","12":"pa_height_mm-14208","13":"pa_series-uniforma","16":"first","17":"instock","18":"sale","19":"taxable","20":"shipping-taxable","21":"purchasable","22":"product-type-simple"},"_links":{"self":[{"href":"https:\/\/erfuhome.com\/fr\/wp-json\/wp\/v2\/product\/90765","targetHints":{"allow":["GET"]}}],"collection":[{"href":"https:\/\/erfuhome.com\/fr\/wp-json\/wp\/v2\/product"}],"about":[{"href":"https:\/\/erfuhome.com\/fr\/wp-json\/wp\/v2\/types\/product"}],"replies":[{"embeddable":true,"href":"https:\/\/erfuhome.com\/fr\/wp-json\/wp\/v2\/comments?post=90765"}],"version-history":[{"count":1,"href":"https:\/\/erfuhome.com\/fr\/wp-json\/wp\/v2\/product\/90765\/revisions"}],"predecessor-version":[{"id":204087,"href":"https:\/\/erfuhome.com\/fr\/wp-json\/wp\/v2\/product\/90765\/revisions\/204087"}],"wp:featuredmedia":[{"embeddable":true,"href":"https:\/\/erfuhome.com\/fr\/wp-json\/wp\/v2\/media\/54654"}],"wp:attachment":[{"href":"https:\/\/erfuhome.com\/fr\/wp-json\/wp\/v2\/media?parent=90765"}],"wp:term":[{"taxonomy":"product_brand","embeddable":true,"href":"https:\/\/erfuhome.com\/fr\/wp-json\/wp\/v2\/product_brand?post=90765"},{"taxonomy":"product_cat","embeddable":true,"href":"https:\/\/erfuhome.com\/fr\/wp-json\/wp\/v2\/product_cat?post=90765"},{"taxonomy":"product_tag","embeddable":true,"href":"https:\/\/erfuhome.com\/fr\/wp-json\/wp\/v2\/product_tag?post=90765"}],"curies":[{"name":"wp","href":"https:\/\/api.w.org\/{rel}","templated":true}]}}