{"id":90807,"date":"2025-11-07T18:44:03","date_gmt":"2025-11-07T18:44:03","guid":{"rendered":"https:\/\/erfuhome.com\/?post_type=product&#038;p=90807"},"modified":"2026-02-22T00:46:22","modified_gmt":"2026-02-22T00:46:22","slug":"cabine-de-douche-aloni-en-u-avec-2-portes-pivotantes-et-2-panneaux-lateraux-traitement-anti-calcaire-verre-de-securite-8mm-90x90x195-cm-chrome-verre-clair","status":"publish","type":"product","link":"https:\/\/erfuhome.com\/fr\/produit\/cabine-de-douche-aloni-en-u-avec-2-portes-pivotantes-et-2-panneaux-lateraux-traitement-anti-calcaire-verre-de-securite-8mm-90x90x195-cm-chrome-verre-clair\/","title":{"rendered":"Aloni Cabine De Douche En U Avec 2 Portes Pivotantes Et 2 Parois Lat\u00e9rales &#8211; Traitement Anti-Calcaire &#8211; Verre De S\u00e9curit\u00e9 8mm &#8211; 90x90x195 Cm &#8211; Chrome &#8211; Verre Clair"},"content":{"rendered":"<h3>Product information<\/h3>\n<\/div>\n<\/div>\n<div class=\"product-downloads\">\n<h3>Downloads &amp; Documents<\/h3>\n<table class=\"wp-block-table is-style-stripes\">\n<tbody>\n<tr>\n<td><strong>CR-SV9090-technical-drawing<\/strong><\/td>\n<td><a href=\"https:\/\/www.versagroup.be\/fr\/mwdownloads\/01990f15cf007057be7931904aa82c55\" target=\"_blank\" rel=\"noopener\">Download PDF<\/a><\/td>\n<\/tr>\n<tr>\n<td><strong>declaration-of-performance-en-14428<\/strong><\/td>\n<td><a href=\"https:\/\/www.versagroup.be\/fr\/mwdownloads\/0192dd4913067d8ebb0285681e96518e\" target=\"_blank\" rel=\"noopener\">Download PDF<\/a><\/td>\n<\/tr>\n<\/tbody>\n<\/table>\n<\/div>\n","protected":false},"excerpt":{"rendered":"<p>Product information Downloads &amp; Documents CR-SV9090-technical-drawing Download PDF declaration-of-performance-en-14428 Download PDF<\/p>\n","protected":false},"featured_media":54747,"comment_status":"open","ping_status":"closed","template":"","meta":[],"product_brand":[11005],"product_cat":[10626,10604],"product_tag":[],"class_list":{"0":"post-90807","1":"product","2":"type-product","3":"status-publish","4":"has-post-thumbnail","6":"product_brand-aloni","7":"product_cat-cabine-de-douche","8":"product_cat-sanitaire","10":"first","11":"instock","12":"taxable","13":"shipping-taxable","14":"product-type-simple"},"_links":{"self":[{"href":"https:\/\/erfuhome.com\/fr\/wp-json\/wp\/v2\/product\/90807","targetHints":{"allow":["GET"]}}],"collection":[{"href":"https:\/\/erfuhome.com\/fr\/wp-json\/wp\/v2\/product"}],"about":[{"href":"https:\/\/erfuhome.com\/fr\/wp-json\/wp\/v2\/types\/product"}],"replies":[{"embeddable":true,"href":"https:\/\/erfuhome.com\/fr\/wp-json\/wp\/v2\/comments?post=90807"}],"version-history":[{"count":1,"href":"https:\/\/erfuhome.com\/fr\/wp-json\/wp\/v2\/product\/90807\/revisions"}],"predecessor-version":[{"id":204108,"href":"https:\/\/erfuhome.com\/fr\/wp-json\/wp\/v2\/product\/90807\/revisions\/204108"}],"wp:featuredmedia":[{"embeddable":true,"href":"https:\/\/erfuhome.com\/fr\/wp-json\/wp\/v2\/media\/54747"}],"wp:attachment":[{"href":"https:\/\/erfuhome.com\/fr\/wp-json\/wp\/v2\/media?parent=90807"}],"wp:term":[{"taxonomy":"product_brand","embeddable":true,"href":"https:\/\/erfuhome.com\/fr\/wp-json\/wp\/v2\/product_brand?post=90807"},{"taxonomy":"product_cat","embeddable":true,"href":"https:\/\/erfuhome.com\/fr\/wp-json\/wp\/v2\/product_cat?post=90807"},{"taxonomy":"product_tag","embeddable":true,"href":"https:\/\/erfuhome.com\/fr\/wp-json\/wp\/v2\/product_tag?post=90807"}],"curies":[{"name":"wp","href":"https:\/\/api.w.org\/{rel}","templated":true}]}}