{"id":90811,"date":"2025-11-07T18:44:17","date_gmt":"2025-11-07T18:44:17","guid":{"rendered":"https:\/\/erfuhome.com\/?post_type=product&#038;p=90811"},"modified":"2026-02-22T00:46:26","modified_gmt":"2026-02-22T00:46:26","slug":"cabine-de-douche-aloni-avec-porte-pivotante-panneau-fixe-et-panneau-lateral-traitement-anti-calcaire-reversible-verre-de-securite-8mm-90x140x200-cm-noir-mat-verre-clair-avec-grille-noire","status":"publish","type":"product","link":"https:\/\/erfuhome.com\/fr\/produit\/cabine-de-douche-aloni-avec-porte-pivotante-panneau-fixe-et-panneau-lateral-traitement-anti-calcaire-reversible-verre-de-securite-8mm-90x140x200-cm-noir-mat-verre-clair-avec-grille-noire\/","title":{"rendered":"Aloni Cabine De Douche Avec Porte Battante, Panneau Fixe Et Paroi Lat\u00e9rale &#8211; Avec Traitement Anti-Calcaire &#8211; R\u00e9versible &#8211; Verre De S\u00e9curit\u00e9 8mm &#8211; 90x140x200cm &#8211; Noir Mat -Verre Transparent Avec Grille"},"content":{"rendered":"<h3>Product information<\/h3>\n<\/div>\n<\/div>\n<div class=\"product-downloads\">\n<h3>Downloads &amp; Documents<\/h3>\n<table class=\"wp-block-table is-style-stripes\">\n<tbody>\n<tr>\n<td><strong>CR56B-90140-technical-drawing<\/strong><\/td>\n<td><a href=\"https:\/\/www.versagroup.be\/fr\/mwdownloads\/01990f161ee071c5a05d68545592726f\" target=\"_blank\" rel=\"noopener\">Download PDF<\/a><\/td>\n<\/tr>\n<tr>\n<td><strong>CR56B-installation-manual<\/strong><\/td>\n<td><a href=\"https:\/\/www.versagroup.be\/fr\/mwdownloads\/cb2e4b19aa9e457994e51dc2c8f98593\" target=\"_blank\" rel=\"noopener\">Download PDF<\/a><\/td>\n<\/tr>\n<tr>\n<td><strong>declaration-of-performance-en-14428<\/strong><\/td>\n<td><a href=\"https:\/\/www.versagroup.be\/fr\/mwdownloads\/0192dd4913067d8ebb0285681e96518e\" target=\"_blank\" rel=\"noopener\">Download PDF<\/a><\/td>\n<\/tr>\n<\/tbody>\n<\/table>\n<\/div>\n","protected":false},"excerpt":{"rendered":"<p>Product information Downloads &amp; Documents CR56B-90140-technical-drawing Download PDF CR56B-installation-manual Download PDF declaration-of-performance-en-14428 Download PDF<\/p>\n","protected":false},"featured_media":54760,"comment_status":"open","ping_status":"closed","template":"","meta":[],"product_brand":[11005],"product_cat":[10626,10604],"product_tag":[],"class_list":{"0":"post-90811","1":"product","2":"type-product","3":"status-publish","4":"has-post-thumbnail","6":"product_brand-aloni","7":"product_cat-cabine-de-douche","8":"product_cat-sanitaire","10":"first","11":"instock","12":"taxable","13":"shipping-taxable","14":"product-type-simple"},"_links":{"self":[{"href":"https:\/\/erfuhome.com\/fr\/wp-json\/wp\/v2\/product\/90811","targetHints":{"allow":["GET"]}}],"collection":[{"href":"https:\/\/erfuhome.com\/fr\/wp-json\/wp\/v2\/product"}],"about":[{"href":"https:\/\/erfuhome.com\/fr\/wp-json\/wp\/v2\/types\/product"}],"replies":[{"embeddable":true,"href":"https:\/\/erfuhome.com\/fr\/wp-json\/wp\/v2\/comments?post=90811"}],"version-history":[{"count":1,"href":"https:\/\/erfuhome.com\/fr\/wp-json\/wp\/v2\/product\/90811\/revisions"}],"predecessor-version":[{"id":204110,"href":"https:\/\/erfuhome.com\/fr\/wp-json\/wp\/v2\/product\/90811\/revisions\/204110"}],"wp:featuredmedia":[{"embeddable":true,"href":"https:\/\/erfuhome.com\/fr\/wp-json\/wp\/v2\/media\/54760"}],"wp:attachment":[{"href":"https:\/\/erfuhome.com\/fr\/wp-json\/wp\/v2\/media?parent=90811"}],"wp:term":[{"taxonomy":"product_brand","embeddable":true,"href":"https:\/\/erfuhome.com\/fr\/wp-json\/wp\/v2\/product_brand?post=90811"},{"taxonomy":"product_cat","embeddable":true,"href":"https:\/\/erfuhome.com\/fr\/wp-json\/wp\/v2\/product_cat?post=90811"},{"taxonomy":"product_tag","embeddable":true,"href":"https:\/\/erfuhome.com\/fr\/wp-json\/wp\/v2\/product_tag?post=90811"}],"curies":[{"name":"wp","href":"https:\/\/api.w.org\/{rel}","templated":true}]}}