{"id":91220,"date":"2025-11-07T19:16:20","date_gmt":"2025-11-07T19:16:20","guid":{"rendered":"https:\/\/erfuhome.com\/?post_type=product&#038;p=91220"},"modified":"2026-02-22T00:49:16","modified_gmt":"2026-02-22T00:49:16","slug":"lavabo-aloni-hayat-2-vasques-avec-trop-plein-2-trous-de-robineterie-marbre-artificiel-120x15x45-cm-blanc-brillant","status":"publish","type":"product","link":"https:\/\/erfuhome.com\/fr\/produit\/lavabo-aloni-hayat-2-vasques-avec-trop-plein-2-trous-de-robineterie-marbre-artificiel-120x15x45-cm-blanc-brillant\/","title":{"rendered":"Aloni Hayat Lavabo &#8211; 2 Vasques &#8211;  Avec Trop-Plein &#8211; 2 Trous Robinet &#8211; Marbre Composite &#8211; 120&#215;1,5&#215;45 Cm &#8211; Blanc Brillant"},"content":{"rendered":"<p>The Aloni Hayat washbasin with 2 basins has a width of 120 cm and is the ideal choice for a modern and elegant bathroom. The sleek design in Blanc brillant Marbre de synth\u00e8se fits perfectly with various bathroom styles. The washbasin features a tap hole and an overflow, providing added functionality and ease of use.<\/p>\n<p><strong>Avantages :<\/strong><\/p>\n<ul>\n<li>2 basins with overflow for a practical and stylish solution <\/li>\n<li>2 tap holes for easy faucet installation\n<\/li>\n<\/ul>\n<p>\nThis ALONI washbasin offers both aesthetic appeal and functionality \u2013 perfect for any modern bathroom.\n<\/p>\n<p><strong>Bon \u00e0 savoir : Les dimensions peuvent varier l\u00e9g\u00e8rement<\/strong><\/p>\n<p>Nos lavabos sont fabriqu\u00e9s avec le plus grand soin and in line with high quality standards. car ils sont compos\u00e9s de mat\u00e9riaux naturels et moul\u00e9s and are carefully finished, les dimensions finales peuvent varier de quelques millim\u00e8tres. This is a normal characteristic of the production process and does not affect the quality or ease of use.<\/p>\n<p>Des variations mineures dans les tol\u00e9rances sont consid\u00e9r\u00e9es comme normales and <strong>do not entitle you to a replacement or a refund<\/strong>.<\/p>\n<div class=\"product-downloads\">\n<h3>Downloads &amp; Documents<\/h3>\n<table class=\"wp-block-table is-style-stripes\">\n<tbody>\n<tr>\n<td><strong>declaration-of-performance-en-14688<\/strong><\/td>\n<td><a href=\"https:\/\/www.versagroup.be\/fr\/mwdownloads\/0192dceb73f07f7eb398165aa80cd41b\" target=\"_blank\" rel=\"noopener\">Download PDF<\/a><\/td>\n<\/tr>\n<tr>\n<td><strong>PB-KEY-120-technical-drawing<\/strong><\/td>\n<td><a href=\"https:\/\/www.versagroup.be\/fr\/mwdownloads\/019970e76cd973d798d393c349fc0957\" target=\"_blank\" rel=\"noopener\">Download PDF<\/a><\/td>\n<\/tr>\n<\/tbody>\n<\/table>\n<\/div>\n","protected":false},"excerpt":{"rendered":"<p>The Aloni Hayat washbasin with 2 basins has a width of 120 cm and is the ideal choice for a modern and elegant bathroom. The sleek design in glossy white artificial marble fits perfectly with various bathroom styles. The washbasin features a tap hole and an overflow, providing added functionality and ease of use.<\/p>\n<p><strong>Benefits:<\/strong><\/p>\n<ul>\n<li>2 basins with overflow for a practical and stylish solution&nbsp;<\/li>\n<li>2 tap holes for easy faucet installation\n<\/li>\n<\/ul>\n<p>\nThis ALONI washbasin offers both aesthetic appeal and functionality \u2013 perfect for any modern bathroom.\n<\/p>\n<p><strong>Good to know: Dimensions may vary slightly<\/strong><\/p>\n<p>Our washbasins are produced with care and in line with high quality standards. Because they are made from natural and cast materials and are carefully finished, the final dimensions may vary by a few millimetres. This is a normal characteristic of the production process and does not affect the quality or ease of use.<\/p>\n<p>Minor variations within the specified tolerances are considered normal and <strong>do not entitle you to a replacement or a refund<\/strong>.<\/p>\n","protected":false},"featured_media":55616,"comment_status":"open","ping_status":"closed","template":"","meta":[],"product_brand":[11005],"product_cat":[10942,10820,10604],"product_tag":[],"class_list":{"0":"post-91220","1":"product","2":"type-product","3":"status-publish","4":"has-post-thumbnail","6":"product_brand-aloni","7":"product_cat-avec-trou-pour-robinet","8":"product_cat-lavabo","9":"product_cat-sanitaire","10":"pa_height_mm-13758","11":"pa_length_mm-13757","12":"pa_series-hayat","14":"pa_weight_kg-13570","15":"pa_width_mm-14129","17":"first","18":"instock","19":"sale","20":"taxable","21":"shipping-taxable","22":"purchasable","23":"product-type-simple"},"_links":{"self":[{"href":"https:\/\/erfuhome.com\/fr\/wp-json\/wp\/v2\/product\/91220","targetHints":{"allow":["GET"]}}],"collection":[{"href":"https:\/\/erfuhome.com\/fr\/wp-json\/wp\/v2\/product"}],"about":[{"href":"https:\/\/erfuhome.com\/fr\/wp-json\/wp\/v2\/types\/product"}],"replies":[{"embeddable":true,"href":"https:\/\/erfuhome.com\/fr\/wp-json\/wp\/v2\/comments?post=91220"}],"version-history":[{"count":1,"href":"https:\/\/erfuhome.com\/fr\/wp-json\/wp\/v2\/product\/91220\/revisions"}],"predecessor-version":[{"id":204311,"href":"https:\/\/erfuhome.com\/fr\/wp-json\/wp\/v2\/product\/91220\/revisions\/204311"}],"wp:featuredmedia":[{"embeddable":true,"href":"https:\/\/erfuhome.com\/fr\/wp-json\/wp\/v2\/media\/55616"}],"wp:attachment":[{"href":"https:\/\/erfuhome.com\/fr\/wp-json\/wp\/v2\/media?parent=91220"}],"wp:term":[{"taxonomy":"product_brand","embeddable":true,"href":"https:\/\/erfuhome.com\/fr\/wp-json\/wp\/v2\/product_brand?post=91220"},{"taxonomy":"product_cat","embeddable":true,"href":"https:\/\/erfuhome.com\/fr\/wp-json\/wp\/v2\/product_cat?post=91220"},{"taxonomy":"product_tag","embeddable":true,"href":"https:\/\/erfuhome.com\/fr\/wp-json\/wp\/v2\/product_tag?post=91220"}],"curies":[{"name":"wp","href":"https:\/\/api.w.org\/{rel}","templated":true}]}}