{"id":91226,"date":"2025-11-07T19:16:53","date_gmt":"2025-11-07T19:16:53","guid":{"rendered":"https:\/\/erfuhome.com\/?post_type=product&#038;p=91226"},"modified":"2026-02-22T00:49:18","modified_gmt":"2026-02-22T00:49:18","slug":"lavabo-aloni-1-vasque-avec-trop-plein-1-trou-pour-robineterie-marbre-artificiel-60x10x46-cm-blanc-brillant","status":"publish","type":"product","link":"https:\/\/erfuhome.com\/fr\/produit\/lavabo-aloni-1-vasque-avec-trop-plein-1-trou-pour-robineterie-marbre-artificiel-60x10x46-cm-blanc-brillant\/","title":{"rendered":"Aloni Lavabo &#8211; 1 Vasque &#8211;  Avec Trop-Plein &#8211; 1 Trou Robinet &#8211; Marbre Composite &#8211; 60x10x46 Cm &#8211; Blanc Brillant"},"content":{"rendered":"<p>Give your bathroom a modern and refined look with <b>the Aloni 60 cm sink in Blanc brillant<\/b>. This sink offers not only a sleek appearance but also practical functionality. The design with <b>one basin<\/b>, one tap hole, and an overflow makes the sink suitable for daily use. Made from<b> Marbre de synth\u00e8se<\/b>, this sink provides a luxurious look combined with durability. The Blanc brillant finish fits perfectly in a contemporary bathroom.<\/p>\n<p><strong>Bon \u00e0 savoir : Les dimensions peuvent varier l\u00e9g\u00e8rement<\/strong><\/p>\n<p>Nos lavabos sont fabriqu\u00e9s avec le plus grand soin and in line with high quality standards. car ils sont compos\u00e9s de mat\u00e9riaux naturels et moul\u00e9s and are carefully finished, les dimensions finales peuvent varier de quelques millim\u00e8tres. This is a normal characteristic of the production process and does not affect the quality or ease of use.<\/p>\n<p>Des variations mineures dans les tol\u00e9rances sont consid\u00e9r\u00e9es comme normales and <strong>do not entitle you to a replacement or a refund<\/strong>.<\/p>\n<div class=\"product-downloads\">\n<h3>Downloads &amp; Documents<\/h3>\n<table class=\"wp-block-table is-style-stripes\">\n<tbody>\n<tr>\n<td><strong>ELA-W060-WIT-technical-drawing<\/strong><\/td>\n<td><a href=\"https:\/\/www.versagroup.be\/fr\/mwdownloads\/01990f16d32f736f86593ab15b294732\" target=\"_blank\" rel=\"noopener\">Download PDF<\/a><\/td>\n<\/tr>\n<\/tbody>\n<\/table>\n<\/div>\n","protected":false},"excerpt":{"rendered":"<p>Give your bathroom a modern and refined look with <b>the Aloni 60 cm sink in glossy white<\/b>. This sink offers not only a sleek appearance but also practical functionality. The design with <b>one basin<\/b>, one tap hole, and an overflow makes the sink suitable for daily use. Made from<b> artificial marble<\/b>, this sink provides a luxurious look combined with durability. The glossy white finish fits perfectly in a contemporary bathroom.<\/p>\n<p><strong>Good to know: Dimensions may vary slightly<\/strong><\/p>\n<p>Our washbasins are produced with care and in line with high quality standards. Because they are made from natural and cast materials and are carefully finished, the final dimensions may vary by a few millimetres. This is a normal characteristic of the production process and does not affect the quality or ease of use.<\/p>\n<p>Minor variations within the specified tolerances are considered normal and <strong>do not entitle you to a replacement or a refund<\/strong>.<\/p>\n","protected":false},"featured_media":55631,"comment_status":"open","ping_status":"closed","template":"","meta":[],"product_brand":[11005],"product_cat":[10942,10820,10604],"product_tag":[],"class_list":{"0":"post-91226","1":"product","2":"type-product","3":"status-publish","4":"has-post-thumbnail","6":"product_brand-aloni","7":"product_cat-avec-trou-pour-robinet","8":"product_cat-lavabo","9":"product_cat-sanitaire","10":"pa_height_cm-15-cm","12":"pa_weight_kg-14132","13":"pa_width_cm-14131","15":"first","16":"instock","17":"sale","18":"taxable","19":"shipping-taxable","20":"purchasable","21":"product-type-simple"},"_links":{"self":[{"href":"https:\/\/erfuhome.com\/fr\/wp-json\/wp\/v2\/product\/91226","targetHints":{"allow":["GET"]}}],"collection":[{"href":"https:\/\/erfuhome.com\/fr\/wp-json\/wp\/v2\/product"}],"about":[{"href":"https:\/\/erfuhome.com\/fr\/wp-json\/wp\/v2\/types\/product"}],"replies":[{"embeddable":true,"href":"https:\/\/erfuhome.com\/fr\/wp-json\/wp\/v2\/comments?post=91226"}],"version-history":[{"count":1,"href":"https:\/\/erfuhome.com\/fr\/wp-json\/wp\/v2\/product\/91226\/revisions"}],"predecessor-version":[{"id":204314,"href":"https:\/\/erfuhome.com\/fr\/wp-json\/wp\/v2\/product\/91226\/revisions\/204314"}],"wp:featuredmedia":[{"embeddable":true,"href":"https:\/\/erfuhome.com\/fr\/wp-json\/wp\/v2\/media\/55631"}],"wp:attachment":[{"href":"https:\/\/erfuhome.com\/fr\/wp-json\/wp\/v2\/media?parent=91226"}],"wp:term":[{"taxonomy":"product_brand","embeddable":true,"href":"https:\/\/erfuhome.com\/fr\/wp-json\/wp\/v2\/product_brand?post=91226"},{"taxonomy":"product_cat","embeddable":true,"href":"https:\/\/erfuhome.com\/fr\/wp-json\/wp\/v2\/product_cat?post=91226"},{"taxonomy":"product_tag","embeddable":true,"href":"https:\/\/erfuhome.com\/fr\/wp-json\/wp\/v2\/product_tag?post=91226"}],"curies":[{"name":"wp","href":"https:\/\/api.w.org\/{rel}","templated":true}]}}