{"id":91286,"date":"2025-11-07T19:19:01","date_gmt":"2025-11-07T19:19:01","guid":{"rendered":"https:\/\/erfuhome.com\/?post_type=product&#038;p=91286"},"modified":"2026-02-22T00:49:40","modified_gmt":"2026-02-22T00:49:40","slug":"lavabo-double-solid-surface-aloni-160cm-blanc","status":"publish","type":"product","link":"https:\/\/erfuhome.com\/fr\/produit\/lavabo-double-solid-surface-aloni-160cm-blanc\/","title":{"rendered":"Aloni Solid Surface Lavabo (160cm) &#8211; Blanc"},"content":{"rendered":"<p><strong>Bon \u00e0 savoir : Les dimensions peuvent varier l\u00e9g\u00e8rement<\/strong><\/p>\n<p>Nos lavabos sont fabriqu\u00e9s avec le plus grand soin and in line with high quality standards. car ils sont compos\u00e9s de mat\u00e9riaux naturels et moul\u00e9s and are carefully finished, les dimensions finales peuvent varier de quelques millim\u00e8tres. This is a normal characteristic of the production process and does not affect the quality or ease of use.<\/p>\n<p>Des variations mineures dans les tol\u00e9rances sont consid\u00e9r\u00e9es comme normales and <strong>do not entitle you to a replacement or a refund<\/strong>.<\/p>\n<div class=\"product-downloads\">\n<h3>Downloads &amp; Documents<\/h3>\n<table class=\"wp-block-table is-style-stripes\">\n<tbody>\n<tr>\n<td><strong>BETA160-technical-drawing<\/strong><\/td>\n<td><a href=\"https:\/\/www.versagroup.be\/fr\/mwdownloads\/01990f15ac4c713ebccfd9dd3cffcf92\" target=\"_blank\" rel=\"noopener\">Download PDF<\/a><\/td>\n<\/tr>\n<tr>\n<td><strong>declaration-of-performance-en-14688<\/strong><\/td>\n<td><a href=\"https:\/\/www.versagroup.be\/fr\/mwdownloads\/0192dceb73f07f7eb398165aa80cd41b\" target=\"_blank\" rel=\"noopener\">Download PDF<\/a><\/td>\n<\/tr>\n<\/tbody>\n<\/table>\n<\/div>\n","protected":false},"excerpt":{"rendered":"<p><strong>Good to know: Dimensions may vary slightly<\/strong><\/p>\n<p>Our washbasins are produced with care and in line with high quality standards. Because they are made from natural and cast materials and are carefully finished, the final dimensions may vary by a few millimetres. This is a normal characteristic of the production process and does not affect the quality or ease of use.<\/p>\n<p>Minor variations within the specified tolerances are considered normal and <strong>do not entitle you to a replacement or a refund<\/strong>.<\/p>\n","protected":false},"featured_media":55733,"comment_status":"open","ping_status":"closed","template":"","meta":[],"product_brand":[11005],"product_cat":[10820,10604,10662],"product_tag":[],"class_list":{"0":"post-91286","1":"product","2":"type-product","3":"status-publish","4":"has-post-thumbnail","6":"product_brand-aloni","7":"product_cat-lavabo","8":"product_cat-sanitaire","9":"product_cat-surface-solide","10":"pa_weight_kg-13571","12":"first","13":"instock","14":"sale","15":"taxable","16":"shipping-taxable","17":"purchasable","18":"product-type-simple"},"_links":{"self":[{"href":"https:\/\/erfuhome.com\/fr\/wp-json\/wp\/v2\/product\/91286","targetHints":{"allow":["GET"]}}],"collection":[{"href":"https:\/\/erfuhome.com\/fr\/wp-json\/wp\/v2\/product"}],"about":[{"href":"https:\/\/erfuhome.com\/fr\/wp-json\/wp\/v2\/types\/product"}],"replies":[{"embeddable":true,"href":"https:\/\/erfuhome.com\/fr\/wp-json\/wp\/v2\/comments?post=91286"}],"version-history":[{"count":1,"href":"https:\/\/erfuhome.com\/fr\/wp-json\/wp\/v2\/product\/91286\/revisions"}],"predecessor-version":[{"id":204344,"href":"https:\/\/erfuhome.com\/fr\/wp-json\/wp\/v2\/product\/91286\/revisions\/204344"}],"wp:featuredmedia":[{"embeddable":true,"href":"https:\/\/erfuhome.com\/fr\/wp-json\/wp\/v2\/media\/55733"}],"wp:attachment":[{"href":"https:\/\/erfuhome.com\/fr\/wp-json\/wp\/v2\/media?parent=91286"}],"wp:term":[{"taxonomy":"product_brand","embeddable":true,"href":"https:\/\/erfuhome.com\/fr\/wp-json\/wp\/v2\/product_brand?post=91286"},{"taxonomy":"product_cat","embeddable":true,"href":"https:\/\/erfuhome.com\/fr\/wp-json\/wp\/v2\/product_cat?post=91286"},{"taxonomy":"product_tag","embeddable":true,"href":"https:\/\/erfuhome.com\/fr\/wp-json\/wp\/v2\/product_tag?post=91286"}],"curies":[{"name":"wp","href":"https:\/\/api.w.org\/{rel}","templated":true}]}}