{"id":91410,"date":"2025-11-07T19:30:07","date_gmt":"2025-11-07T19:30:07","guid":{"rendered":"https:\/\/erfuhome.com\/?post_type=product&#038;p=91410"},"modified":"2026-02-22T00:50:32","modified_gmt":"2026-02-22T00:50:32","slug":"wc-suspendu-teceneo-54-cm-blanc-brillant","status":"publish","type":"product","link":"https:\/\/erfuhome.com\/fr\/produit\/wc-suspendu-teceneo-54-cm-blanc-brillant\/","title":{"rendered":"Teceneo Toilet Suspendu &#8211; 54 Cm &#8211; Blanc Brillant"},"content":{"rendered":"<p><strong>TECE Rimless Water-Saving WC C\u00e9ramique<\/strong><\/p>\n<p>Rimless, water-saving wall-hung WC made of high-quality sanitary C\u00e9ramique (368 \u00d7 365 \u00d7 540 mm) for concealed cisterns. Flexible combination options with seat and lid.<\/p>\n<p><strong>WC C\u00e9ramique features:<\/strong><\/p>\n<ul>\n<li>Deep-rim WC for wall installation, suitable for 6 and 4.5 litre flush volumes<\/li>\n<li>Cyclone Flush technology: powerful and quiet flushing<\/li>\n<li>CeraClean surface for easy cleaning<\/li>\n<li>Compact design (projection: 540 mm)<\/li>\n<li>Concealed wall fixings<\/li>\n<li>Rimless design with integrated splash protection<\/li>\n<li>PreFix technology: moulded fastening for stable seat and lid<\/li>\n<li>Compatible with all TECE shower WC seats<\/li>\n<li>Complies with EN 997<\/li>\n<li>Mat\u00e9riau : sanitary C\u00e9ramique, white<\/li>\n<li>Optimised hygienic design<\/li>\n<\/ul>\n","protected":false},"excerpt":{"rendered":"<p><strong>TECE Rimless Water-Saving WC Ceramic<\/strong><\/p>\n<p>Rimless, water-saving wall-hung WC made of high-quality sanitary ceramic (368 \u00d7 365 \u00d7 540 mm) for concealed cisterns. Flexible combination options with seat and lid.<\/p>\n<p><strong>WC ceramic features:<\/strong><\/p>\n<ul>\n<li>Deep-rim WC for wall installation, suitable for 6 and 4.5 litre flush volumes<\/li>\n<li>Cyclone Flush technology: powerful and quiet flushing<\/li>\n<li>CeraClean surface for easy cleaning<\/li>\n<li>Compact design (projection: 540 mm)<\/li>\n<li>Concealed wall fixings<\/li>\n<li>Rimless design with integrated splash protection<\/li>\n<li>PreFix technology: moulded fastening for stable seat and lid<\/li>\n<li>Compatible with all TECE shower WC seats<\/li>\n<li>Complies with EN 997<\/li>\n<li>Material: sanitary ceramic, white<\/li>\n<li>Optimised hygienic design<\/li>\n<\/ul>\n","protected":false},"featured_media":55933,"comment_status":"open","ping_status":"closed","template":"","meta":[],"product_brand":[],"product_cat":[10604,10772],"product_tag":[],"class_list":{"0":"post-91410","1":"product","2":"type-product","3":"status-publish","4":"has-post-thumbnail","6":"product_cat-sanitaire","7":"product_cat-toilettes-fr","9":"first","10":"instock","11":"sale","12":"taxable","13":"shipping-taxable","14":"purchasable","15":"product-type-simple"},"_links":{"self":[{"href":"https:\/\/erfuhome.com\/fr\/wp-json\/wp\/v2\/product\/91410","targetHints":{"allow":["GET"]}}],"collection":[{"href":"https:\/\/erfuhome.com\/fr\/wp-json\/wp\/v2\/product"}],"about":[{"href":"https:\/\/erfuhome.com\/fr\/wp-json\/wp\/v2\/types\/product"}],"replies":[{"embeddable":true,"href":"https:\/\/erfuhome.com\/fr\/wp-json\/wp\/v2\/comments?post=91410"}],"version-history":[{"count":1,"href":"https:\/\/erfuhome.com\/fr\/wp-json\/wp\/v2\/product\/91410\/revisions"}],"predecessor-version":[{"id":204406,"href":"https:\/\/erfuhome.com\/fr\/wp-json\/wp\/v2\/product\/91410\/revisions\/204406"}],"wp:featuredmedia":[{"embeddable":true,"href":"https:\/\/erfuhome.com\/fr\/wp-json\/wp\/v2\/media\/55933"}],"wp:attachment":[{"href":"https:\/\/erfuhome.com\/fr\/wp-json\/wp\/v2\/media?parent=91410"}],"wp:term":[{"taxonomy":"product_brand","embeddable":true,"href":"https:\/\/erfuhome.com\/fr\/wp-json\/wp\/v2\/product_brand?post=91410"},{"taxonomy":"product_cat","embeddable":true,"href":"https:\/\/erfuhome.com\/fr\/wp-json\/wp\/v2\/product_cat?post=91410"},{"taxonomy":"product_tag","embeddable":true,"href":"https:\/\/erfuhome.com\/fr\/wp-json\/wp\/v2\/product_tag?post=91410"}],"curies":[{"name":"wp","href":"https:\/\/api.w.org\/{rel}","templated":true}]}}